{"id":8482,"date":"2020-04-30T08:57:09","date_gmt":"2020-04-30T08:57:09","guid":{"rendered":"https:\/\/www.junkbusters.dk\/din-kvittering\/"},"modified":"2021-09-21T14:00:17","modified_gmt":"2021-09-21T14:00:17","slug":"din-kvittens","status":"publish","type":"page","link":"https:\/\/dev07.dev.templa.id\/sv\/din-kvittens\/","title":{"rendered":"Kvittens"},"content":{"rendered":"","protected":false},"excerpt":{"rendered":"","protected":false},"author":28,"featured_media":0,"parent":0,"menu_order":0,"comment_status":"closed","ping_status":"closed","template":"page-success.php","meta":{"footnotes":""},"class_list":["post-8482","page","type-page","status-publish","hentry"],"yoast_head":"<!-- This site is optimized with the Yoast SEO plugin v25.2 - https:\/\/yoast.com\/wordpress\/plugins\/seo\/ -->\n<title>Klart! Tack f\u00f6r att du g\u00f6r din best\u00e4llning hos Junkbusters<\/title>\n<meta name=\"description\" content=\"Hitta din orderbekr\u00e4ftelse med all viktig information p\u00e5 ett \u00f6gonblick. Best\u00e4ll snabbt och enkelt online p\u00e5 Junkbusters.\" \/>\n<meta name=\"robots\" content=\"noindex, follow, max-snippet:-1, max-image-preview:large, max-video-preview:-1\" \/>\n<meta property=\"og:locale\" content=\"sv_SE\" \/>\n<meta property=\"og:type\" content=\"article\" \/>\n<meta property=\"og:title\" content=\"Klart! Tack f\u00f6r att du g\u00f6r din best\u00e4llning hos Junkbusters\" \/>\n<meta property=\"og:description\" content=\"Hitta din orderbekr\u00e4ftelse med all viktig information p\u00e5 ett \u00f6gonblick. Best\u00e4ll snabbt och enkelt online p\u00e5 Junkbusters.\" \/>\n<meta property=\"og:url\" content=\"https:\/\/dev07.dev.templa.id\/sv\/din-kvittens\/\" \/>\n<meta property=\"og:site_name\" content=\"Junkbusters\" \/>\n<meta property=\"article:modified_time\" content=\"2021-09-21T14:00:17+00:00\" \/>\n<meta name=\"twitter:card\" content=\"summary_large_image\" \/>\n<script type=\"application\/ld+json\" class=\"yoast-schema-graph\">{\"@context\":\"https:\/\/schema.org\",\"@graph\":[{\"@type\":\"WebPage\",\"@id\":\"https:\/\/dev07.dev.templa.id\/sv\/din-kvittens\/\",\"url\":\"https:\/\/dev07.dev.templa.id\/sv\/din-kvittens\/\",\"name\":\"Klart! Tack f\u00f6r att du g\u00f6r din best\u00e4llning hos Junkbusters\",\"isPartOf\":{\"@id\":\"https:\/\/dev07.dev.templa.id\/#website\"},\"datePublished\":\"2020-04-30T08:57:09+00:00\",\"dateModified\":\"2021-09-21T14:00:17+00:00\",\"description\":\"Hitta din orderbekr\u00e4ftelse med all viktig information p\u00e5 ett \u00f6gonblick. Best\u00e4ll snabbt och enkelt online p\u00e5 Junkbusters.\",\"breadcrumb\":{\"@id\":\"https:\/\/dev07.dev.templa.id\/sv\/din-kvittens\/#breadcrumb\"},\"inLanguage\":\"sv-SE\",\"potentialAction\":[{\"@type\":\"ReadAction\",\"target\":[\"https:\/\/dev07.dev.templa.id\/sv\/din-kvittens\/\"]}]},{\"@type\":\"BreadcrumbList\",\"@id\":\"https:\/\/dev07.dev.templa.id\/sv\/din-kvittens\/#breadcrumb\",\"itemListElement\":[{\"@type\":\"ListItem\",\"position\":1,\"name\":\"Hjem\",\"item\":\"https:\/\/dev07.dev.templa.id\/sv\/\"},{\"@type\":\"ListItem\",\"position\":2,\"name\":\"Kvittens\"}]},{\"@type\":\"WebSite\",\"@id\":\"https:\/\/dev07.dev.templa.id\/#website\",\"url\":\"https:\/\/dev07.dev.templa.id\/\",\"name\":\"Junkbusters\",\"description\":\"Junk made easy\",\"publisher\":{\"@id\":\"https:\/\/dev07.dev.templa.id\/#organization\"},\"potentialAction\":[{\"@type\":\"SearchAction\",\"target\":{\"@type\":\"EntryPoint\",\"urlTemplate\":\"https:\/\/dev07.dev.templa.id\/?s={search_term_string}\"},\"query-input\":{\"@type\":\"PropertyValueSpecification\",\"valueRequired\":true,\"valueName\":\"search_term_string\"}}],\"inLanguage\":\"sv-SE\"},{\"@type\":\"Organization\",\"@id\":\"https:\/\/dev07.dev.templa.id\/#organization\",\"name\":\"Junkbusters\",\"url\":\"https:\/\/dev07.dev.templa.id\/\",\"logo\":{\"@type\":\"ImageObject\",\"inLanguage\":\"sv-SE\",\"@id\":\"https:\/\/dev07.dev.templa.id\/#\/schema\/logo\/image\/\",\"url\":\"https:\/\/dev07.dev.templa.id\/wp-content\/uploads\/2021\/03\/nylogo.svg\",\"contentUrl\":\"https:\/\/dev07.dev.templa.id\/wp-content\/uploads\/2021\/03\/nylogo.svg\",\"width\":173,\"height\":51,\"caption\":\"Junkbusters\"},\"image\":{\"@id\":\"https:\/\/dev07.dev.templa.id\/#\/schema\/logo\/image\/\"}}]}<\/script>\n<!-- \/ Yoast SEO plugin. -->","yoast_head_json":{"title":"Klart! Tack f\u00f6r att du g\u00f6r din best\u00e4llning hos Junkbusters","description":"Hitta din orderbekr\u00e4ftelse med all viktig information p\u00e5 ett \u00f6gonblick. Best\u00e4ll snabbt och enkelt online p\u00e5 Junkbusters.","robots":{"index":"noindex","follow":"follow","max-snippet":"max-snippet:-1","max-image-preview":"max-image-preview:large","max-video-preview":"max-video-preview:-1"},"og_locale":"sv_SE","og_type":"article","og_title":"Klart! Tack f\u00f6r att du g\u00f6r din best\u00e4llning hos Junkbusters","og_description":"Hitta din orderbekr\u00e4ftelse med all viktig information p\u00e5 ett \u00f6gonblick. Best\u00e4ll snabbt och enkelt online p\u00e5 Junkbusters.","og_url":"https:\/\/dev07.dev.templa.id\/sv\/din-kvittens\/","og_site_name":"Junkbusters","article_modified_time":"2021-09-21T14:00:17+00:00","twitter_card":"summary_large_image","schema":{"@context":"https:\/\/schema.org","@graph":[{"@type":"WebPage","@id":"https:\/\/dev07.dev.templa.id\/sv\/din-kvittens\/","url":"https:\/\/dev07.dev.templa.id\/sv\/din-kvittens\/","name":"Klart! Tack f\u00f6r att du g\u00f6r din best\u00e4llning hos Junkbusters","isPartOf":{"@id":"https:\/\/dev07.dev.templa.id\/#website"},"datePublished":"2020-04-30T08:57:09+00:00","dateModified":"2021-09-21T14:00:17+00:00","description":"Hitta din orderbekr\u00e4ftelse med all viktig information p\u00e5 ett \u00f6gonblick. Best\u00e4ll snabbt och enkelt online p\u00e5 Junkbusters.","breadcrumb":{"@id":"https:\/\/dev07.dev.templa.id\/sv\/din-kvittens\/#breadcrumb"},"inLanguage":"sv-SE","potentialAction":[{"@type":"ReadAction","target":["https:\/\/dev07.dev.templa.id\/sv\/din-kvittens\/"]}]},{"@type":"BreadcrumbList","@id":"https:\/\/dev07.dev.templa.id\/sv\/din-kvittens\/#breadcrumb","itemListElement":[{"@type":"ListItem","position":1,"name":"Hjem","item":"https:\/\/dev07.dev.templa.id\/sv\/"},{"@type":"ListItem","position":2,"name":"Kvittens"}]},{"@type":"WebSite","@id":"https:\/\/dev07.dev.templa.id\/#website","url":"https:\/\/dev07.dev.templa.id\/","name":"Junkbusters","description":"Junk made easy","publisher":{"@id":"https:\/\/dev07.dev.templa.id\/#organization"},"potentialAction":[{"@type":"SearchAction","target":{"@type":"EntryPoint","urlTemplate":"https:\/\/dev07.dev.templa.id\/?s={search_term_string}"},"query-input":{"@type":"PropertyValueSpecification","valueRequired":true,"valueName":"search_term_string"}}],"inLanguage":"sv-SE"},{"@type":"Organization","@id":"https:\/\/dev07.dev.templa.id\/#organization","name":"Junkbusters","url":"https:\/\/dev07.dev.templa.id\/","logo":{"@type":"ImageObject","inLanguage":"sv-SE","@id":"https:\/\/dev07.dev.templa.id\/#\/schema\/logo\/image\/","url":"https:\/\/dev07.dev.templa.id\/wp-content\/uploads\/2021\/03\/nylogo.svg","contentUrl":"https:\/\/dev07.dev.templa.id\/wp-content\/uploads\/2021\/03\/nylogo.svg","width":173,"height":51,"caption":"Junkbusters"},"image":{"@id":"https:\/\/dev07.dev.templa.id\/#\/schema\/logo\/image\/"}}]}},"_links":{"self":[{"href":"https:\/\/dev07.dev.templa.id\/sv\/wp-json\/wp\/v2\/pages\/8482","targetHints":{"allow":["GET"]}}],"collection":[{"href":"https:\/\/dev07.dev.templa.id\/sv\/wp-json\/wp\/v2\/pages"}],"about":[{"href":"https:\/\/dev07.dev.templa.id\/sv\/wp-json\/wp\/v2\/types\/page"}],"author":[{"embeddable":true,"href":"https:\/\/dev07.dev.templa.id\/sv\/wp-json\/wp\/v2\/users\/28"}],"replies":[{"embeddable":true,"href":"https:\/\/dev07.dev.templa.id\/sv\/wp-json\/wp\/v2\/comments?post=8482"}],"version-history":[{"count":2,"href":"https:\/\/dev07.dev.templa.id\/sv\/wp-json\/wp\/v2\/pages\/8482\/revisions"}],"predecessor-version":[{"id":9501,"href":"https:\/\/dev07.dev.templa.id\/sv\/wp-json\/wp\/v2\/pages\/8482\/revisions\/9501"}],"wp:attachment":[{"href":"https:\/\/dev07.dev.templa.id\/sv\/wp-json\/wp\/v2\/media?parent=8482"}],"curies":[{"name":"wp","href":"https:\/\/api.w.org\/{rel}","templated":true}]}}