{"id":7062,"date":"2020-06-02T11:56:30","date_gmt":"2020-06-02T11:56:30","guid":{"rendered":"http:\/\/junk.aidup.io\/?page_id=7062"},"modified":"2021-09-21T13:59:31","modified_gmt":"2021-09-21T13:59:31","slug":"bestall-junkbags","status":"publish","type":"page","link":"https:\/\/dev07.dev.templa.id\/sv\/junkbag\/bestall-junkbags\/","title":{"rendered":"Best\u00e4ll Junkbags"},"content":{"rendered":"","protected":false},"excerpt":{"rendered":"","protected":false},"author":28,"featured_media":0,"parent":3610,"menu_order":0,"comment_status":"closed","ping_status":"closed","template":"page-bestil-junkbag.php","meta":{"footnotes":""},"class_list":["post-7062","page","type-page","status-publish","hentry"],"yoast_head":"<!-- This site is optimized with the Yoast SEO plugin v25.2 - https:\/\/yoast.com\/wordpress\/plugins\/seo\/ -->\n<title>K\u00f6p stors\u00e4ck (s.k bigbags) f\u00f6r byggavfall<\/title>\n<meta name=\"description\" content=\"K\u00f6p dina stors\u00e4ckar (\u00e4ven kallat bigbags) hos Junkbusters till bra priser med god service!\" \/>\n<meta name=\"robots\" content=\"noindex, follow\" \/>\n<meta property=\"og:locale\" content=\"sv_SE\" \/>\n<meta property=\"og:type\" content=\"article\" \/>\n<meta property=\"og:title\" content=\"K\u00f6p stors\u00e4ck (s.k bigbags) f\u00f6r byggavfall\" \/>\n<meta property=\"og:description\" content=\"K\u00f6p dina stors\u00e4ckar (\u00e4ven kallat bigbags) hos Junkbusters till bra priser med god service!\" \/>\n<meta property=\"og:url\" content=\"https:\/\/dev07.dev.templa.id\/sv\/junkbag\/bestall-junkbags\/\" \/>\n<meta property=\"og:site_name\" content=\"Junkbusters\" \/>\n<meta property=\"article:modified_time\" content=\"2021-09-21T13:59:31+00:00\" \/>\n<meta name=\"twitter:card\" content=\"summary_large_image\" \/>\n<script type=\"application\/ld+json\" class=\"yoast-schema-graph\">{\"@context\":\"https:\/\/schema.org\",\"@graph\":[{\"@type\":\"WebPage\",\"@id\":\"https:\/\/dev07.dev.templa.id\/sv\/junkbag\/bestall-junkbags\/\",\"url\":\"https:\/\/dev07.dev.templa.id\/sv\/junkbag\/bestall-junkbags\/\",\"name\":\"K\u00f6p stors\u00e4ck (s.k bigbags) f\u00f6r byggavfall\",\"isPartOf\":{\"@id\":\"https:\/\/dev07.dev.templa.id\/#website\"},\"datePublished\":\"2020-06-02T11:56:30+00:00\",\"dateModified\":\"2021-09-21T13:59:31+00:00\",\"description\":\"K\u00f6p dina stors\u00e4ckar (\u00e4ven kallat bigbags) hos Junkbusters till bra priser med god service!\",\"breadcrumb\":{\"@id\":\"https:\/\/dev07.dev.templa.id\/sv\/junkbag\/bestall-junkbags\/#breadcrumb\"},\"inLanguage\":\"sv-SE\",\"potentialAction\":[{\"@type\":\"ReadAction\",\"target\":[\"https:\/\/dev07.dev.templa.id\/sv\/junkbag\/bestall-junkbags\/\"]}]},{\"@type\":\"BreadcrumbList\",\"@id\":\"https:\/\/dev07.dev.templa.id\/sv\/junkbag\/bestall-junkbags\/#breadcrumb\",\"itemListElement\":[{\"@type\":\"ListItem\",\"position\":1,\"name\":\"Hjem\",\"item\":\"https:\/\/dev07.dev.templa.id\/sv\/\"},{\"@type\":\"ListItem\",\"position\":2,\"name\":\"Junkbag\",\"item\":\"https:\/\/dev07.dev.templa.id\/sv\/junkbag\/\"},{\"@type\":\"ListItem\",\"position\":3,\"name\":\"Best\u00e4ll Junkbags\"}]},{\"@type\":\"WebSite\",\"@id\":\"https:\/\/dev07.dev.templa.id\/#website\",\"url\":\"https:\/\/dev07.dev.templa.id\/\",\"name\":\"Junkbusters\",\"description\":\"Junk made easy\",\"publisher\":{\"@id\":\"https:\/\/dev07.dev.templa.id\/#organization\"},\"potentialAction\":[{\"@type\":\"SearchAction\",\"target\":{\"@type\":\"EntryPoint\",\"urlTemplate\":\"https:\/\/dev07.dev.templa.id\/?s={search_term_string}\"},\"query-input\":{\"@type\":\"PropertyValueSpecification\",\"valueRequired\":true,\"valueName\":\"search_term_string\"}}],\"inLanguage\":\"sv-SE\"},{\"@type\":\"Organization\",\"@id\":\"https:\/\/dev07.dev.templa.id\/#organization\",\"name\":\"Junkbusters\",\"url\":\"https:\/\/dev07.dev.templa.id\/\",\"logo\":{\"@type\":\"ImageObject\",\"inLanguage\":\"sv-SE\",\"@id\":\"https:\/\/dev07.dev.templa.id\/#\/schema\/logo\/image\/\",\"url\":\"https:\/\/dev07.dev.templa.id\/wp-content\/uploads\/2021\/03\/nylogo.svg\",\"contentUrl\":\"https:\/\/dev07.dev.templa.id\/wp-content\/uploads\/2021\/03\/nylogo.svg\",\"width\":173,\"height\":51,\"caption\":\"Junkbusters\"},\"image\":{\"@id\":\"https:\/\/dev07.dev.templa.id\/#\/schema\/logo\/image\/\"}}]}<\/script>\n<!-- \/ Yoast SEO plugin. -->","yoast_head_json":{"title":"K\u00f6p stors\u00e4ck (s.k bigbags) f\u00f6r byggavfall","description":"K\u00f6p dina stors\u00e4ckar (\u00e4ven kallat bigbags) hos Junkbusters till bra priser med god service!","robots":{"index":"noindex","follow":"follow"},"og_locale":"sv_SE","og_type":"article","og_title":"K\u00f6p stors\u00e4ck (s.k bigbags) f\u00f6r byggavfall","og_description":"K\u00f6p dina stors\u00e4ckar (\u00e4ven kallat bigbags) hos Junkbusters till bra priser med god service!","og_url":"https:\/\/dev07.dev.templa.id\/sv\/junkbag\/bestall-junkbags\/","og_site_name":"Junkbusters","article_modified_time":"2021-09-21T13:59:31+00:00","twitter_card":"summary_large_image","schema":{"@context":"https:\/\/schema.org","@graph":[{"@type":"WebPage","@id":"https:\/\/dev07.dev.templa.id\/sv\/junkbag\/bestall-junkbags\/","url":"https:\/\/dev07.dev.templa.id\/sv\/junkbag\/bestall-junkbags\/","name":"K\u00f6p stors\u00e4ck (s.k bigbags) f\u00f6r byggavfall","isPartOf":{"@id":"https:\/\/dev07.dev.templa.id\/#website"},"datePublished":"2020-06-02T11:56:30+00:00","dateModified":"2021-09-21T13:59:31+00:00","description":"K\u00f6p dina stors\u00e4ckar (\u00e4ven kallat bigbags) hos Junkbusters till bra priser med god service!","breadcrumb":{"@id":"https:\/\/dev07.dev.templa.id\/sv\/junkbag\/bestall-junkbags\/#breadcrumb"},"inLanguage":"sv-SE","potentialAction":[{"@type":"ReadAction","target":["https:\/\/dev07.dev.templa.id\/sv\/junkbag\/bestall-junkbags\/"]}]},{"@type":"BreadcrumbList","@id":"https:\/\/dev07.dev.templa.id\/sv\/junkbag\/bestall-junkbags\/#breadcrumb","itemListElement":[{"@type":"ListItem","position":1,"name":"Hjem","item":"https:\/\/dev07.dev.templa.id\/sv\/"},{"@type":"ListItem","position":2,"name":"Junkbag","item":"https:\/\/dev07.dev.templa.id\/sv\/junkbag\/"},{"@type":"ListItem","position":3,"name":"Best\u00e4ll Junkbags"}]},{"@type":"WebSite","@id":"https:\/\/dev07.dev.templa.id\/#website","url":"https:\/\/dev07.dev.templa.id\/","name":"Junkbusters","description":"Junk made easy","publisher":{"@id":"https:\/\/dev07.dev.templa.id\/#organization"},"potentialAction":[{"@type":"SearchAction","target":{"@type":"EntryPoint","urlTemplate":"https:\/\/dev07.dev.templa.id\/?s={search_term_string}"},"query-input":{"@type":"PropertyValueSpecification","valueRequired":true,"valueName":"search_term_string"}}],"inLanguage":"sv-SE"},{"@type":"Organization","@id":"https:\/\/dev07.dev.templa.id\/#organization","name":"Junkbusters","url":"https:\/\/dev07.dev.templa.id\/","logo":{"@type":"ImageObject","inLanguage":"sv-SE","@id":"https:\/\/dev07.dev.templa.id\/#\/schema\/logo\/image\/","url":"https:\/\/dev07.dev.templa.id\/wp-content\/uploads\/2021\/03\/nylogo.svg","contentUrl":"https:\/\/dev07.dev.templa.id\/wp-content\/uploads\/2021\/03\/nylogo.svg","width":173,"height":51,"caption":"Junkbusters"},"image":{"@id":"https:\/\/dev07.dev.templa.id\/#\/schema\/logo\/image\/"}}]}},"_links":{"self":[{"href":"https:\/\/dev07.dev.templa.id\/sv\/wp-json\/wp\/v2\/pages\/7062","targetHints":{"allow":["GET"]}}],"collection":[{"href":"https:\/\/dev07.dev.templa.id\/sv\/wp-json\/wp\/v2\/pages"}],"about":[{"href":"https:\/\/dev07.dev.templa.id\/sv\/wp-json\/wp\/v2\/types\/page"}],"author":[{"embeddable":true,"href":"https:\/\/dev07.dev.templa.id\/sv\/wp-json\/wp\/v2\/users\/28"}],"replies":[{"embeddable":true,"href":"https:\/\/dev07.dev.templa.id\/sv\/wp-json\/wp\/v2\/comments?post=7062"}],"version-history":[{"count":9,"href":"https:\/\/dev07.dev.templa.id\/sv\/wp-json\/wp\/v2\/pages\/7062\/revisions"}],"predecessor-version":[{"id":9784,"href":"https:\/\/dev07.dev.templa.id\/sv\/wp-json\/wp\/v2\/pages\/7062\/revisions\/9784"}],"up":[{"embeddable":true,"href":"https:\/\/dev07.dev.templa.id\/sv\/wp-json\/wp\/v2\/pages\/3610"}],"wp:attachment":[{"href":"https:\/\/dev07.dev.templa.id\/sv\/wp-json\/wp\/v2\/media?parent=7062"}],"curies":[{"name":"wp","href":"https:\/\/api.w.org\/{rel}","templated":true}]}}