{"id":7050,"date":"2020-06-02T11:53:10","date_gmt":"2020-06-02T11:53:10","guid":{"rendered":"http:\/\/junk.aidup.io\/?page_id=7050"},"modified":"2021-09-21T13:09:05","modified_gmt":"2021-09-21T13:09:05","slug":"bestall","status":"publish","type":"page","link":"https:\/\/dev07.dev.templa.id\/sv\/container\/bestall\/","title":{"rendered":"Best\u00e4ll container"},"content":{"rendered":"","protected":false},"excerpt":{"rendered":"","protected":false},"author":28,"featured_media":3454,"parent":3617,"menu_order":0,"comment_status":"closed","ping_status":"closed","template":"page-bestil-container.php","meta":{"footnotes":""},"class_list":["post-7050","page","type-page","status-publish","has-post-thumbnail","hentry"],"yoast_head":"<!-- This site is optimized with the Yoast SEO plugin v25.2 - https:\/\/yoast.com\/wordpress\/plugins\/seo\/ -->\n<title>Best\u00e4ll container f\u00f6r grovavfallet<\/title>\n<meta name=\"description\" content=\"Det ska vara l\u00e4tt att best\u00e4lla en avfallscontainer! Hos Junkbusters best\u00e4ller du smidigt till bra priser med korta leveranstider!\" \/>\n<meta name=\"robots\" content=\"noindex, follow\" \/>\n<meta property=\"og:locale\" content=\"sv_SE\" \/>\n<meta property=\"og:type\" content=\"article\" \/>\n<meta property=\"og:title\" content=\"Best\u00e4ll container f\u00f6r grovavfallet\" \/>\n<meta property=\"og:description\" content=\"Det ska vara l\u00e4tt att best\u00e4lla en avfallscontainer! Hos Junkbusters best\u00e4ller du smidigt till bra priser med korta leveranstider!\" \/>\n<meta property=\"og:url\" content=\"https:\/\/dev07.dev.templa.id\/sv\/container\/bestall\/\" \/>\n<meta property=\"og:site_name\" content=\"Junkbusters\" \/>\n<meta property=\"article:modified_time\" content=\"2021-09-21T13:09:05+00:00\" \/>\n<meta property=\"og:image\" content=\"https:\/\/dev07.dev.templa.id\/wp-content\/uploads\/2019\/05\/img_thumb_container.png\" \/>\n\t<meta property=\"og:image:width\" content=\"192\" \/>\n\t<meta property=\"og:image:height\" content=\"132\" \/>\n\t<meta property=\"og:image:type\" content=\"image\/png\" \/>\n<meta name=\"twitter:card\" content=\"summary_large_image\" \/>\n<script type=\"application\/ld+json\" class=\"yoast-schema-graph\">{\"@context\":\"https:\/\/schema.org\",\"@graph\":[{\"@type\":\"WebPage\",\"@id\":\"https:\/\/dev07.dev.templa.id\/sv\/container\/bestall\/\",\"url\":\"https:\/\/dev07.dev.templa.id\/sv\/container\/bestall\/\",\"name\":\"Best\u00e4ll container f\u00f6r grovavfallet\",\"isPartOf\":{\"@id\":\"https:\/\/dev07.dev.templa.id\/#website\"},\"primaryImageOfPage\":{\"@id\":\"https:\/\/dev07.dev.templa.id\/sv\/container\/bestall\/#primaryimage\"},\"image\":{\"@id\":\"https:\/\/dev07.dev.templa.id\/sv\/container\/bestall\/#primaryimage\"},\"thumbnailUrl\":\"https:\/\/dev07.dev.templa.id\/wp-content\/uploads\/2019\/05\/img_thumb_container.png\",\"datePublished\":\"2020-06-02T11:53:10+00:00\",\"dateModified\":\"2021-09-21T13:09:05+00:00\",\"description\":\"Det ska vara l\u00e4tt att best\u00e4lla en avfallscontainer! Hos Junkbusters best\u00e4ller du smidigt till bra priser med korta leveranstider!\",\"breadcrumb\":{\"@id\":\"https:\/\/dev07.dev.templa.id\/sv\/container\/bestall\/#breadcrumb\"},\"inLanguage\":\"sv-SE\",\"potentialAction\":[{\"@type\":\"ReadAction\",\"target\":[\"https:\/\/dev07.dev.templa.id\/sv\/container\/bestall\/\"]}]},{\"@type\":\"ImageObject\",\"inLanguage\":\"sv-SE\",\"@id\":\"https:\/\/dev07.dev.templa.id\/sv\/container\/bestall\/#primaryimage\",\"url\":\"https:\/\/dev07.dev.templa.id\/wp-content\/uploads\/2019\/05\/img_thumb_container.png\",\"contentUrl\":\"https:\/\/dev07.dev.templa.id\/wp-content\/uploads\/2019\/05\/img_thumb_container.png\",\"width\":192,\"height\":132},{\"@type\":\"BreadcrumbList\",\"@id\":\"https:\/\/dev07.dev.templa.id\/sv\/container\/bestall\/#breadcrumb\",\"itemListElement\":[{\"@type\":\"ListItem\",\"position\":1,\"name\":\"Hjem\",\"item\":\"https:\/\/dev07.dev.templa.id\/sv\/\"},{\"@type\":\"ListItem\",\"position\":2,\"name\":\"Container\",\"item\":\"https:\/\/dev07.dev.templa.id\/sv\/container\/\"},{\"@type\":\"ListItem\",\"position\":3,\"name\":\"Best\u00e4ll container\"}]},{\"@type\":\"WebSite\",\"@id\":\"https:\/\/dev07.dev.templa.id\/#website\",\"url\":\"https:\/\/dev07.dev.templa.id\/\",\"name\":\"Junkbusters\",\"description\":\"Junk made easy\",\"publisher\":{\"@id\":\"https:\/\/dev07.dev.templa.id\/#organization\"},\"potentialAction\":[{\"@type\":\"SearchAction\",\"target\":{\"@type\":\"EntryPoint\",\"urlTemplate\":\"https:\/\/dev07.dev.templa.id\/?s={search_term_string}\"},\"query-input\":{\"@type\":\"PropertyValueSpecification\",\"valueRequired\":true,\"valueName\":\"search_term_string\"}}],\"inLanguage\":\"sv-SE\"},{\"@type\":\"Organization\",\"@id\":\"https:\/\/dev07.dev.templa.id\/#organization\",\"name\":\"Junkbusters\",\"url\":\"https:\/\/dev07.dev.templa.id\/\",\"logo\":{\"@type\":\"ImageObject\",\"inLanguage\":\"sv-SE\",\"@id\":\"https:\/\/dev07.dev.templa.id\/#\/schema\/logo\/image\/\",\"url\":\"https:\/\/dev07.dev.templa.id\/wp-content\/uploads\/2021\/03\/nylogo.svg\",\"contentUrl\":\"https:\/\/dev07.dev.templa.id\/wp-content\/uploads\/2021\/03\/nylogo.svg\",\"width\":173,\"height\":51,\"caption\":\"Junkbusters\"},\"image\":{\"@id\":\"https:\/\/dev07.dev.templa.id\/#\/schema\/logo\/image\/\"}}]}<\/script>\n<!-- \/ Yoast SEO plugin. -->","yoast_head_json":{"title":"Best\u00e4ll container f\u00f6r grovavfallet","description":"Det ska vara l\u00e4tt att best\u00e4lla en avfallscontainer! Hos Junkbusters best\u00e4ller du smidigt till bra priser med korta leveranstider!","robots":{"index":"noindex","follow":"follow"},"og_locale":"sv_SE","og_type":"article","og_title":"Best\u00e4ll container f\u00f6r grovavfallet","og_description":"Det ska vara l\u00e4tt att best\u00e4lla en avfallscontainer! Hos Junkbusters best\u00e4ller du smidigt till bra priser med korta leveranstider!","og_url":"https:\/\/dev07.dev.templa.id\/sv\/container\/bestall\/","og_site_name":"Junkbusters","article_modified_time":"2021-09-21T13:09:05+00:00","og_image":[{"width":192,"height":132,"url":"https:\/\/dev07.dev.templa.id\/wp-content\/uploads\/2019\/05\/img_thumb_container.png","type":"image\/png"}],"twitter_card":"summary_large_image","schema":{"@context":"https:\/\/schema.org","@graph":[{"@type":"WebPage","@id":"https:\/\/dev07.dev.templa.id\/sv\/container\/bestall\/","url":"https:\/\/dev07.dev.templa.id\/sv\/container\/bestall\/","name":"Best\u00e4ll container f\u00f6r grovavfallet","isPartOf":{"@id":"https:\/\/dev07.dev.templa.id\/#website"},"primaryImageOfPage":{"@id":"https:\/\/dev07.dev.templa.id\/sv\/container\/bestall\/#primaryimage"},"image":{"@id":"https:\/\/dev07.dev.templa.id\/sv\/container\/bestall\/#primaryimage"},"thumbnailUrl":"https:\/\/dev07.dev.templa.id\/wp-content\/uploads\/2019\/05\/img_thumb_container.png","datePublished":"2020-06-02T11:53:10+00:00","dateModified":"2021-09-21T13:09:05+00:00","description":"Det ska vara l\u00e4tt att best\u00e4lla en avfallscontainer! Hos Junkbusters best\u00e4ller du smidigt till bra priser med korta leveranstider!","breadcrumb":{"@id":"https:\/\/dev07.dev.templa.id\/sv\/container\/bestall\/#breadcrumb"},"inLanguage":"sv-SE","potentialAction":[{"@type":"ReadAction","target":["https:\/\/dev07.dev.templa.id\/sv\/container\/bestall\/"]}]},{"@type":"ImageObject","inLanguage":"sv-SE","@id":"https:\/\/dev07.dev.templa.id\/sv\/container\/bestall\/#primaryimage","url":"https:\/\/dev07.dev.templa.id\/wp-content\/uploads\/2019\/05\/img_thumb_container.png","contentUrl":"https:\/\/dev07.dev.templa.id\/wp-content\/uploads\/2019\/05\/img_thumb_container.png","width":192,"height":132},{"@type":"BreadcrumbList","@id":"https:\/\/dev07.dev.templa.id\/sv\/container\/bestall\/#breadcrumb","itemListElement":[{"@type":"ListItem","position":1,"name":"Hjem","item":"https:\/\/dev07.dev.templa.id\/sv\/"},{"@type":"ListItem","position":2,"name":"Container","item":"https:\/\/dev07.dev.templa.id\/sv\/container\/"},{"@type":"ListItem","position":3,"name":"Best\u00e4ll container"}]},{"@type":"WebSite","@id":"https:\/\/dev07.dev.templa.id\/#website","url":"https:\/\/dev07.dev.templa.id\/","name":"Junkbusters","description":"Junk made easy","publisher":{"@id":"https:\/\/dev07.dev.templa.id\/#organization"},"potentialAction":[{"@type":"SearchAction","target":{"@type":"EntryPoint","urlTemplate":"https:\/\/dev07.dev.templa.id\/?s={search_term_string}"},"query-input":{"@type":"PropertyValueSpecification","valueRequired":true,"valueName":"search_term_string"}}],"inLanguage":"sv-SE"},{"@type":"Organization","@id":"https:\/\/dev07.dev.templa.id\/#organization","name":"Junkbusters","url":"https:\/\/dev07.dev.templa.id\/","logo":{"@type":"ImageObject","inLanguage":"sv-SE","@id":"https:\/\/dev07.dev.templa.id\/#\/schema\/logo\/image\/","url":"https:\/\/dev07.dev.templa.id\/wp-content\/uploads\/2021\/03\/nylogo.svg","contentUrl":"https:\/\/dev07.dev.templa.id\/wp-content\/uploads\/2021\/03\/nylogo.svg","width":173,"height":51,"caption":"Junkbusters"},"image":{"@id":"https:\/\/dev07.dev.templa.id\/#\/schema\/logo\/image\/"}}]}},"_links":{"self":[{"href":"https:\/\/dev07.dev.templa.id\/sv\/wp-json\/wp\/v2\/pages\/7050","targetHints":{"allow":["GET"]}}],"collection":[{"href":"https:\/\/dev07.dev.templa.id\/sv\/wp-json\/wp\/v2\/pages"}],"about":[{"href":"https:\/\/dev07.dev.templa.id\/sv\/wp-json\/wp\/v2\/types\/page"}],"author":[{"embeddable":true,"href":"https:\/\/dev07.dev.templa.id\/sv\/wp-json\/wp\/v2\/users\/28"}],"replies":[{"embeddable":true,"href":"https:\/\/dev07.dev.templa.id\/sv\/wp-json\/wp\/v2\/comments?post=7050"}],"version-history":[{"count":8,"href":"https:\/\/dev07.dev.templa.id\/sv\/wp-json\/wp\/v2\/pages\/7050\/revisions"}],"predecessor-version":[{"id":9766,"href":"https:\/\/dev07.dev.templa.id\/sv\/wp-json\/wp\/v2\/pages\/7050\/revisions\/9766"}],"up":[{"embeddable":true,"href":"https:\/\/dev07.dev.templa.id\/sv\/wp-json\/wp\/v2\/pages\/3617"}],"wp:featuredmedia":[{"embeddable":true,"href":"https:\/\/dev07.dev.templa.id\/sv\/wp-json\/wp\/v2\/media\/3454"}],"wp:attachment":[{"href":"https:\/\/dev07.dev.templa.id\/sv\/wp-json\/wp\/v2\/media?parent=7050"}],"curies":[{"name":"wp","href":"https:\/\/api.w.org\/{rel}","templated":true}]}}