{"id":7045,"date":"2020-06-02T11:51:30","date_gmt":"2020-06-02T11:51:30","guid":{"rendered":"http:\/\/junk.aidup.io\/?page_id=7045"},"modified":"2021-09-21T13:54:15","modified_gmt":"2021-09-21T13:54:15","slug":"bestall-skraeptaxi","status":"publish","type":"page","link":"https:\/\/dev07.dev.templa.id\/sv\/grovsopor\/bestall-skraeptaxi\/","title":{"rendered":"Best\u00e4ll Skr\u00e4ptaxi"},"content":{"rendered":"","protected":false},"excerpt":{"rendered":"","protected":false},"author":28,"featured_media":3657,"parent":3613,"menu_order":0,"comment_status":"closed","ping_status":"closed","template":"page-bestil-junktruck.php","meta":{"footnotes":""},"class_list":["post-7045","page","type-page","status-publish","has-post-thumbnail","hentry"],"yoast_head":"<!-- This site is optimized with the Yoast SEO plugin v25.2 - https:\/\/yoast.com\/wordpress\/plugins\/seo\/ -->\n<title>F\u00f6rfr\u00e5gan om best\u00e4llning av h\u00e4mtning<\/title>\n<meta name=\"description\" content=\"Skicka din f\u00f6rfr\u00e5gan s\u00e5 kontaktar vi dig s\u00e5 snart som m\u00f6jligt f\u00f6r att h\u00f6ra om dina behov och se hur vi kan bist\u00e5 dig\" \/>\n<meta name=\"robots\" content=\"noindex, follow\" \/>\n<meta property=\"og:locale\" content=\"sv_SE\" \/>\n<meta property=\"og:type\" content=\"article\" \/>\n<meta property=\"og:title\" content=\"F\u00f6rfr\u00e5gan om best\u00e4llning av h\u00e4mtning\" \/>\n<meta property=\"og:description\" content=\"Skicka din f\u00f6rfr\u00e5gan s\u00e5 kontaktar vi dig s\u00e5 snart som m\u00f6jligt f\u00f6r att h\u00f6ra om dina behov och se hur vi kan bist\u00e5 dig\" \/>\n<meta property=\"og:url\" content=\"https:\/\/dev07.dev.templa.id\/sv\/grovsopor\/bestall-skraeptaxi\/\" \/>\n<meta property=\"og:site_name\" content=\"Junkbusters\" \/>\n<meta property=\"article:modified_time\" content=\"2021-09-21T13:54:15+00:00\" \/>\n<meta property=\"og:image\" content=\"https:\/\/dev07.dev.templa.id\/wp-content\/uploads\/2019\/05\/img_thumb_junktruck.png\" \/>\n\t<meta property=\"og:image:width\" content=\"162\" \/>\n\t<meta property=\"og:image:height\" content=\"146\" \/>\n\t<meta property=\"og:image:type\" content=\"image\/png\" \/>\n<meta name=\"twitter:card\" content=\"summary_large_image\" \/>\n<script type=\"application\/ld+json\" class=\"yoast-schema-graph\">{\"@context\":\"https:\/\/schema.org\",\"@graph\":[{\"@type\":\"WebPage\",\"@id\":\"https:\/\/dev07.dev.templa.id\/sv\/grovsopor\/bestall-skraeptaxi\/\",\"url\":\"https:\/\/dev07.dev.templa.id\/sv\/grovsopor\/bestall-skraeptaxi\/\",\"name\":\"F\u00f6rfr\u00e5gan om best\u00e4llning av h\u00e4mtning\",\"isPartOf\":{\"@id\":\"https:\/\/dev07.dev.templa.id\/#website\"},\"primaryImageOfPage\":{\"@id\":\"https:\/\/dev07.dev.templa.id\/sv\/grovsopor\/bestall-skraeptaxi\/#primaryimage\"},\"image\":{\"@id\":\"https:\/\/dev07.dev.templa.id\/sv\/grovsopor\/bestall-skraeptaxi\/#primaryimage\"},\"thumbnailUrl\":\"https:\/\/dev07.dev.templa.id\/wp-content\/uploads\/2019\/05\/img_thumb_junktruck.png\",\"datePublished\":\"2020-06-02T11:51:30+00:00\",\"dateModified\":\"2021-09-21T13:54:15+00:00\",\"description\":\"Skicka din f\u00f6rfr\u00e5gan s\u00e5 kontaktar vi dig s\u00e5 snart som m\u00f6jligt f\u00f6r att h\u00f6ra om dina behov och se hur vi kan bist\u00e5 dig\",\"breadcrumb\":{\"@id\":\"https:\/\/dev07.dev.templa.id\/sv\/grovsopor\/bestall-skraeptaxi\/#breadcrumb\"},\"inLanguage\":\"sv-SE\",\"potentialAction\":[{\"@type\":\"ReadAction\",\"target\":[\"https:\/\/dev07.dev.templa.id\/sv\/grovsopor\/bestall-skraeptaxi\/\"]}]},{\"@type\":\"ImageObject\",\"inLanguage\":\"sv-SE\",\"@id\":\"https:\/\/dev07.dev.templa.id\/sv\/grovsopor\/bestall-skraeptaxi\/#primaryimage\",\"url\":\"https:\/\/dev07.dev.templa.id\/wp-content\/uploads\/2019\/05\/img_thumb_junktruck.png\",\"contentUrl\":\"https:\/\/dev07.dev.templa.id\/wp-content\/uploads\/2019\/05\/img_thumb_junktruck.png\",\"width\":162,\"height\":146},{\"@type\":\"BreadcrumbList\",\"@id\":\"https:\/\/dev07.dev.templa.id\/sv\/grovsopor\/bestall-skraeptaxi\/#breadcrumb\",\"itemListElement\":[{\"@type\":\"ListItem\",\"position\":1,\"name\":\"Hjem\",\"item\":\"https:\/\/dev07.dev.templa.id\/sv\/\"},{\"@type\":\"ListItem\",\"position\":2,\"name\":\"Grovsopor\",\"item\":\"https:\/\/dev07.dev.templa.id\/sv\/grovsopor\/\"},{\"@type\":\"ListItem\",\"position\":3,\"name\":\"Best\u00e4ll Skr\u00e4ptaxi\"}]},{\"@type\":\"WebSite\",\"@id\":\"https:\/\/dev07.dev.templa.id\/#website\",\"url\":\"https:\/\/dev07.dev.templa.id\/\",\"name\":\"Junkbusters\",\"description\":\"Junk made easy\",\"publisher\":{\"@id\":\"https:\/\/dev07.dev.templa.id\/#organization\"},\"potentialAction\":[{\"@type\":\"SearchAction\",\"target\":{\"@type\":\"EntryPoint\",\"urlTemplate\":\"https:\/\/dev07.dev.templa.id\/?s={search_term_string}\"},\"query-input\":{\"@type\":\"PropertyValueSpecification\",\"valueRequired\":true,\"valueName\":\"search_term_string\"}}],\"inLanguage\":\"sv-SE\"},{\"@type\":\"Organization\",\"@id\":\"https:\/\/dev07.dev.templa.id\/#organization\",\"name\":\"Junkbusters\",\"url\":\"https:\/\/dev07.dev.templa.id\/\",\"logo\":{\"@type\":\"ImageObject\",\"inLanguage\":\"sv-SE\",\"@id\":\"https:\/\/dev07.dev.templa.id\/#\/schema\/logo\/image\/\",\"url\":\"https:\/\/dev07.dev.templa.id\/wp-content\/uploads\/2021\/03\/nylogo.svg\",\"contentUrl\":\"https:\/\/dev07.dev.templa.id\/wp-content\/uploads\/2021\/03\/nylogo.svg\",\"width\":173,\"height\":51,\"caption\":\"Junkbusters\"},\"image\":{\"@id\":\"https:\/\/dev07.dev.templa.id\/#\/schema\/logo\/image\/\"}}]}<\/script>\n<!-- \/ Yoast SEO plugin. -->","yoast_head_json":{"title":"F\u00f6rfr\u00e5gan om best\u00e4llning av h\u00e4mtning","description":"Skicka din f\u00f6rfr\u00e5gan s\u00e5 kontaktar vi dig s\u00e5 snart som m\u00f6jligt f\u00f6r att h\u00f6ra om dina behov och se hur vi kan bist\u00e5 dig","robots":{"index":"noindex","follow":"follow"},"og_locale":"sv_SE","og_type":"article","og_title":"F\u00f6rfr\u00e5gan om best\u00e4llning av h\u00e4mtning","og_description":"Skicka din f\u00f6rfr\u00e5gan s\u00e5 kontaktar vi dig s\u00e5 snart som m\u00f6jligt f\u00f6r att h\u00f6ra om dina behov och se hur vi kan bist\u00e5 dig","og_url":"https:\/\/dev07.dev.templa.id\/sv\/grovsopor\/bestall-skraeptaxi\/","og_site_name":"Junkbusters","article_modified_time":"2021-09-21T13:54:15+00:00","og_image":[{"width":162,"height":146,"url":"https:\/\/dev07.dev.templa.id\/wp-content\/uploads\/2019\/05\/img_thumb_junktruck.png","type":"image\/png"}],"twitter_card":"summary_large_image","schema":{"@context":"https:\/\/schema.org","@graph":[{"@type":"WebPage","@id":"https:\/\/dev07.dev.templa.id\/sv\/grovsopor\/bestall-skraeptaxi\/","url":"https:\/\/dev07.dev.templa.id\/sv\/grovsopor\/bestall-skraeptaxi\/","name":"F\u00f6rfr\u00e5gan om best\u00e4llning av h\u00e4mtning","isPartOf":{"@id":"https:\/\/dev07.dev.templa.id\/#website"},"primaryImageOfPage":{"@id":"https:\/\/dev07.dev.templa.id\/sv\/grovsopor\/bestall-skraeptaxi\/#primaryimage"},"image":{"@id":"https:\/\/dev07.dev.templa.id\/sv\/grovsopor\/bestall-skraeptaxi\/#primaryimage"},"thumbnailUrl":"https:\/\/dev07.dev.templa.id\/wp-content\/uploads\/2019\/05\/img_thumb_junktruck.png","datePublished":"2020-06-02T11:51:30+00:00","dateModified":"2021-09-21T13:54:15+00:00","description":"Skicka din f\u00f6rfr\u00e5gan s\u00e5 kontaktar vi dig s\u00e5 snart som m\u00f6jligt f\u00f6r att h\u00f6ra om dina behov och se hur vi kan bist\u00e5 dig","breadcrumb":{"@id":"https:\/\/dev07.dev.templa.id\/sv\/grovsopor\/bestall-skraeptaxi\/#breadcrumb"},"inLanguage":"sv-SE","potentialAction":[{"@type":"ReadAction","target":["https:\/\/dev07.dev.templa.id\/sv\/grovsopor\/bestall-skraeptaxi\/"]}]},{"@type":"ImageObject","inLanguage":"sv-SE","@id":"https:\/\/dev07.dev.templa.id\/sv\/grovsopor\/bestall-skraeptaxi\/#primaryimage","url":"https:\/\/dev07.dev.templa.id\/wp-content\/uploads\/2019\/05\/img_thumb_junktruck.png","contentUrl":"https:\/\/dev07.dev.templa.id\/wp-content\/uploads\/2019\/05\/img_thumb_junktruck.png","width":162,"height":146},{"@type":"BreadcrumbList","@id":"https:\/\/dev07.dev.templa.id\/sv\/grovsopor\/bestall-skraeptaxi\/#breadcrumb","itemListElement":[{"@type":"ListItem","position":1,"name":"Hjem","item":"https:\/\/dev07.dev.templa.id\/sv\/"},{"@type":"ListItem","position":2,"name":"Grovsopor","item":"https:\/\/dev07.dev.templa.id\/sv\/grovsopor\/"},{"@type":"ListItem","position":3,"name":"Best\u00e4ll Skr\u00e4ptaxi"}]},{"@type":"WebSite","@id":"https:\/\/dev07.dev.templa.id\/#website","url":"https:\/\/dev07.dev.templa.id\/","name":"Junkbusters","description":"Junk made easy","publisher":{"@id":"https:\/\/dev07.dev.templa.id\/#organization"},"potentialAction":[{"@type":"SearchAction","target":{"@type":"EntryPoint","urlTemplate":"https:\/\/dev07.dev.templa.id\/?s={search_term_string}"},"query-input":{"@type":"PropertyValueSpecification","valueRequired":true,"valueName":"search_term_string"}}],"inLanguage":"sv-SE"},{"@type":"Organization","@id":"https:\/\/dev07.dev.templa.id\/#organization","name":"Junkbusters","url":"https:\/\/dev07.dev.templa.id\/","logo":{"@type":"ImageObject","inLanguage":"sv-SE","@id":"https:\/\/dev07.dev.templa.id\/#\/schema\/logo\/image\/","url":"https:\/\/dev07.dev.templa.id\/wp-content\/uploads\/2021\/03\/nylogo.svg","contentUrl":"https:\/\/dev07.dev.templa.id\/wp-content\/uploads\/2021\/03\/nylogo.svg","width":173,"height":51,"caption":"Junkbusters"},"image":{"@id":"https:\/\/dev07.dev.templa.id\/#\/schema\/logo\/image\/"}}]}},"_links":{"self":[{"href":"https:\/\/dev07.dev.templa.id\/sv\/wp-json\/wp\/v2\/pages\/7045","targetHints":{"allow":["GET"]}}],"collection":[{"href":"https:\/\/dev07.dev.templa.id\/sv\/wp-json\/wp\/v2\/pages"}],"about":[{"href":"https:\/\/dev07.dev.templa.id\/sv\/wp-json\/wp\/v2\/types\/page"}],"author":[{"embeddable":true,"href":"https:\/\/dev07.dev.templa.id\/sv\/wp-json\/wp\/v2\/users\/28"}],"replies":[{"embeddable":true,"href":"https:\/\/dev07.dev.templa.id\/sv\/wp-json\/wp\/v2\/comments?post=7045"}],"version-history":[{"count":7,"href":"https:\/\/dev07.dev.templa.id\/sv\/wp-json\/wp\/v2\/pages\/7045\/revisions"}],"predecessor-version":[{"id":9600,"href":"https:\/\/dev07.dev.templa.id\/sv\/wp-json\/wp\/v2\/pages\/7045\/revisions\/9600"}],"up":[{"embeddable":true,"href":"https:\/\/dev07.dev.templa.id\/sv\/wp-json\/wp\/v2\/pages\/3613"}],"wp:featuredmedia":[{"embeddable":true,"href":"https:\/\/dev07.dev.templa.id\/sv\/wp-json\/wp\/v2\/media\/3657"}],"wp:attachment":[{"href":"https:\/\/dev07.dev.templa.id\/sv\/wp-json\/wp\/v2\/media?parent=7045"}],"curies":[{"name":"wp","href":"https:\/\/api.w.org\/{rel}","templated":true}]}}