{"id":5475,"date":"2020-01-22T11:01:56","date_gmt":"2020-01-22T11:01:56","guid":{"rendered":"https:\/\/wp144.wp.dev.n0ll.dk\/?page_id=5475"},"modified":"2021-09-21T13:55:18","modified_gmt":"2021-09-21T13:55:18","slug":"grovsopor-malmo","status":"publish","type":"page","link":"https:\/\/dev07.dev.templa.id\/sv\/grovsopor\/grovsopor-malmo\/","title":{"rendered":"Grovsopor i Malm\u00f6"},"content":{"rendered":"","protected":false},"excerpt":{"rendered":"","protected":false},"author":28,"featured_media":0,"parent":3613,"menu_order":0,"comment_status":"closed","ping_status":"closed","template":"","meta":{"footnotes":""},"class_list":["post-5475","page","type-page","status-publish","hentry"],"yoast_head":"<!-- This site is optimized with the Yoast SEO plugin v25.2 - https:\/\/yoast.com\/wordpress\/plugins\/seo\/ -->\n<title>Grovsopor i Malm\u00f6 \u2013 Junkbusters grovsoph\u00e4mtning<\/title>\n<meta name=\"description\" content=\"Smidigt och prisv\u00e4rt. Vi h\u00e4mtar ditt skr\u00e4p och dina grovsopor i Stockholm, G\u00f6teborg och Malm\u00f6. Beh\u00f6ver du sl\u00e4nga m\u00f6bler? Inga problem vi h\u00e4mtar dina m\u00f6bler!\" \/>\n<meta name=\"robots\" content=\"noindex, follow, max-snippet:-1, max-image-preview:large, max-video-preview:-1\" \/>\n<meta property=\"og:locale\" content=\"sv_SE\" \/>\n<meta property=\"og:type\" content=\"article\" \/>\n<meta property=\"og:title\" content=\"Grovsopor i Malm\u00f6 \u2013 Junkbusters grovsoph\u00e4mtning\" \/>\n<meta property=\"og:description\" content=\"Smidigt och prisv\u00e4rt. Vi h\u00e4mtar ditt skr\u00e4p och dina grovsopor i Stockholm, G\u00f6teborg och Malm\u00f6. Beh\u00f6ver du sl\u00e4nga m\u00f6bler? Inga problem vi h\u00e4mtar dina m\u00f6bler!\" \/>\n<meta property=\"og:url\" content=\"https:\/\/dev07.dev.templa.id\/sv\/grovsopor\/grovsopor-malmo\/\" \/>\n<meta property=\"og:site_name\" content=\"Junkbusters\" \/>\n<meta property=\"article:modified_time\" content=\"2021-09-21T13:55:18+00:00\" \/>\n<meta name=\"twitter:card\" content=\"summary_large_image\" \/>\n<script type=\"application\/ld+json\" class=\"yoast-schema-graph\">{\"@context\":\"https:\/\/schema.org\",\"@graph\":[{\"@type\":\"WebPage\",\"@id\":\"https:\/\/dev07.dev.templa.id\/sv\/grovsopor\/grovsopor-malmo\/\",\"url\":\"https:\/\/dev07.dev.templa.id\/sv\/grovsopor\/grovsopor-malmo\/\",\"name\":\"Grovsopor i Malm\u00f6 \u2013 Junkbusters grovsoph\u00e4mtning\",\"isPartOf\":{\"@id\":\"https:\/\/dev07.dev.templa.id\/#website\"},\"datePublished\":\"2020-01-22T11:01:56+00:00\",\"dateModified\":\"2021-09-21T13:55:18+00:00\",\"description\":\"Smidigt och prisv\u00e4rt. Vi h\u00e4mtar ditt skr\u00e4p och dina grovsopor i Stockholm, G\u00f6teborg och Malm\u00f6. Beh\u00f6ver du sl\u00e4nga m\u00f6bler? Inga problem vi h\u00e4mtar dina m\u00f6bler!\",\"breadcrumb\":{\"@id\":\"https:\/\/dev07.dev.templa.id\/sv\/grovsopor\/grovsopor-malmo\/#breadcrumb\"},\"inLanguage\":\"sv-SE\",\"potentialAction\":[{\"@type\":\"ReadAction\",\"target\":[\"https:\/\/dev07.dev.templa.id\/sv\/grovsopor\/grovsopor-malmo\/\"]}]},{\"@type\":\"BreadcrumbList\",\"@id\":\"https:\/\/dev07.dev.templa.id\/sv\/grovsopor\/grovsopor-malmo\/#breadcrumb\",\"itemListElement\":[{\"@type\":\"ListItem\",\"position\":1,\"name\":\"Hjem\",\"item\":\"https:\/\/dev07.dev.templa.id\/sv\/\"},{\"@type\":\"ListItem\",\"position\":2,\"name\":\"Grovsopor\",\"item\":\"https:\/\/dev07.dev.templa.id\/sv\/grovsopor\/\"},{\"@type\":\"ListItem\",\"position\":3,\"name\":\"Grovsopor i Malm\u00f6\"}]},{\"@type\":\"WebSite\",\"@id\":\"https:\/\/dev07.dev.templa.id\/#website\",\"url\":\"https:\/\/dev07.dev.templa.id\/\",\"name\":\"Junkbusters\",\"description\":\"Junk made easy\",\"publisher\":{\"@id\":\"https:\/\/dev07.dev.templa.id\/#organization\"},\"potentialAction\":[{\"@type\":\"SearchAction\",\"target\":{\"@type\":\"EntryPoint\",\"urlTemplate\":\"https:\/\/dev07.dev.templa.id\/?s={search_term_string}\"},\"query-input\":{\"@type\":\"PropertyValueSpecification\",\"valueRequired\":true,\"valueName\":\"search_term_string\"}}],\"inLanguage\":\"sv-SE\"},{\"@type\":\"Organization\",\"@id\":\"https:\/\/dev07.dev.templa.id\/#organization\",\"name\":\"Junkbusters\",\"url\":\"https:\/\/dev07.dev.templa.id\/\",\"logo\":{\"@type\":\"ImageObject\",\"inLanguage\":\"sv-SE\",\"@id\":\"https:\/\/dev07.dev.templa.id\/#\/schema\/logo\/image\/\",\"url\":\"https:\/\/dev07.dev.templa.id\/wp-content\/uploads\/2021\/03\/nylogo.svg\",\"contentUrl\":\"https:\/\/dev07.dev.templa.id\/wp-content\/uploads\/2021\/03\/nylogo.svg\",\"width\":173,\"height\":51,\"caption\":\"Junkbusters\"},\"image\":{\"@id\":\"https:\/\/dev07.dev.templa.id\/#\/schema\/logo\/image\/\"}}]}<\/script>\n<!-- \/ Yoast SEO plugin. -->","yoast_head_json":{"title":"Grovsopor i Malm\u00f6 \u2013 Junkbusters grovsoph\u00e4mtning","description":"Smidigt och prisv\u00e4rt. Vi h\u00e4mtar ditt skr\u00e4p och dina grovsopor i Stockholm, G\u00f6teborg och Malm\u00f6. Beh\u00f6ver du sl\u00e4nga m\u00f6bler? Inga problem vi h\u00e4mtar dina m\u00f6bler!","robots":{"index":"noindex","follow":"follow","max-snippet":"max-snippet:-1","max-image-preview":"max-image-preview:large","max-video-preview":"max-video-preview:-1"},"og_locale":"sv_SE","og_type":"article","og_title":"Grovsopor i Malm\u00f6 \u2013 Junkbusters grovsoph\u00e4mtning","og_description":"Smidigt och prisv\u00e4rt. Vi h\u00e4mtar ditt skr\u00e4p och dina grovsopor i Stockholm, G\u00f6teborg och Malm\u00f6. Beh\u00f6ver du sl\u00e4nga m\u00f6bler? Inga problem vi h\u00e4mtar dina m\u00f6bler!","og_url":"https:\/\/dev07.dev.templa.id\/sv\/grovsopor\/grovsopor-malmo\/","og_site_name":"Junkbusters","article_modified_time":"2021-09-21T13:55:18+00:00","twitter_card":"summary_large_image","schema":{"@context":"https:\/\/schema.org","@graph":[{"@type":"WebPage","@id":"https:\/\/dev07.dev.templa.id\/sv\/grovsopor\/grovsopor-malmo\/","url":"https:\/\/dev07.dev.templa.id\/sv\/grovsopor\/grovsopor-malmo\/","name":"Grovsopor i Malm\u00f6 \u2013 Junkbusters grovsoph\u00e4mtning","isPartOf":{"@id":"https:\/\/dev07.dev.templa.id\/#website"},"datePublished":"2020-01-22T11:01:56+00:00","dateModified":"2021-09-21T13:55:18+00:00","description":"Smidigt och prisv\u00e4rt. Vi h\u00e4mtar ditt skr\u00e4p och dina grovsopor i Stockholm, G\u00f6teborg och Malm\u00f6. Beh\u00f6ver du sl\u00e4nga m\u00f6bler? Inga problem vi h\u00e4mtar dina m\u00f6bler!","breadcrumb":{"@id":"https:\/\/dev07.dev.templa.id\/sv\/grovsopor\/grovsopor-malmo\/#breadcrumb"},"inLanguage":"sv-SE","potentialAction":[{"@type":"ReadAction","target":["https:\/\/dev07.dev.templa.id\/sv\/grovsopor\/grovsopor-malmo\/"]}]},{"@type":"BreadcrumbList","@id":"https:\/\/dev07.dev.templa.id\/sv\/grovsopor\/grovsopor-malmo\/#breadcrumb","itemListElement":[{"@type":"ListItem","position":1,"name":"Hjem","item":"https:\/\/dev07.dev.templa.id\/sv\/"},{"@type":"ListItem","position":2,"name":"Grovsopor","item":"https:\/\/dev07.dev.templa.id\/sv\/grovsopor\/"},{"@type":"ListItem","position":3,"name":"Grovsopor i Malm\u00f6"}]},{"@type":"WebSite","@id":"https:\/\/dev07.dev.templa.id\/#website","url":"https:\/\/dev07.dev.templa.id\/","name":"Junkbusters","description":"Junk made easy","publisher":{"@id":"https:\/\/dev07.dev.templa.id\/#organization"},"potentialAction":[{"@type":"SearchAction","target":{"@type":"EntryPoint","urlTemplate":"https:\/\/dev07.dev.templa.id\/?s={search_term_string}"},"query-input":{"@type":"PropertyValueSpecification","valueRequired":true,"valueName":"search_term_string"}}],"inLanguage":"sv-SE"},{"@type":"Organization","@id":"https:\/\/dev07.dev.templa.id\/#organization","name":"Junkbusters","url":"https:\/\/dev07.dev.templa.id\/","logo":{"@type":"ImageObject","inLanguage":"sv-SE","@id":"https:\/\/dev07.dev.templa.id\/#\/schema\/logo\/image\/","url":"https:\/\/dev07.dev.templa.id\/wp-content\/uploads\/2021\/03\/nylogo.svg","contentUrl":"https:\/\/dev07.dev.templa.id\/wp-content\/uploads\/2021\/03\/nylogo.svg","width":173,"height":51,"caption":"Junkbusters"},"image":{"@id":"https:\/\/dev07.dev.templa.id\/#\/schema\/logo\/image\/"}}]}},"_links":{"self":[{"href":"https:\/\/dev07.dev.templa.id\/sv\/wp-json\/wp\/v2\/pages\/5475","targetHints":{"allow":["GET"]}}],"collection":[{"href":"https:\/\/dev07.dev.templa.id\/sv\/wp-json\/wp\/v2\/pages"}],"about":[{"href":"https:\/\/dev07.dev.templa.id\/sv\/wp-json\/wp\/v2\/types\/page"}],"author":[{"embeddable":true,"href":"https:\/\/dev07.dev.templa.id\/sv\/wp-json\/wp\/v2\/users\/28"}],"replies":[{"embeddable":true,"href":"https:\/\/dev07.dev.templa.id\/sv\/wp-json\/wp\/v2\/comments?post=5475"}],"version-history":[{"count":7,"href":"https:\/\/dev07.dev.templa.id\/sv\/wp-json\/wp\/v2\/pages\/5475\/revisions"}],"predecessor-version":[{"id":9905,"href":"https:\/\/dev07.dev.templa.id\/sv\/wp-json\/wp\/v2\/pages\/5475\/revisions\/9905"}],"up":[{"embeddable":true,"href":"https:\/\/dev07.dev.templa.id\/sv\/wp-json\/wp\/v2\/pages\/3613"}],"wp:attachment":[{"href":"https:\/\/dev07.dev.templa.id\/sv\/wp-json\/wp\/v2\/media?parent=5475"}],"curies":[{"name":"wp","href":"https:\/\/api.w.org\/{rel}","templated":true}]}}