{"id":5446,"date":"2020-01-22T09:36:07","date_gmt":"2020-01-22T09:36:07","guid":{"rendered":"https:\/\/wp144.wp.dev.n0ll.dk\/?page_id=5446"},"modified":"2021-09-21T14:04:07","modified_gmt":"2021-09-21T14:04:07","slug":"goteborg","status":"publish","type":"page","link":"https:\/\/dev07.dev.templa.id\/sv\/om-junkbusters\/tackningsomraden\/goteborg\/","title":{"rendered":"G\u00f6teborg"},"content":{"rendered":"","protected":false},"excerpt":{"rendered":"","protected":false},"author":28,"featured_media":0,"parent":4056,"menu_order":0,"comment_status":"closed","ping_status":"closed","template":"","meta":{"footnotes":""},"class_list":["post-5446","page","type-page","status-publish","hentry"],"yoast_head":"<!-- This site is optimized with the Yoast SEO plugin v25.2 - https:\/\/yoast.com\/wordpress\/plugins\/seo\/ -->\n<title>G\u00f6teborg avfallstj\u00e4nster | Junkbusters<\/title>\n<meta name=\"description\" content=\"I G\u00f6teborg med omnejd erbjuder Junkbusters avfallshantering genom containers, b\u00e5de liftdumpers och lastv\u00e4xlare\" \/>\n<meta name=\"robots\" content=\"noindex, follow, max-snippet:-1, max-image-preview:large, max-video-preview:-1\" \/>\n<meta property=\"og:locale\" content=\"sv_SE\" \/>\n<meta property=\"og:type\" content=\"article\" \/>\n<meta property=\"og:title\" content=\"G\u00f6teborg avfallstj\u00e4nster | Junkbusters\" \/>\n<meta property=\"og:description\" content=\"I G\u00f6teborg med omnejd erbjuder Junkbusters avfallshantering genom containers, b\u00e5de liftdumpers och lastv\u00e4xlare\" \/>\n<meta property=\"og:url\" content=\"https:\/\/dev07.dev.templa.id\/sv\/om-junkbusters\/tackningsomraden\/goteborg\/\" \/>\n<meta property=\"og:site_name\" content=\"Junkbusters\" \/>\n<meta property=\"article:modified_time\" content=\"2021-09-21T14:04:07+00:00\" \/>\n<meta name=\"twitter:card\" content=\"summary_large_image\" \/>\n<script type=\"application\/ld+json\" class=\"yoast-schema-graph\">{\"@context\":\"https:\/\/schema.org\",\"@graph\":[{\"@type\":\"WebPage\",\"@id\":\"https:\/\/dev07.dev.templa.id\/sv\/om-junkbusters\/tackningsomraden\/goteborg\/\",\"url\":\"https:\/\/dev07.dev.templa.id\/sv\/om-junkbusters\/tackningsomraden\/goteborg\/\",\"name\":\"G\u00f6teborg avfallstj\u00e4nster | Junkbusters\",\"isPartOf\":{\"@id\":\"https:\/\/dev07.dev.templa.id\/#website\"},\"datePublished\":\"2020-01-22T09:36:07+00:00\",\"dateModified\":\"2021-09-21T14:04:07+00:00\",\"description\":\"I G\u00f6teborg med omnejd erbjuder Junkbusters avfallshantering genom containers, b\u00e5de liftdumpers och lastv\u00e4xlare\",\"breadcrumb\":{\"@id\":\"https:\/\/dev07.dev.templa.id\/sv\/om-junkbusters\/tackningsomraden\/goteborg\/#breadcrumb\"},\"inLanguage\":\"sv-SE\",\"potentialAction\":[{\"@type\":\"ReadAction\",\"target\":[\"https:\/\/dev07.dev.templa.id\/sv\/om-junkbusters\/tackningsomraden\/goteborg\/\"]}]},{\"@type\":\"BreadcrumbList\",\"@id\":\"https:\/\/dev07.dev.templa.id\/sv\/om-junkbusters\/tackningsomraden\/goteborg\/#breadcrumb\",\"itemListElement\":[{\"@type\":\"ListItem\",\"position\":1,\"name\":\"Hjem\",\"item\":\"https:\/\/dev07.dev.templa.id\/sv\/\"},{\"@type\":\"ListItem\",\"position\":2,\"name\":\"Om Junkbusters\",\"item\":\"https:\/\/dev07.dev.templa.id\/sv\/om-junkbusters\/\"},{\"@type\":\"ListItem\",\"position\":3,\"name\":\"T\u00e4ckningsomr\u00e5den\",\"item\":\"https:\/\/dev07.dev.templa.id\/sv\/om-junkbusters\/tackningsomraden\/\"},{\"@type\":\"ListItem\",\"position\":4,\"name\":\"G\u00f6teborg\"}]},{\"@type\":\"WebSite\",\"@id\":\"https:\/\/dev07.dev.templa.id\/#website\",\"url\":\"https:\/\/dev07.dev.templa.id\/\",\"name\":\"Junkbusters\",\"description\":\"Junk made easy\",\"publisher\":{\"@id\":\"https:\/\/dev07.dev.templa.id\/#organization\"},\"potentialAction\":[{\"@type\":\"SearchAction\",\"target\":{\"@type\":\"EntryPoint\",\"urlTemplate\":\"https:\/\/dev07.dev.templa.id\/?s={search_term_string}\"},\"query-input\":{\"@type\":\"PropertyValueSpecification\",\"valueRequired\":true,\"valueName\":\"search_term_string\"}}],\"inLanguage\":\"sv-SE\"},{\"@type\":\"Organization\",\"@id\":\"https:\/\/dev07.dev.templa.id\/#organization\",\"name\":\"Junkbusters\",\"url\":\"https:\/\/dev07.dev.templa.id\/\",\"logo\":{\"@type\":\"ImageObject\",\"inLanguage\":\"sv-SE\",\"@id\":\"https:\/\/dev07.dev.templa.id\/#\/schema\/logo\/image\/\",\"url\":\"https:\/\/dev07.dev.templa.id\/wp-content\/uploads\/2021\/03\/nylogo.svg\",\"contentUrl\":\"https:\/\/dev07.dev.templa.id\/wp-content\/uploads\/2021\/03\/nylogo.svg\",\"width\":173,\"height\":51,\"caption\":\"Junkbusters\"},\"image\":{\"@id\":\"https:\/\/dev07.dev.templa.id\/#\/schema\/logo\/image\/\"}}]}<\/script>\n<!-- \/ Yoast SEO plugin. -->","yoast_head_json":{"title":"G\u00f6teborg avfallstj\u00e4nster | Junkbusters","description":"I G\u00f6teborg med omnejd erbjuder Junkbusters avfallshantering genom containers, b\u00e5de liftdumpers och lastv\u00e4xlare","robots":{"index":"noindex","follow":"follow","max-snippet":"max-snippet:-1","max-image-preview":"max-image-preview:large","max-video-preview":"max-video-preview:-1"},"og_locale":"sv_SE","og_type":"article","og_title":"G\u00f6teborg avfallstj\u00e4nster | Junkbusters","og_description":"I G\u00f6teborg med omnejd erbjuder Junkbusters avfallshantering genom containers, b\u00e5de liftdumpers och lastv\u00e4xlare","og_url":"https:\/\/dev07.dev.templa.id\/sv\/om-junkbusters\/tackningsomraden\/goteborg\/","og_site_name":"Junkbusters","article_modified_time":"2021-09-21T14:04:07+00:00","twitter_card":"summary_large_image","schema":{"@context":"https:\/\/schema.org","@graph":[{"@type":"WebPage","@id":"https:\/\/dev07.dev.templa.id\/sv\/om-junkbusters\/tackningsomraden\/goteborg\/","url":"https:\/\/dev07.dev.templa.id\/sv\/om-junkbusters\/tackningsomraden\/goteborg\/","name":"G\u00f6teborg avfallstj\u00e4nster | Junkbusters","isPartOf":{"@id":"https:\/\/dev07.dev.templa.id\/#website"},"datePublished":"2020-01-22T09:36:07+00:00","dateModified":"2021-09-21T14:04:07+00:00","description":"I G\u00f6teborg med omnejd erbjuder Junkbusters avfallshantering genom containers, b\u00e5de liftdumpers och lastv\u00e4xlare","breadcrumb":{"@id":"https:\/\/dev07.dev.templa.id\/sv\/om-junkbusters\/tackningsomraden\/goteborg\/#breadcrumb"},"inLanguage":"sv-SE","potentialAction":[{"@type":"ReadAction","target":["https:\/\/dev07.dev.templa.id\/sv\/om-junkbusters\/tackningsomraden\/goteborg\/"]}]},{"@type":"BreadcrumbList","@id":"https:\/\/dev07.dev.templa.id\/sv\/om-junkbusters\/tackningsomraden\/goteborg\/#breadcrumb","itemListElement":[{"@type":"ListItem","position":1,"name":"Hjem","item":"https:\/\/dev07.dev.templa.id\/sv\/"},{"@type":"ListItem","position":2,"name":"Om Junkbusters","item":"https:\/\/dev07.dev.templa.id\/sv\/om-junkbusters\/"},{"@type":"ListItem","position":3,"name":"T\u00e4ckningsomr\u00e5den","item":"https:\/\/dev07.dev.templa.id\/sv\/om-junkbusters\/tackningsomraden\/"},{"@type":"ListItem","position":4,"name":"G\u00f6teborg"}]},{"@type":"WebSite","@id":"https:\/\/dev07.dev.templa.id\/#website","url":"https:\/\/dev07.dev.templa.id\/","name":"Junkbusters","description":"Junk made easy","publisher":{"@id":"https:\/\/dev07.dev.templa.id\/#organization"},"potentialAction":[{"@type":"SearchAction","target":{"@type":"EntryPoint","urlTemplate":"https:\/\/dev07.dev.templa.id\/?s={search_term_string}"},"query-input":{"@type":"PropertyValueSpecification","valueRequired":true,"valueName":"search_term_string"}}],"inLanguage":"sv-SE"},{"@type":"Organization","@id":"https:\/\/dev07.dev.templa.id\/#organization","name":"Junkbusters","url":"https:\/\/dev07.dev.templa.id\/","logo":{"@type":"ImageObject","inLanguage":"sv-SE","@id":"https:\/\/dev07.dev.templa.id\/#\/schema\/logo\/image\/","url":"https:\/\/dev07.dev.templa.id\/wp-content\/uploads\/2021\/03\/nylogo.svg","contentUrl":"https:\/\/dev07.dev.templa.id\/wp-content\/uploads\/2021\/03\/nylogo.svg","width":173,"height":51,"caption":"Junkbusters"},"image":{"@id":"https:\/\/dev07.dev.templa.id\/#\/schema\/logo\/image\/"}}]}},"_links":{"self":[{"href":"https:\/\/dev07.dev.templa.id\/sv\/wp-json\/wp\/v2\/pages\/5446","targetHints":{"allow":["GET"]}}],"collection":[{"href":"https:\/\/dev07.dev.templa.id\/sv\/wp-json\/wp\/v2\/pages"}],"about":[{"href":"https:\/\/dev07.dev.templa.id\/sv\/wp-json\/wp\/v2\/types\/page"}],"author":[{"embeddable":true,"href":"https:\/\/dev07.dev.templa.id\/sv\/wp-json\/wp\/v2\/users\/28"}],"replies":[{"embeddable":true,"href":"https:\/\/dev07.dev.templa.id\/sv\/wp-json\/wp\/v2\/comments?post=5446"}],"version-history":[{"count":8,"href":"https:\/\/dev07.dev.templa.id\/sv\/wp-json\/wp\/v2\/pages\/5446\/revisions"}],"predecessor-version":[{"id":9899,"href":"https:\/\/dev07.dev.templa.id\/sv\/wp-json\/wp\/v2\/pages\/5446\/revisions\/9899"}],"up":[{"embeddable":true,"href":"https:\/\/dev07.dev.templa.id\/sv\/wp-json\/wp\/v2\/pages\/4056"}],"wp:attachment":[{"href":"https:\/\/dev07.dev.templa.id\/sv\/wp-json\/wp\/v2\/media?parent=5446"}],"curies":[{"name":"wp","href":"https:\/\/api.w.org\/{rel}","templated":true}]}}