{"id":4342,"date":"2019-05-22T09:28:15","date_gmt":"2019-05-22T09:28:15","guid":{"rendered":"https:\/\/wp144.wp.dev.n0ll.dk\/ressourcer\/"},"modified":"2021-09-21T13:03:47","modified_gmt":"2021-09-21T13:03:47","slug":"ressourcer","status":"publish","type":"page","link":"https:\/\/dev07.dev.templa.id\/sv\/ressourcer\/","title":{"rendered":"A-Z \/ Ressourcer"},"content":{"rendered":"\r\n<p>Om du s\u00f6ker n\u00e5got s\u00e4rskilt kan du s\u00f6ka efter alla sidor som finns p\u00e5 hemsidan genom att klicka p\u00e5 begynnelsebokstaven f\u00f6r ordet du s\u00f6ker.<\/p>\r\n","protected":false},"excerpt":{"rendered":"<p>Om du s\u00f6ker n\u00e5got s\u00e4rskilt kan du s\u00f6ka efter alla sidor som finns p\u00e5 hemsidan genom att klicka p\u00e5 begynnelsebokstaven f\u00f6r ordet du s\u00f6ker.<\/p>\n","protected":false},"author":28,"featured_media":0,"parent":0,"menu_order":0,"comment_status":"closed","ping_status":"closed","template":"page-resources.php","meta":{"footnotes":""},"class_list":["post-4342","page","type-page","status-publish","hentry"],"yoast_head":"<!-- This site is optimized with the Yoast SEO plugin v25.2 - https:\/\/yoast.com\/wordpress\/plugins\/seo\/ -->\n<title>Allt om avfallshantering och \u00e5tervinning p\u00e5 Junkbusters.se<\/title>\n<meta name=\"description\" content=\"Fr\u00e5n A-Z \u2013 Ta reda p\u00e5 allt om v\u00e5ra avfallsl\u00f6sningar, vilka typer av avfall vi tar hand om \u00e5t dig och mycket mer.\" \/>\n<meta name=\"robots\" content=\"noindex, follow, max-snippet:-1, max-image-preview:large, max-video-preview:-1\" \/>\n<meta property=\"og:locale\" content=\"sv_SE\" \/>\n<meta property=\"og:type\" content=\"article\" \/>\n<meta property=\"og:title\" content=\"Allt om avfallshantering och \u00e5tervinning p\u00e5 Junkbusters.se\" \/>\n<meta property=\"og:description\" content=\"Fr\u00e5n A-Z \u2013 Ta reda p\u00e5 allt om v\u00e5ra avfallsl\u00f6sningar, vilka typer av avfall vi tar hand om \u00e5t dig och mycket mer.\" \/>\n<meta property=\"og:url\" content=\"https:\/\/dev07.dev.templa.id\/sv\/ressourcer\/\" \/>\n<meta property=\"og:site_name\" content=\"Junkbusters\" \/>\n<meta property=\"article:modified_time\" content=\"2021-09-21T13:03:47+00:00\" \/>\n<meta name=\"twitter:card\" content=\"summary_large_image\" \/>\n<script type=\"application\/ld+json\" class=\"yoast-schema-graph\">{\"@context\":\"https:\/\/schema.org\",\"@graph\":[{\"@type\":\"WebPage\",\"@id\":\"https:\/\/dev07.dev.templa.id\/sv\/ressourcer\/\",\"url\":\"https:\/\/dev07.dev.templa.id\/sv\/ressourcer\/\",\"name\":\"Allt om avfallshantering och \u00e5tervinning p\u00e5 Junkbusters.se\",\"isPartOf\":{\"@id\":\"https:\/\/dev07.dev.templa.id\/#website\"},\"datePublished\":\"2019-05-22T09:28:15+00:00\",\"dateModified\":\"2021-09-21T13:03:47+00:00\",\"description\":\"Fr\u00e5n A-Z \u2013 Ta reda p\u00e5 allt om v\u00e5ra avfallsl\u00f6sningar, vilka typer av avfall vi tar hand om \u00e5t dig och mycket mer.\",\"breadcrumb\":{\"@id\":\"https:\/\/dev07.dev.templa.id\/sv\/ressourcer\/#breadcrumb\"},\"inLanguage\":\"sv-SE\",\"potentialAction\":[{\"@type\":\"ReadAction\",\"target\":[\"https:\/\/dev07.dev.templa.id\/sv\/ressourcer\/\"]}]},{\"@type\":\"BreadcrumbList\",\"@id\":\"https:\/\/dev07.dev.templa.id\/sv\/ressourcer\/#breadcrumb\",\"itemListElement\":[{\"@type\":\"ListItem\",\"position\":1,\"name\":\"Hjem\",\"item\":\"https:\/\/dev07.dev.templa.id\/sv\/\"},{\"@type\":\"ListItem\",\"position\":2,\"name\":\"A-Z \/ Ressourcer\"}]},{\"@type\":\"WebSite\",\"@id\":\"https:\/\/dev07.dev.templa.id\/#website\",\"url\":\"https:\/\/dev07.dev.templa.id\/\",\"name\":\"Junkbusters\",\"description\":\"Junk made easy\",\"publisher\":{\"@id\":\"https:\/\/dev07.dev.templa.id\/#organization\"},\"potentialAction\":[{\"@type\":\"SearchAction\",\"target\":{\"@type\":\"EntryPoint\",\"urlTemplate\":\"https:\/\/dev07.dev.templa.id\/?s={search_term_string}\"},\"query-input\":{\"@type\":\"PropertyValueSpecification\",\"valueRequired\":true,\"valueName\":\"search_term_string\"}}],\"inLanguage\":\"sv-SE\"},{\"@type\":\"Organization\",\"@id\":\"https:\/\/dev07.dev.templa.id\/#organization\",\"name\":\"Junkbusters\",\"url\":\"https:\/\/dev07.dev.templa.id\/\",\"logo\":{\"@type\":\"ImageObject\",\"inLanguage\":\"sv-SE\",\"@id\":\"https:\/\/dev07.dev.templa.id\/#\/schema\/logo\/image\/\",\"url\":\"https:\/\/dev07.dev.templa.id\/wp-content\/uploads\/2021\/03\/nylogo.svg\",\"contentUrl\":\"https:\/\/dev07.dev.templa.id\/wp-content\/uploads\/2021\/03\/nylogo.svg\",\"width\":173,\"height\":51,\"caption\":\"Junkbusters\"},\"image\":{\"@id\":\"https:\/\/dev07.dev.templa.id\/#\/schema\/logo\/image\/\"}}]}<\/script>\n<!-- \/ Yoast SEO plugin. -->","yoast_head_json":{"title":"Allt om avfallshantering och \u00e5tervinning p\u00e5 Junkbusters.se","description":"Fr\u00e5n A-Z \u2013 Ta reda p\u00e5 allt om v\u00e5ra avfallsl\u00f6sningar, vilka typer av avfall vi tar hand om \u00e5t dig och mycket mer.","robots":{"index":"noindex","follow":"follow","max-snippet":"max-snippet:-1","max-image-preview":"max-image-preview:large","max-video-preview":"max-video-preview:-1"},"og_locale":"sv_SE","og_type":"article","og_title":"Allt om avfallshantering och \u00e5tervinning p\u00e5 Junkbusters.se","og_description":"Fr\u00e5n A-Z \u2013 Ta reda p\u00e5 allt om v\u00e5ra avfallsl\u00f6sningar, vilka typer av avfall vi tar hand om \u00e5t dig och mycket mer.","og_url":"https:\/\/dev07.dev.templa.id\/sv\/ressourcer\/","og_site_name":"Junkbusters","article_modified_time":"2021-09-21T13:03:47+00:00","twitter_card":"summary_large_image","schema":{"@context":"https:\/\/schema.org","@graph":[{"@type":"WebPage","@id":"https:\/\/dev07.dev.templa.id\/sv\/ressourcer\/","url":"https:\/\/dev07.dev.templa.id\/sv\/ressourcer\/","name":"Allt om avfallshantering och \u00e5tervinning p\u00e5 Junkbusters.se","isPartOf":{"@id":"https:\/\/dev07.dev.templa.id\/#website"},"datePublished":"2019-05-22T09:28:15+00:00","dateModified":"2021-09-21T13:03:47+00:00","description":"Fr\u00e5n A-Z \u2013 Ta reda p\u00e5 allt om v\u00e5ra avfallsl\u00f6sningar, vilka typer av avfall vi tar hand om \u00e5t dig och mycket mer.","breadcrumb":{"@id":"https:\/\/dev07.dev.templa.id\/sv\/ressourcer\/#breadcrumb"},"inLanguage":"sv-SE","potentialAction":[{"@type":"ReadAction","target":["https:\/\/dev07.dev.templa.id\/sv\/ressourcer\/"]}]},{"@type":"BreadcrumbList","@id":"https:\/\/dev07.dev.templa.id\/sv\/ressourcer\/#breadcrumb","itemListElement":[{"@type":"ListItem","position":1,"name":"Hjem","item":"https:\/\/dev07.dev.templa.id\/sv\/"},{"@type":"ListItem","position":2,"name":"A-Z \/ Ressourcer"}]},{"@type":"WebSite","@id":"https:\/\/dev07.dev.templa.id\/#website","url":"https:\/\/dev07.dev.templa.id\/","name":"Junkbusters","description":"Junk made easy","publisher":{"@id":"https:\/\/dev07.dev.templa.id\/#organization"},"potentialAction":[{"@type":"SearchAction","target":{"@type":"EntryPoint","urlTemplate":"https:\/\/dev07.dev.templa.id\/?s={search_term_string}"},"query-input":{"@type":"PropertyValueSpecification","valueRequired":true,"valueName":"search_term_string"}}],"inLanguage":"sv-SE"},{"@type":"Organization","@id":"https:\/\/dev07.dev.templa.id\/#organization","name":"Junkbusters","url":"https:\/\/dev07.dev.templa.id\/","logo":{"@type":"ImageObject","inLanguage":"sv-SE","@id":"https:\/\/dev07.dev.templa.id\/#\/schema\/logo\/image\/","url":"https:\/\/dev07.dev.templa.id\/wp-content\/uploads\/2021\/03\/nylogo.svg","contentUrl":"https:\/\/dev07.dev.templa.id\/wp-content\/uploads\/2021\/03\/nylogo.svg","width":173,"height":51,"caption":"Junkbusters"},"image":{"@id":"https:\/\/dev07.dev.templa.id\/#\/schema\/logo\/image\/"}}]}},"_links":{"self":[{"href":"https:\/\/dev07.dev.templa.id\/sv\/wp-json\/wp\/v2\/pages\/4342","targetHints":{"allow":["GET"]}}],"collection":[{"href":"https:\/\/dev07.dev.templa.id\/sv\/wp-json\/wp\/v2\/pages"}],"about":[{"href":"https:\/\/dev07.dev.templa.id\/sv\/wp-json\/wp\/v2\/types\/page"}],"author":[{"embeddable":true,"href":"https:\/\/dev07.dev.templa.id\/sv\/wp-json\/wp\/v2\/users\/28"}],"replies":[{"embeddable":true,"href":"https:\/\/dev07.dev.templa.id\/sv\/wp-json\/wp\/v2\/comments?post=4342"}],"version-history":[{"count":3,"href":"https:\/\/dev07.dev.templa.id\/sv\/wp-json\/wp\/v2\/pages\/4342\/revisions"}],"predecessor-version":[{"id":6076,"href":"https:\/\/dev07.dev.templa.id\/sv\/wp-json\/wp\/v2\/pages\/4342\/revisions\/6076"}],"wp:attachment":[{"href":"https:\/\/dev07.dev.templa.id\/sv\/wp-json\/wp\/v2\/media?parent=4342"}],"curies":[{"name":"wp","href":"https:\/\/api.w.org\/{rel}","templated":true}]}}