{"id":4139,"date":"2019-08-27T07:54:18","date_gmt":"2019-08-27T07:54:18","guid":{"rendered":"https:\/\/wp144.wp.dev.n0ll.dk\/kontoraffald\/"},"modified":"2021-09-21T14:06:20","modified_gmt":"2021-09-21T14:06:20","slug":"tomning-av-kontor","status":"publish","type":"page","link":"https:\/\/dev07.dev.templa.id\/sv\/tomning-av-kontor\/","title":{"rendered":"T\u00f6mning av kontor"},"content":{"rendered":"","protected":false},"excerpt":{"rendered":"","protected":false},"author":28,"featured_media":0,"parent":0,"menu_order":0,"comment_status":"closed","ping_status":"closed","template":"","meta":{"footnotes":""},"class_list":["post-4139","page","type-page","status-publish","hentry"],"yoast_head":"<!-- This site is optimized with the Yoast SEO plugin v25.2 - https:\/\/yoast.com\/wordpress\/plugins\/seo\/ -->\n<title>T\u00f6mning och skr\u00e4ph\u00e4mtning f\u00f6r kontor med Junkbusters<\/title>\n<meta name=\"description\" content=\"Beh\u00f6ver ni bli av med skr\u00e4p, m\u00f6bler eller grovavfall p\u00e5 kontoret? Junkbusters h\u00e4mtar allt fr\u00e5n kontorsmaterial , inventarier, grovsopor och elavfall.\" \/>\n<meta name=\"robots\" content=\"noindex, follow, max-snippet:-1, max-image-preview:large, max-video-preview:-1\" \/>\n<meta property=\"og:locale\" content=\"sv_SE\" \/>\n<meta property=\"og:type\" content=\"article\" \/>\n<meta property=\"og:title\" content=\"T\u00f6mning och skr\u00e4ph\u00e4mtning f\u00f6r kontor med Junkbusters\" \/>\n<meta property=\"og:description\" content=\"Beh\u00f6ver ni bli av med skr\u00e4p, m\u00f6bler eller grovavfall p\u00e5 kontoret? Junkbusters h\u00e4mtar allt fr\u00e5n kontorsmaterial , inventarier, grovsopor och elavfall.\" \/>\n<meta property=\"og:url\" content=\"https:\/\/dev07.dev.templa.id\/sv\/tomning-av-kontor\/\" \/>\n<meta property=\"og:site_name\" content=\"Junkbusters\" \/>\n<meta property=\"article:modified_time\" content=\"2021-09-21T14:06:20+00:00\" \/>\n<meta name=\"twitter:card\" content=\"summary_large_image\" \/>\n<script type=\"application\/ld+json\" class=\"yoast-schema-graph\">{\"@context\":\"https:\/\/schema.org\",\"@graph\":[{\"@type\":\"WebPage\",\"@id\":\"https:\/\/dev07.dev.templa.id\/sv\/tomning-av-kontor\/\",\"url\":\"https:\/\/dev07.dev.templa.id\/sv\/tomning-av-kontor\/\",\"name\":\"T\u00f6mning och skr\u00e4ph\u00e4mtning f\u00f6r kontor med Junkbusters\",\"isPartOf\":{\"@id\":\"https:\/\/dev07.dev.templa.id\/#website\"},\"datePublished\":\"2019-08-27T07:54:18+00:00\",\"dateModified\":\"2021-09-21T14:06:20+00:00\",\"description\":\"Beh\u00f6ver ni bli av med skr\u00e4p, m\u00f6bler eller grovavfall p\u00e5 kontoret? Junkbusters h\u00e4mtar allt fr\u00e5n kontorsmaterial , inventarier, grovsopor och elavfall.\",\"breadcrumb\":{\"@id\":\"https:\/\/dev07.dev.templa.id\/sv\/tomning-av-kontor\/#breadcrumb\"},\"inLanguage\":\"sv-SE\",\"potentialAction\":[{\"@type\":\"ReadAction\",\"target\":[\"https:\/\/dev07.dev.templa.id\/sv\/tomning-av-kontor\/\"]}]},{\"@type\":\"BreadcrumbList\",\"@id\":\"https:\/\/dev07.dev.templa.id\/sv\/tomning-av-kontor\/#breadcrumb\",\"itemListElement\":[{\"@type\":\"ListItem\",\"position\":1,\"name\":\"Hjem\",\"item\":\"https:\/\/dev07.dev.templa.id\/sv\/\"},{\"@type\":\"ListItem\",\"position\":2,\"name\":\"T\u00f6mning av kontor\"}]},{\"@type\":\"WebSite\",\"@id\":\"https:\/\/dev07.dev.templa.id\/#website\",\"url\":\"https:\/\/dev07.dev.templa.id\/\",\"name\":\"Junkbusters\",\"description\":\"Junk made easy\",\"publisher\":{\"@id\":\"https:\/\/dev07.dev.templa.id\/#organization\"},\"potentialAction\":[{\"@type\":\"SearchAction\",\"target\":{\"@type\":\"EntryPoint\",\"urlTemplate\":\"https:\/\/dev07.dev.templa.id\/?s={search_term_string}\"},\"query-input\":{\"@type\":\"PropertyValueSpecification\",\"valueRequired\":true,\"valueName\":\"search_term_string\"}}],\"inLanguage\":\"sv-SE\"},{\"@type\":\"Organization\",\"@id\":\"https:\/\/dev07.dev.templa.id\/#organization\",\"name\":\"Junkbusters\",\"url\":\"https:\/\/dev07.dev.templa.id\/\",\"logo\":{\"@type\":\"ImageObject\",\"inLanguage\":\"sv-SE\",\"@id\":\"https:\/\/dev07.dev.templa.id\/#\/schema\/logo\/image\/\",\"url\":\"https:\/\/dev07.dev.templa.id\/wp-content\/uploads\/2021\/03\/nylogo.svg\",\"contentUrl\":\"https:\/\/dev07.dev.templa.id\/wp-content\/uploads\/2021\/03\/nylogo.svg\",\"width\":173,\"height\":51,\"caption\":\"Junkbusters\"},\"image\":{\"@id\":\"https:\/\/dev07.dev.templa.id\/#\/schema\/logo\/image\/\"}}]}<\/script>\n<!-- \/ Yoast SEO plugin. -->","yoast_head_json":{"title":"T\u00f6mning och skr\u00e4ph\u00e4mtning f\u00f6r kontor med Junkbusters","description":"Beh\u00f6ver ni bli av med skr\u00e4p, m\u00f6bler eller grovavfall p\u00e5 kontoret? Junkbusters h\u00e4mtar allt fr\u00e5n kontorsmaterial , inventarier, grovsopor och elavfall.","robots":{"index":"noindex","follow":"follow","max-snippet":"max-snippet:-1","max-image-preview":"max-image-preview:large","max-video-preview":"max-video-preview:-1"},"og_locale":"sv_SE","og_type":"article","og_title":"T\u00f6mning och skr\u00e4ph\u00e4mtning f\u00f6r kontor med Junkbusters","og_description":"Beh\u00f6ver ni bli av med skr\u00e4p, m\u00f6bler eller grovavfall p\u00e5 kontoret? Junkbusters h\u00e4mtar allt fr\u00e5n kontorsmaterial , inventarier, grovsopor och elavfall.","og_url":"https:\/\/dev07.dev.templa.id\/sv\/tomning-av-kontor\/","og_site_name":"Junkbusters","article_modified_time":"2021-09-21T14:06:20+00:00","twitter_card":"summary_large_image","schema":{"@context":"https:\/\/schema.org","@graph":[{"@type":"WebPage","@id":"https:\/\/dev07.dev.templa.id\/sv\/tomning-av-kontor\/","url":"https:\/\/dev07.dev.templa.id\/sv\/tomning-av-kontor\/","name":"T\u00f6mning och skr\u00e4ph\u00e4mtning f\u00f6r kontor med Junkbusters","isPartOf":{"@id":"https:\/\/dev07.dev.templa.id\/#website"},"datePublished":"2019-08-27T07:54:18+00:00","dateModified":"2021-09-21T14:06:20+00:00","description":"Beh\u00f6ver ni bli av med skr\u00e4p, m\u00f6bler eller grovavfall p\u00e5 kontoret? Junkbusters h\u00e4mtar allt fr\u00e5n kontorsmaterial , inventarier, grovsopor och elavfall.","breadcrumb":{"@id":"https:\/\/dev07.dev.templa.id\/sv\/tomning-av-kontor\/#breadcrumb"},"inLanguage":"sv-SE","potentialAction":[{"@type":"ReadAction","target":["https:\/\/dev07.dev.templa.id\/sv\/tomning-av-kontor\/"]}]},{"@type":"BreadcrumbList","@id":"https:\/\/dev07.dev.templa.id\/sv\/tomning-av-kontor\/#breadcrumb","itemListElement":[{"@type":"ListItem","position":1,"name":"Hjem","item":"https:\/\/dev07.dev.templa.id\/sv\/"},{"@type":"ListItem","position":2,"name":"T\u00f6mning av kontor"}]},{"@type":"WebSite","@id":"https:\/\/dev07.dev.templa.id\/#website","url":"https:\/\/dev07.dev.templa.id\/","name":"Junkbusters","description":"Junk made easy","publisher":{"@id":"https:\/\/dev07.dev.templa.id\/#organization"},"potentialAction":[{"@type":"SearchAction","target":{"@type":"EntryPoint","urlTemplate":"https:\/\/dev07.dev.templa.id\/?s={search_term_string}"},"query-input":{"@type":"PropertyValueSpecification","valueRequired":true,"valueName":"search_term_string"}}],"inLanguage":"sv-SE"},{"@type":"Organization","@id":"https:\/\/dev07.dev.templa.id\/#organization","name":"Junkbusters","url":"https:\/\/dev07.dev.templa.id\/","logo":{"@type":"ImageObject","inLanguage":"sv-SE","@id":"https:\/\/dev07.dev.templa.id\/#\/schema\/logo\/image\/","url":"https:\/\/dev07.dev.templa.id\/wp-content\/uploads\/2021\/03\/nylogo.svg","contentUrl":"https:\/\/dev07.dev.templa.id\/wp-content\/uploads\/2021\/03\/nylogo.svg","width":173,"height":51,"caption":"Junkbusters"},"image":{"@id":"https:\/\/dev07.dev.templa.id\/#\/schema\/logo\/image\/"}}]}},"_links":{"self":[{"href":"https:\/\/dev07.dev.templa.id\/sv\/wp-json\/wp\/v2\/pages\/4139","targetHints":{"allow":["GET"]}}],"collection":[{"href":"https:\/\/dev07.dev.templa.id\/sv\/wp-json\/wp\/v2\/pages"}],"about":[{"href":"https:\/\/dev07.dev.templa.id\/sv\/wp-json\/wp\/v2\/types\/page"}],"author":[{"embeddable":true,"href":"https:\/\/dev07.dev.templa.id\/sv\/wp-json\/wp\/v2\/users\/28"}],"replies":[{"embeddable":true,"href":"https:\/\/dev07.dev.templa.id\/sv\/wp-json\/wp\/v2\/comments?post=4139"}],"version-history":[{"count":11,"href":"https:\/\/dev07.dev.templa.id\/sv\/wp-json\/wp\/v2\/pages\/4139\/revisions"}],"predecessor-version":[{"id":9689,"href":"https:\/\/dev07.dev.templa.id\/sv\/wp-json\/wp\/v2\/pages\/4139\/revisions\/9689"}],"wp:attachment":[{"href":"https:\/\/dev07.dev.templa.id\/sv\/wp-json\/wp\/v2\/media?parent=4139"}],"curies":[{"name":"wp","href":"https:\/\/api.w.org\/{rel}","templated":true}]}}