{"id":4138,"date":"2019-07-08T11:05:59","date_gmt":"2019-07-08T11:05:59","guid":{"rendered":"https:\/\/wp144.wp.dev.n0ll.dk\/haveaffald\/"},"modified":"2021-09-21T13:06:42","modified_gmt":"2021-09-21T13:06:42","slug":"tradgardsavfall","status":"publish","type":"page","link":"https:\/\/dev07.dev.templa.id\/sv\/avfall\/tradgardsavfall\/","title":{"rendered":"Tr\u00e4dg\u00e5rdsavfall"},"content":{"rendered":"","protected":false},"excerpt":{"rendered":"","protected":false},"author":28,"featured_media":0,"parent":4054,"menu_order":0,"comment_status":"closed","ping_status":"closed","template":"","meta":{"footnotes":""},"class_list":["post-4138","page","type-page","status-publish","hentry"],"yoast_head":"<!-- This site is optimized with the Yoast SEO plugin v25.2 - https:\/\/yoast.com\/wordpress\/plugins\/seo\/ -->\n<title>Vi h\u00e4mtar tr\u00e4dg\u00e5rdsavfall i Stockholm med omnejd<\/title>\n<meta name=\"description\" content=\"Lugn! Vi tar hand om ditt tr\u00e4dg\u00e5rdsavfall, vi har gott om plats i v\u00e5ra fordon och du betalar endast f\u00f6r m\u00e4ngden avfall vi tar hand om. Ring oss redan idag\" \/>\n<meta name=\"robots\" content=\"noindex, follow, max-snippet:-1, max-image-preview:large, max-video-preview:-1\" \/>\n<meta property=\"og:locale\" content=\"sv_SE\" \/>\n<meta property=\"og:type\" content=\"article\" \/>\n<meta property=\"og:title\" content=\"Vi h\u00e4mtar tr\u00e4dg\u00e5rdsavfall i Stockholm med omnejd\" \/>\n<meta property=\"og:description\" content=\"Lugn! Vi tar hand om ditt tr\u00e4dg\u00e5rdsavfall, vi har gott om plats i v\u00e5ra fordon och du betalar endast f\u00f6r m\u00e4ngden avfall vi tar hand om. Ring oss redan idag\" \/>\n<meta property=\"og:url\" content=\"https:\/\/dev07.dev.templa.id\/sv\/avfall\/tradgardsavfall\/\" \/>\n<meta property=\"og:site_name\" content=\"Junkbusters\" \/>\n<meta property=\"article:modified_time\" content=\"2021-09-21T13:06:42+00:00\" \/>\n<meta name=\"twitter:card\" content=\"summary_large_image\" \/>\n<script type=\"application\/ld+json\" class=\"yoast-schema-graph\">{\"@context\":\"https:\/\/schema.org\",\"@graph\":[{\"@type\":\"WebPage\",\"@id\":\"https:\/\/dev07.dev.templa.id\/sv\/avfall\/tradgardsavfall\/\",\"url\":\"https:\/\/dev07.dev.templa.id\/sv\/avfall\/tradgardsavfall\/\",\"name\":\"Vi h\u00e4mtar tr\u00e4dg\u00e5rdsavfall i Stockholm med omnejd\",\"isPartOf\":{\"@id\":\"https:\/\/dev07.dev.templa.id\/#website\"},\"datePublished\":\"2019-07-08T11:05:59+00:00\",\"dateModified\":\"2021-09-21T13:06:42+00:00\",\"description\":\"Lugn! Vi tar hand om ditt tr\u00e4dg\u00e5rdsavfall, vi har gott om plats i v\u00e5ra fordon och du betalar endast f\u00f6r m\u00e4ngden avfall vi tar hand om. Ring oss redan idag\",\"breadcrumb\":{\"@id\":\"https:\/\/dev07.dev.templa.id\/sv\/avfall\/tradgardsavfall\/#breadcrumb\"},\"inLanguage\":\"sv-SE\",\"potentialAction\":[{\"@type\":\"ReadAction\",\"target\":[\"https:\/\/dev07.dev.templa.id\/sv\/avfall\/tradgardsavfall\/\"]}]},{\"@type\":\"BreadcrumbList\",\"@id\":\"https:\/\/dev07.dev.templa.id\/sv\/avfall\/tradgardsavfall\/#breadcrumb\",\"itemListElement\":[{\"@type\":\"ListItem\",\"position\":1,\"name\":\"Hjem\",\"item\":\"https:\/\/dev07.dev.templa.id\/sv\/\"},{\"@type\":\"ListItem\",\"position\":2,\"name\":\"Avfall\",\"item\":\"https:\/\/dev07.dev.templa.id\/sv\/avfall\/\"},{\"@type\":\"ListItem\",\"position\":3,\"name\":\"Tr\u00e4dg\u00e5rdsavfall\"}]},{\"@type\":\"WebSite\",\"@id\":\"https:\/\/dev07.dev.templa.id\/#website\",\"url\":\"https:\/\/dev07.dev.templa.id\/\",\"name\":\"Junkbusters\",\"description\":\"Junk made easy\",\"publisher\":{\"@id\":\"https:\/\/dev07.dev.templa.id\/#organization\"},\"potentialAction\":[{\"@type\":\"SearchAction\",\"target\":{\"@type\":\"EntryPoint\",\"urlTemplate\":\"https:\/\/dev07.dev.templa.id\/?s={search_term_string}\"},\"query-input\":{\"@type\":\"PropertyValueSpecification\",\"valueRequired\":true,\"valueName\":\"search_term_string\"}}],\"inLanguage\":\"sv-SE\"},{\"@type\":\"Organization\",\"@id\":\"https:\/\/dev07.dev.templa.id\/#organization\",\"name\":\"Junkbusters\",\"url\":\"https:\/\/dev07.dev.templa.id\/\",\"logo\":{\"@type\":\"ImageObject\",\"inLanguage\":\"sv-SE\",\"@id\":\"https:\/\/dev07.dev.templa.id\/#\/schema\/logo\/image\/\",\"url\":\"https:\/\/dev07.dev.templa.id\/wp-content\/uploads\/2021\/03\/nylogo.svg\",\"contentUrl\":\"https:\/\/dev07.dev.templa.id\/wp-content\/uploads\/2021\/03\/nylogo.svg\",\"width\":173,\"height\":51,\"caption\":\"Junkbusters\"},\"image\":{\"@id\":\"https:\/\/dev07.dev.templa.id\/#\/schema\/logo\/image\/\"}}]}<\/script>\n<!-- \/ Yoast SEO plugin. -->","yoast_head_json":{"title":"Vi h\u00e4mtar tr\u00e4dg\u00e5rdsavfall i Stockholm med omnejd","description":"Lugn! Vi tar hand om ditt tr\u00e4dg\u00e5rdsavfall, vi har gott om plats i v\u00e5ra fordon och du betalar endast f\u00f6r m\u00e4ngden avfall vi tar hand om. Ring oss redan idag","robots":{"index":"noindex","follow":"follow","max-snippet":"max-snippet:-1","max-image-preview":"max-image-preview:large","max-video-preview":"max-video-preview:-1"},"og_locale":"sv_SE","og_type":"article","og_title":"Vi h\u00e4mtar tr\u00e4dg\u00e5rdsavfall i Stockholm med omnejd","og_description":"Lugn! Vi tar hand om ditt tr\u00e4dg\u00e5rdsavfall, vi har gott om plats i v\u00e5ra fordon och du betalar endast f\u00f6r m\u00e4ngden avfall vi tar hand om. Ring oss redan idag","og_url":"https:\/\/dev07.dev.templa.id\/sv\/avfall\/tradgardsavfall\/","og_site_name":"Junkbusters","article_modified_time":"2021-09-21T13:06:42+00:00","twitter_card":"summary_large_image","schema":{"@context":"https:\/\/schema.org","@graph":[{"@type":"WebPage","@id":"https:\/\/dev07.dev.templa.id\/sv\/avfall\/tradgardsavfall\/","url":"https:\/\/dev07.dev.templa.id\/sv\/avfall\/tradgardsavfall\/","name":"Vi h\u00e4mtar tr\u00e4dg\u00e5rdsavfall i Stockholm med omnejd","isPartOf":{"@id":"https:\/\/dev07.dev.templa.id\/#website"},"datePublished":"2019-07-08T11:05:59+00:00","dateModified":"2021-09-21T13:06:42+00:00","description":"Lugn! Vi tar hand om ditt tr\u00e4dg\u00e5rdsavfall, vi har gott om plats i v\u00e5ra fordon och du betalar endast f\u00f6r m\u00e4ngden avfall vi tar hand om. Ring oss redan idag","breadcrumb":{"@id":"https:\/\/dev07.dev.templa.id\/sv\/avfall\/tradgardsavfall\/#breadcrumb"},"inLanguage":"sv-SE","potentialAction":[{"@type":"ReadAction","target":["https:\/\/dev07.dev.templa.id\/sv\/avfall\/tradgardsavfall\/"]}]},{"@type":"BreadcrumbList","@id":"https:\/\/dev07.dev.templa.id\/sv\/avfall\/tradgardsavfall\/#breadcrumb","itemListElement":[{"@type":"ListItem","position":1,"name":"Hjem","item":"https:\/\/dev07.dev.templa.id\/sv\/"},{"@type":"ListItem","position":2,"name":"Avfall","item":"https:\/\/dev07.dev.templa.id\/sv\/avfall\/"},{"@type":"ListItem","position":3,"name":"Tr\u00e4dg\u00e5rdsavfall"}]},{"@type":"WebSite","@id":"https:\/\/dev07.dev.templa.id\/#website","url":"https:\/\/dev07.dev.templa.id\/","name":"Junkbusters","description":"Junk made easy","publisher":{"@id":"https:\/\/dev07.dev.templa.id\/#organization"},"potentialAction":[{"@type":"SearchAction","target":{"@type":"EntryPoint","urlTemplate":"https:\/\/dev07.dev.templa.id\/?s={search_term_string}"},"query-input":{"@type":"PropertyValueSpecification","valueRequired":true,"valueName":"search_term_string"}}],"inLanguage":"sv-SE"},{"@type":"Organization","@id":"https:\/\/dev07.dev.templa.id\/#organization","name":"Junkbusters","url":"https:\/\/dev07.dev.templa.id\/","logo":{"@type":"ImageObject","inLanguage":"sv-SE","@id":"https:\/\/dev07.dev.templa.id\/#\/schema\/logo\/image\/","url":"https:\/\/dev07.dev.templa.id\/wp-content\/uploads\/2021\/03\/nylogo.svg","contentUrl":"https:\/\/dev07.dev.templa.id\/wp-content\/uploads\/2021\/03\/nylogo.svg","width":173,"height":51,"caption":"Junkbusters"},"image":{"@id":"https:\/\/dev07.dev.templa.id\/#\/schema\/logo\/image\/"}}]}},"_links":{"self":[{"href":"https:\/\/dev07.dev.templa.id\/sv\/wp-json\/wp\/v2\/pages\/4138","targetHints":{"allow":["GET"]}}],"collection":[{"href":"https:\/\/dev07.dev.templa.id\/sv\/wp-json\/wp\/v2\/pages"}],"about":[{"href":"https:\/\/dev07.dev.templa.id\/sv\/wp-json\/wp\/v2\/types\/page"}],"author":[{"embeddable":true,"href":"https:\/\/dev07.dev.templa.id\/sv\/wp-json\/wp\/v2\/users\/28"}],"replies":[{"embeddable":true,"href":"https:\/\/dev07.dev.templa.id\/sv\/wp-json\/wp\/v2\/comments?post=4138"}],"version-history":[{"count":9,"href":"https:\/\/dev07.dev.templa.id\/sv\/wp-json\/wp\/v2\/pages\/4138\/revisions"}],"predecessor-version":[{"id":9544,"href":"https:\/\/dev07.dev.templa.id\/sv\/wp-json\/wp\/v2\/pages\/4138\/revisions\/9544"}],"up":[{"embeddable":true,"href":"https:\/\/dev07.dev.templa.id\/sv\/wp-json\/wp\/v2\/pages\/4054"}],"wp:attachment":[{"href":"https:\/\/dev07.dev.templa.id\/sv\/wp-json\/wp\/v2\/media?parent=4138"}],"curies":[{"name":"wp","href":"https:\/\/api.w.org\/{rel}","templated":true}]}}