{"id":4135,"date":"2019-09-12T14:21:15","date_gmt":"2019-09-12T14:21:15","guid":{"rendered":"https:\/\/wp144.wp.dev.n0ll.dk\/rydning-af-doedsbo\/"},"modified":"2021-09-21T13:05:14","modified_gmt":"2021-09-21T13:05:14","slug":"dodsbo","status":"publish","type":"page","link":"https:\/\/dev07.dev.templa.id\/sv\/avfall\/dodsbo\/","title":{"rendered":"D\u00f6dsbo"},"content":{"rendered":"","protected":false},"excerpt":{"rendered":"","protected":false},"author":28,"featured_media":3913,"parent":4054,"menu_order":0,"comment_status":"closed","ping_status":"closed","template":"","meta":{"footnotes":""},"class_list":["post-4135","page","type-page","status-publish","has-post-thumbnail","hentry"],"yoast_head":"<!-- This site is optimized with the Yoast SEO plugin v25.2 - https:\/\/yoast.com\/wordpress\/plugins\/seo\/ -->\n<title>T\u00f6mma d\u00f6dsbon \u2013 Vi rensar d\u00f6dsbon i Stockholm med omnejd<\/title>\n<meta name=\"description\" content=\"Vi tar hand om allt! Fr\u00e5n uppk\u00f6p av f\u00f6rem\u00e5l, bortsforsling av skr\u00e4p till st\u00e4dning. Allt efter era behov och \u00f6nskem\u00e5l. Ta kontakt redan idag f\u00f6r mer info.\" \/>\n<meta name=\"robots\" content=\"noindex, follow, max-snippet:-1, max-image-preview:large, max-video-preview:-1\" \/>\n<meta property=\"og:locale\" content=\"sv_SE\" \/>\n<meta property=\"og:type\" content=\"article\" \/>\n<meta property=\"og:title\" content=\"T\u00f6mma d\u00f6dsbon \u2013 Vi rensar d\u00f6dsbon i Stockholm med omnejd\" \/>\n<meta property=\"og:description\" content=\"Vi tar hand om allt! Fr\u00e5n uppk\u00f6p av f\u00f6rem\u00e5l, bortsforsling av skr\u00e4p till st\u00e4dning. Allt efter era behov och \u00f6nskem\u00e5l. Ta kontakt redan idag f\u00f6r mer info.\" \/>\n<meta property=\"og:url\" content=\"https:\/\/dev07.dev.templa.id\/sv\/avfall\/dodsbo\/\" \/>\n<meta property=\"og:site_name\" content=\"Junkbusters\" \/>\n<meta property=\"article:modified_time\" content=\"2021-09-21T13:05:14+00:00\" \/>\n<meta property=\"og:image\" content=\"https:\/\/dev07.dev.templa.id\/wp-content\/uploads\/2019\/08\/d\u00f8dsbo-700x500.jpg\" \/>\n\t<meta property=\"og:image:width\" content=\"700\" \/>\n\t<meta property=\"og:image:height\" content=\"500\" \/>\n\t<meta property=\"og:image:type\" content=\"image\/jpeg\" \/>\n<meta name=\"twitter:card\" content=\"summary_large_image\" \/>\n<script type=\"application\/ld+json\" class=\"yoast-schema-graph\">{\"@context\":\"https:\/\/schema.org\",\"@graph\":[{\"@type\":\"WebPage\",\"@id\":\"https:\/\/dev07.dev.templa.id\/sv\/avfall\/dodsbo\/\",\"url\":\"https:\/\/dev07.dev.templa.id\/sv\/avfall\/dodsbo\/\",\"name\":\"T\u00f6mma d\u00f6dsbon \u2013 Vi rensar d\u00f6dsbon i Stockholm med omnejd\",\"isPartOf\":{\"@id\":\"https:\/\/dev07.dev.templa.id\/#website\"},\"primaryImageOfPage\":{\"@id\":\"https:\/\/dev07.dev.templa.id\/sv\/avfall\/dodsbo\/#primaryimage\"},\"image\":{\"@id\":\"https:\/\/dev07.dev.templa.id\/sv\/avfall\/dodsbo\/#primaryimage\"},\"thumbnailUrl\":\"https:\/\/dev07.dev.templa.id\/wp-content\/uploads\/2019\/08\/d\u00f8dsbo-700x500.jpg\",\"datePublished\":\"2019-09-12T14:21:15+00:00\",\"dateModified\":\"2021-09-21T13:05:14+00:00\",\"description\":\"Vi tar hand om allt! Fr\u00e5n uppk\u00f6p av f\u00f6rem\u00e5l, bortsforsling av skr\u00e4p till st\u00e4dning. Allt efter era behov och \u00f6nskem\u00e5l. Ta kontakt redan idag f\u00f6r mer info.\",\"breadcrumb\":{\"@id\":\"https:\/\/dev07.dev.templa.id\/sv\/avfall\/dodsbo\/#breadcrumb\"},\"inLanguage\":\"sv-SE\",\"potentialAction\":[{\"@type\":\"ReadAction\",\"target\":[\"https:\/\/dev07.dev.templa.id\/sv\/avfall\/dodsbo\/\"]}]},{\"@type\":\"ImageObject\",\"inLanguage\":\"sv-SE\",\"@id\":\"https:\/\/dev07.dev.templa.id\/sv\/avfall\/dodsbo\/#primaryimage\",\"url\":\"https:\/\/dev07.dev.templa.id\/wp-content\/uploads\/2019\/08\/d\u00f8dsbo-700x500.jpg\",\"contentUrl\":\"https:\/\/dev07.dev.templa.id\/wp-content\/uploads\/2019\/08\/d\u00f8dsbo-700x500.jpg\",\"width\":700,\"height\":500},{\"@type\":\"BreadcrumbList\",\"@id\":\"https:\/\/dev07.dev.templa.id\/sv\/avfall\/dodsbo\/#breadcrumb\",\"itemListElement\":[{\"@type\":\"ListItem\",\"position\":1,\"name\":\"Hjem\",\"item\":\"https:\/\/dev07.dev.templa.id\/sv\/\"},{\"@type\":\"ListItem\",\"position\":2,\"name\":\"Avfall\",\"item\":\"https:\/\/dev07.dev.templa.id\/sv\/avfall\/\"},{\"@type\":\"ListItem\",\"position\":3,\"name\":\"D\u00f6dsbo\"}]},{\"@type\":\"WebSite\",\"@id\":\"https:\/\/dev07.dev.templa.id\/#website\",\"url\":\"https:\/\/dev07.dev.templa.id\/\",\"name\":\"Junkbusters\",\"description\":\"Junk made easy\",\"publisher\":{\"@id\":\"https:\/\/dev07.dev.templa.id\/#organization\"},\"potentialAction\":[{\"@type\":\"SearchAction\",\"target\":{\"@type\":\"EntryPoint\",\"urlTemplate\":\"https:\/\/dev07.dev.templa.id\/?s={search_term_string}\"},\"query-input\":{\"@type\":\"PropertyValueSpecification\",\"valueRequired\":true,\"valueName\":\"search_term_string\"}}],\"inLanguage\":\"sv-SE\"},{\"@type\":\"Organization\",\"@id\":\"https:\/\/dev07.dev.templa.id\/#organization\",\"name\":\"Junkbusters\",\"url\":\"https:\/\/dev07.dev.templa.id\/\",\"logo\":{\"@type\":\"ImageObject\",\"inLanguage\":\"sv-SE\",\"@id\":\"https:\/\/dev07.dev.templa.id\/#\/schema\/logo\/image\/\",\"url\":\"https:\/\/dev07.dev.templa.id\/wp-content\/uploads\/2021\/03\/nylogo.svg\",\"contentUrl\":\"https:\/\/dev07.dev.templa.id\/wp-content\/uploads\/2021\/03\/nylogo.svg\",\"width\":173,\"height\":51,\"caption\":\"Junkbusters\"},\"image\":{\"@id\":\"https:\/\/dev07.dev.templa.id\/#\/schema\/logo\/image\/\"}}]}<\/script>\n<!-- \/ Yoast SEO plugin. -->","yoast_head_json":{"title":"T\u00f6mma d\u00f6dsbon \u2013 Vi rensar d\u00f6dsbon i Stockholm med omnejd","description":"Vi tar hand om allt! Fr\u00e5n uppk\u00f6p av f\u00f6rem\u00e5l, bortsforsling av skr\u00e4p till st\u00e4dning. Allt efter era behov och \u00f6nskem\u00e5l. Ta kontakt redan idag f\u00f6r mer info.","robots":{"index":"noindex","follow":"follow","max-snippet":"max-snippet:-1","max-image-preview":"max-image-preview:large","max-video-preview":"max-video-preview:-1"},"og_locale":"sv_SE","og_type":"article","og_title":"T\u00f6mma d\u00f6dsbon \u2013 Vi rensar d\u00f6dsbon i Stockholm med omnejd","og_description":"Vi tar hand om allt! Fr\u00e5n uppk\u00f6p av f\u00f6rem\u00e5l, bortsforsling av skr\u00e4p till st\u00e4dning. Allt efter era behov och \u00f6nskem\u00e5l. Ta kontakt redan idag f\u00f6r mer info.","og_url":"https:\/\/dev07.dev.templa.id\/sv\/avfall\/dodsbo\/","og_site_name":"Junkbusters","article_modified_time":"2021-09-21T13:05:14+00:00","og_image":[{"width":700,"height":500,"url":"https:\/\/dev07.dev.templa.id\/wp-content\/uploads\/2019\/08\/d\u00f8dsbo-700x500.jpg","type":"image\/jpeg"}],"twitter_card":"summary_large_image","schema":{"@context":"https:\/\/schema.org","@graph":[{"@type":"WebPage","@id":"https:\/\/dev07.dev.templa.id\/sv\/avfall\/dodsbo\/","url":"https:\/\/dev07.dev.templa.id\/sv\/avfall\/dodsbo\/","name":"T\u00f6mma d\u00f6dsbon \u2013 Vi rensar d\u00f6dsbon i Stockholm med omnejd","isPartOf":{"@id":"https:\/\/dev07.dev.templa.id\/#website"},"primaryImageOfPage":{"@id":"https:\/\/dev07.dev.templa.id\/sv\/avfall\/dodsbo\/#primaryimage"},"image":{"@id":"https:\/\/dev07.dev.templa.id\/sv\/avfall\/dodsbo\/#primaryimage"},"thumbnailUrl":"https:\/\/dev07.dev.templa.id\/wp-content\/uploads\/2019\/08\/d\u00f8dsbo-700x500.jpg","datePublished":"2019-09-12T14:21:15+00:00","dateModified":"2021-09-21T13:05:14+00:00","description":"Vi tar hand om allt! Fr\u00e5n uppk\u00f6p av f\u00f6rem\u00e5l, bortsforsling av skr\u00e4p till st\u00e4dning. Allt efter era behov och \u00f6nskem\u00e5l. Ta kontakt redan idag f\u00f6r mer info.","breadcrumb":{"@id":"https:\/\/dev07.dev.templa.id\/sv\/avfall\/dodsbo\/#breadcrumb"},"inLanguage":"sv-SE","potentialAction":[{"@type":"ReadAction","target":["https:\/\/dev07.dev.templa.id\/sv\/avfall\/dodsbo\/"]}]},{"@type":"ImageObject","inLanguage":"sv-SE","@id":"https:\/\/dev07.dev.templa.id\/sv\/avfall\/dodsbo\/#primaryimage","url":"https:\/\/dev07.dev.templa.id\/wp-content\/uploads\/2019\/08\/d\u00f8dsbo-700x500.jpg","contentUrl":"https:\/\/dev07.dev.templa.id\/wp-content\/uploads\/2019\/08\/d\u00f8dsbo-700x500.jpg","width":700,"height":500},{"@type":"BreadcrumbList","@id":"https:\/\/dev07.dev.templa.id\/sv\/avfall\/dodsbo\/#breadcrumb","itemListElement":[{"@type":"ListItem","position":1,"name":"Hjem","item":"https:\/\/dev07.dev.templa.id\/sv\/"},{"@type":"ListItem","position":2,"name":"Avfall","item":"https:\/\/dev07.dev.templa.id\/sv\/avfall\/"},{"@type":"ListItem","position":3,"name":"D\u00f6dsbo"}]},{"@type":"WebSite","@id":"https:\/\/dev07.dev.templa.id\/#website","url":"https:\/\/dev07.dev.templa.id\/","name":"Junkbusters","description":"Junk made easy","publisher":{"@id":"https:\/\/dev07.dev.templa.id\/#organization"},"potentialAction":[{"@type":"SearchAction","target":{"@type":"EntryPoint","urlTemplate":"https:\/\/dev07.dev.templa.id\/?s={search_term_string}"},"query-input":{"@type":"PropertyValueSpecification","valueRequired":true,"valueName":"search_term_string"}}],"inLanguage":"sv-SE"},{"@type":"Organization","@id":"https:\/\/dev07.dev.templa.id\/#organization","name":"Junkbusters","url":"https:\/\/dev07.dev.templa.id\/","logo":{"@type":"ImageObject","inLanguage":"sv-SE","@id":"https:\/\/dev07.dev.templa.id\/#\/schema\/logo\/image\/","url":"https:\/\/dev07.dev.templa.id\/wp-content\/uploads\/2021\/03\/nylogo.svg","contentUrl":"https:\/\/dev07.dev.templa.id\/wp-content\/uploads\/2021\/03\/nylogo.svg","width":173,"height":51,"caption":"Junkbusters"},"image":{"@id":"https:\/\/dev07.dev.templa.id\/#\/schema\/logo\/image\/"}}]}},"_links":{"self":[{"href":"https:\/\/dev07.dev.templa.id\/sv\/wp-json\/wp\/v2\/pages\/4135","targetHints":{"allow":["GET"]}}],"collection":[{"href":"https:\/\/dev07.dev.templa.id\/sv\/wp-json\/wp\/v2\/pages"}],"about":[{"href":"https:\/\/dev07.dev.templa.id\/sv\/wp-json\/wp\/v2\/types\/page"}],"author":[{"embeddable":true,"href":"https:\/\/dev07.dev.templa.id\/sv\/wp-json\/wp\/v2\/users\/28"}],"replies":[{"embeddable":true,"href":"https:\/\/dev07.dev.templa.id\/sv\/wp-json\/wp\/v2\/comments?post=4135"}],"version-history":[{"count":46,"href":"https:\/\/dev07.dev.templa.id\/sv\/wp-json\/wp\/v2\/pages\/4135\/revisions"}],"predecessor-version":[{"id":9886,"href":"https:\/\/dev07.dev.templa.id\/sv\/wp-json\/wp\/v2\/pages\/4135\/revisions\/9886"}],"up":[{"embeddable":true,"href":"https:\/\/dev07.dev.templa.id\/sv\/wp-json\/wp\/v2\/pages\/4054"}],"wp:featuredmedia":[{"embeddable":true,"href":"https:\/\/dev07.dev.templa.id\/sv\/wp-json\/wp\/v2\/media\/3913"}],"wp:attachment":[{"href":"https:\/\/dev07.dev.templa.id\/sv\/wp-json\/wp\/v2\/media?parent=4135"}],"curies":[{"name":"wp","href":"https:\/\/api.w.org\/{rel}","templated":true}]}}