{"id":3642,"date":"2019-05-22T09:27:38","date_gmt":"2019-05-22T09:27:38","guid":{"rendered":"https:\/\/wp144.wp.dev.n0ll.dk\/jobs\/"},"modified":"2021-09-21T14:02:53","modified_gmt":"2021-09-21T14:02:53","slug":"jobb","status":"publish","type":"page","link":"https:\/\/dev07.dev.templa.id\/sv\/om-junkbusters\/jobb\/","title":{"rendered":"Jobb"},"content":{"rendered":"","protected":false},"excerpt":{"rendered":"","protected":false},"author":28,"featured_media":0,"parent":4129,"menu_order":0,"comment_status":"closed","ping_status":"closed","template":"","meta":{"footnotes":""},"class_list":["post-3642","page","type-page","status-publish","hentry"],"yoast_head":"<!-- This site is optimized with the Yoast SEO plugin v25.2 - https:\/\/yoast.com\/wordpress\/plugins\/seo\/ -->\n<title>Vi s\u00f6ker chauff\u00f6rer med C-k\u00f6rkort<\/title>\n<meta name=\"description\" content=\"Junkbusters v\u00e4xer och vi s\u00f6ker ofta efter nya duktiga och energiska medarbetare, fr\u00e4mst chauff\u00f6rer med C-k\u00f6rkort\" \/>\n<meta name=\"robots\" content=\"noindex, follow, max-snippet:-1, max-image-preview:large, max-video-preview:-1\" \/>\n<meta property=\"og:locale\" content=\"sv_SE\" \/>\n<meta property=\"og:type\" content=\"article\" \/>\n<meta property=\"og:title\" content=\"Vi s\u00f6ker chauff\u00f6rer med C-k\u00f6rkort\" \/>\n<meta property=\"og:description\" content=\"Junkbusters v\u00e4xer och vi s\u00f6ker ofta efter nya duktiga och energiska medarbetare, fr\u00e4mst chauff\u00f6rer med C-k\u00f6rkort\" \/>\n<meta property=\"og:url\" content=\"https:\/\/dev07.dev.templa.id\/sv\/om-junkbusters\/jobb\/\" \/>\n<meta property=\"og:site_name\" content=\"Junkbusters\" \/>\n<meta property=\"article:modified_time\" content=\"2021-09-21T14:02:53+00:00\" \/>\n<meta name=\"twitter:card\" content=\"summary_large_image\" \/>\n<script type=\"application\/ld+json\" class=\"yoast-schema-graph\">{\"@context\":\"https:\/\/schema.org\",\"@graph\":[{\"@type\":\"WebPage\",\"@id\":\"https:\/\/dev07.dev.templa.id\/sv\/om-junkbusters\/jobb\/\",\"url\":\"https:\/\/dev07.dev.templa.id\/sv\/om-junkbusters\/jobb\/\",\"name\":\"Vi s\u00f6ker chauff\u00f6rer med C-k\u00f6rkort\",\"isPartOf\":{\"@id\":\"https:\/\/dev07.dev.templa.id\/#website\"},\"datePublished\":\"2019-05-22T09:27:38+00:00\",\"dateModified\":\"2021-09-21T14:02:53+00:00\",\"description\":\"Junkbusters v\u00e4xer och vi s\u00f6ker ofta efter nya duktiga och energiska medarbetare, fr\u00e4mst chauff\u00f6rer med C-k\u00f6rkort\",\"breadcrumb\":{\"@id\":\"https:\/\/dev07.dev.templa.id\/sv\/om-junkbusters\/jobb\/#breadcrumb\"},\"inLanguage\":\"sv-SE\",\"potentialAction\":[{\"@type\":\"ReadAction\",\"target\":[\"https:\/\/dev07.dev.templa.id\/sv\/om-junkbusters\/jobb\/\"]}]},{\"@type\":\"BreadcrumbList\",\"@id\":\"https:\/\/dev07.dev.templa.id\/sv\/om-junkbusters\/jobb\/#breadcrumb\",\"itemListElement\":[{\"@type\":\"ListItem\",\"position\":1,\"name\":\"Hjem\",\"item\":\"https:\/\/dev07.dev.templa.id\/sv\/\"},{\"@type\":\"ListItem\",\"position\":2,\"name\":\"Om Junkbusters\",\"item\":\"https:\/\/dev07.dev.templa.id\/sv\/om-junkbusters\/\"},{\"@type\":\"ListItem\",\"position\":3,\"name\":\"Jobb\"}]},{\"@type\":\"WebSite\",\"@id\":\"https:\/\/dev07.dev.templa.id\/#website\",\"url\":\"https:\/\/dev07.dev.templa.id\/\",\"name\":\"Junkbusters\",\"description\":\"Junk made easy\",\"publisher\":{\"@id\":\"https:\/\/dev07.dev.templa.id\/#organization\"},\"potentialAction\":[{\"@type\":\"SearchAction\",\"target\":{\"@type\":\"EntryPoint\",\"urlTemplate\":\"https:\/\/dev07.dev.templa.id\/?s={search_term_string}\"},\"query-input\":{\"@type\":\"PropertyValueSpecification\",\"valueRequired\":true,\"valueName\":\"search_term_string\"}}],\"inLanguage\":\"sv-SE\"},{\"@type\":\"Organization\",\"@id\":\"https:\/\/dev07.dev.templa.id\/#organization\",\"name\":\"Junkbusters\",\"url\":\"https:\/\/dev07.dev.templa.id\/\",\"logo\":{\"@type\":\"ImageObject\",\"inLanguage\":\"sv-SE\",\"@id\":\"https:\/\/dev07.dev.templa.id\/#\/schema\/logo\/image\/\",\"url\":\"https:\/\/dev07.dev.templa.id\/wp-content\/uploads\/2021\/03\/nylogo.svg\",\"contentUrl\":\"https:\/\/dev07.dev.templa.id\/wp-content\/uploads\/2021\/03\/nylogo.svg\",\"width\":173,\"height\":51,\"caption\":\"Junkbusters\"},\"image\":{\"@id\":\"https:\/\/dev07.dev.templa.id\/#\/schema\/logo\/image\/\"}}]}<\/script>\n<!-- \/ Yoast SEO plugin. -->","yoast_head_json":{"title":"Vi s\u00f6ker chauff\u00f6rer med C-k\u00f6rkort","description":"Junkbusters v\u00e4xer och vi s\u00f6ker ofta efter nya duktiga och energiska medarbetare, fr\u00e4mst chauff\u00f6rer med C-k\u00f6rkort","robots":{"index":"noindex","follow":"follow","max-snippet":"max-snippet:-1","max-image-preview":"max-image-preview:large","max-video-preview":"max-video-preview:-1"},"og_locale":"sv_SE","og_type":"article","og_title":"Vi s\u00f6ker chauff\u00f6rer med C-k\u00f6rkort","og_description":"Junkbusters v\u00e4xer och vi s\u00f6ker ofta efter nya duktiga och energiska medarbetare, fr\u00e4mst chauff\u00f6rer med C-k\u00f6rkort","og_url":"https:\/\/dev07.dev.templa.id\/sv\/om-junkbusters\/jobb\/","og_site_name":"Junkbusters","article_modified_time":"2021-09-21T14:02:53+00:00","twitter_card":"summary_large_image","schema":{"@context":"https:\/\/schema.org","@graph":[{"@type":"WebPage","@id":"https:\/\/dev07.dev.templa.id\/sv\/om-junkbusters\/jobb\/","url":"https:\/\/dev07.dev.templa.id\/sv\/om-junkbusters\/jobb\/","name":"Vi s\u00f6ker chauff\u00f6rer med C-k\u00f6rkort","isPartOf":{"@id":"https:\/\/dev07.dev.templa.id\/#website"},"datePublished":"2019-05-22T09:27:38+00:00","dateModified":"2021-09-21T14:02:53+00:00","description":"Junkbusters v\u00e4xer och vi s\u00f6ker ofta efter nya duktiga och energiska medarbetare, fr\u00e4mst chauff\u00f6rer med C-k\u00f6rkort","breadcrumb":{"@id":"https:\/\/dev07.dev.templa.id\/sv\/om-junkbusters\/jobb\/#breadcrumb"},"inLanguage":"sv-SE","potentialAction":[{"@type":"ReadAction","target":["https:\/\/dev07.dev.templa.id\/sv\/om-junkbusters\/jobb\/"]}]},{"@type":"BreadcrumbList","@id":"https:\/\/dev07.dev.templa.id\/sv\/om-junkbusters\/jobb\/#breadcrumb","itemListElement":[{"@type":"ListItem","position":1,"name":"Hjem","item":"https:\/\/dev07.dev.templa.id\/sv\/"},{"@type":"ListItem","position":2,"name":"Om Junkbusters","item":"https:\/\/dev07.dev.templa.id\/sv\/om-junkbusters\/"},{"@type":"ListItem","position":3,"name":"Jobb"}]},{"@type":"WebSite","@id":"https:\/\/dev07.dev.templa.id\/#website","url":"https:\/\/dev07.dev.templa.id\/","name":"Junkbusters","description":"Junk made easy","publisher":{"@id":"https:\/\/dev07.dev.templa.id\/#organization"},"potentialAction":[{"@type":"SearchAction","target":{"@type":"EntryPoint","urlTemplate":"https:\/\/dev07.dev.templa.id\/?s={search_term_string}"},"query-input":{"@type":"PropertyValueSpecification","valueRequired":true,"valueName":"search_term_string"}}],"inLanguage":"sv-SE"},{"@type":"Organization","@id":"https:\/\/dev07.dev.templa.id\/#organization","name":"Junkbusters","url":"https:\/\/dev07.dev.templa.id\/","logo":{"@type":"ImageObject","inLanguage":"sv-SE","@id":"https:\/\/dev07.dev.templa.id\/#\/schema\/logo\/image\/","url":"https:\/\/dev07.dev.templa.id\/wp-content\/uploads\/2021\/03\/nylogo.svg","contentUrl":"https:\/\/dev07.dev.templa.id\/wp-content\/uploads\/2021\/03\/nylogo.svg","width":173,"height":51,"caption":"Junkbusters"},"image":{"@id":"https:\/\/dev07.dev.templa.id\/#\/schema\/logo\/image\/"}}]}},"_links":{"self":[{"href":"https:\/\/dev07.dev.templa.id\/sv\/wp-json\/wp\/v2\/pages\/3642","targetHints":{"allow":["GET"]}}],"collection":[{"href":"https:\/\/dev07.dev.templa.id\/sv\/wp-json\/wp\/v2\/pages"}],"about":[{"href":"https:\/\/dev07.dev.templa.id\/sv\/wp-json\/wp\/v2\/types\/page"}],"author":[{"embeddable":true,"href":"https:\/\/dev07.dev.templa.id\/sv\/wp-json\/wp\/v2\/users\/28"}],"replies":[{"embeddable":true,"href":"https:\/\/dev07.dev.templa.id\/sv\/wp-json\/wp\/v2\/comments?post=3642"}],"version-history":[{"count":5,"href":"https:\/\/dev07.dev.templa.id\/sv\/wp-json\/wp\/v2\/pages\/3642\/revisions"}],"predecessor-version":[{"id":7479,"href":"https:\/\/dev07.dev.templa.id\/sv\/wp-json\/wp\/v2\/pages\/3642\/revisions\/7479"}],"up":[{"embeddable":true,"href":"https:\/\/dev07.dev.templa.id\/sv\/wp-json\/wp\/v2\/pages\/4129"}],"wp:attachment":[{"href":"https:\/\/dev07.dev.templa.id\/sv\/wp-json\/wp\/v2\/media?parent=3642"}],"curies":[{"name":"wp","href":"https:\/\/api.w.org\/{rel}","templated":true}]}}