{"id":3639,"date":"2019-05-22T09:28:42","date_gmt":"2019-05-22T09:28:42","guid":{"rendered":"https:\/\/wp144.wp.dev.n0ll.dk\/erhvervsaftaler\/"},"modified":"2021-09-21T13:57:18","modified_gmt":"2021-09-21T13:57:18","slug":"handelsavtal","status":"publish","type":"page","link":"https:\/\/dev07.dev.templa.id\/sv\/handelsavtal\/","title":{"rendered":"Handelsavtal"},"content":{"rendered":"","protected":false},"excerpt":{"rendered":"","protected":false},"author":28,"featured_media":0,"parent":0,"menu_order":0,"comment_status":"closed","ping_status":"closed","template":"","meta":{"footnotes":""},"class_list":["post-3639","page","type-page","status-publish","hentry"],"yoast_head":"<!-- This site is optimized with the Yoast SEO plugin v25.2 - https:\/\/yoast.com\/wordpress\/plugins\/seo\/ -->\n<title>Bli f\u00f6retagskund i dag och utnyttja f\u00f6rdelarna<\/title>\n<meta name=\"description\" content=\"Vi finns d\u00e4r f\u00f6r att ge dig r\u00e5d om din avfallshantering. Bli en aff\u00e4rspartner och f\u00e5 f\u00f6rm\u00e5ner. Det r\u00e4cker med ett enda samtal 010 330 20 90\" \/>\n<meta name=\"robots\" content=\"noindex, follow, max-snippet:-1, max-image-preview:large, max-video-preview:-1\" \/>\n<meta property=\"og:locale\" content=\"sv_SE\" \/>\n<meta property=\"og:type\" content=\"article\" \/>\n<meta property=\"og:title\" content=\"Bli f\u00f6retagskund i dag och utnyttja f\u00f6rdelarna\" \/>\n<meta property=\"og:description\" content=\"Vi finns d\u00e4r f\u00f6r att ge dig r\u00e5d om din avfallshantering. Bli en aff\u00e4rspartner och f\u00e5 f\u00f6rm\u00e5ner. Det r\u00e4cker med ett enda samtal 010 330 20 90\" \/>\n<meta property=\"og:url\" content=\"https:\/\/dev07.dev.templa.id\/sv\/handelsavtal\/\" \/>\n<meta property=\"og:site_name\" content=\"Junkbusters\" \/>\n<meta property=\"article:modified_time\" content=\"2021-09-21T13:57:18+00:00\" \/>\n<meta name=\"twitter:card\" content=\"summary_large_image\" \/>\n<script type=\"application\/ld+json\" class=\"yoast-schema-graph\">{\"@context\":\"https:\/\/schema.org\",\"@graph\":[{\"@type\":\"WebPage\",\"@id\":\"https:\/\/dev07.dev.templa.id\/sv\/handelsavtal\/\",\"url\":\"https:\/\/dev07.dev.templa.id\/sv\/handelsavtal\/\",\"name\":\"Bli f\u00f6retagskund i dag och utnyttja f\u00f6rdelarna\",\"isPartOf\":{\"@id\":\"https:\/\/dev07.dev.templa.id\/#website\"},\"datePublished\":\"2019-05-22T09:28:42+00:00\",\"dateModified\":\"2021-09-21T13:57:18+00:00\",\"description\":\"Vi finns d\u00e4r f\u00f6r att ge dig r\u00e5d om din avfallshantering. Bli en aff\u00e4rspartner och f\u00e5 f\u00f6rm\u00e5ner. Det r\u00e4cker med ett enda samtal 010 330 20 90\",\"breadcrumb\":{\"@id\":\"https:\/\/dev07.dev.templa.id\/sv\/handelsavtal\/#breadcrumb\"},\"inLanguage\":\"sv-SE\",\"potentialAction\":[{\"@type\":\"ReadAction\",\"target\":[\"https:\/\/dev07.dev.templa.id\/sv\/handelsavtal\/\"]}]},{\"@type\":\"BreadcrumbList\",\"@id\":\"https:\/\/dev07.dev.templa.id\/sv\/handelsavtal\/#breadcrumb\",\"itemListElement\":[{\"@type\":\"ListItem\",\"position\":1,\"name\":\"Hjem\",\"item\":\"https:\/\/dev07.dev.templa.id\/sv\/\"},{\"@type\":\"ListItem\",\"position\":2,\"name\":\"Handelsavtal\"}]},{\"@type\":\"WebSite\",\"@id\":\"https:\/\/dev07.dev.templa.id\/#website\",\"url\":\"https:\/\/dev07.dev.templa.id\/\",\"name\":\"Junkbusters\",\"description\":\"Junk made easy\",\"publisher\":{\"@id\":\"https:\/\/dev07.dev.templa.id\/#organization\"},\"potentialAction\":[{\"@type\":\"SearchAction\",\"target\":{\"@type\":\"EntryPoint\",\"urlTemplate\":\"https:\/\/dev07.dev.templa.id\/?s={search_term_string}\"},\"query-input\":{\"@type\":\"PropertyValueSpecification\",\"valueRequired\":true,\"valueName\":\"search_term_string\"}}],\"inLanguage\":\"sv-SE\"},{\"@type\":\"Organization\",\"@id\":\"https:\/\/dev07.dev.templa.id\/#organization\",\"name\":\"Junkbusters\",\"url\":\"https:\/\/dev07.dev.templa.id\/\",\"logo\":{\"@type\":\"ImageObject\",\"inLanguage\":\"sv-SE\",\"@id\":\"https:\/\/dev07.dev.templa.id\/#\/schema\/logo\/image\/\",\"url\":\"https:\/\/dev07.dev.templa.id\/wp-content\/uploads\/2021\/03\/nylogo.svg\",\"contentUrl\":\"https:\/\/dev07.dev.templa.id\/wp-content\/uploads\/2021\/03\/nylogo.svg\",\"width\":173,\"height\":51,\"caption\":\"Junkbusters\"},\"image\":{\"@id\":\"https:\/\/dev07.dev.templa.id\/#\/schema\/logo\/image\/\"}}]}<\/script>\n<!-- \/ Yoast SEO plugin. -->","yoast_head_json":{"title":"Bli f\u00f6retagskund i dag och utnyttja f\u00f6rdelarna","description":"Vi finns d\u00e4r f\u00f6r att ge dig r\u00e5d om din avfallshantering. Bli en aff\u00e4rspartner och f\u00e5 f\u00f6rm\u00e5ner. Det r\u00e4cker med ett enda samtal 010 330 20 90","robots":{"index":"noindex","follow":"follow","max-snippet":"max-snippet:-1","max-image-preview":"max-image-preview:large","max-video-preview":"max-video-preview:-1"},"og_locale":"sv_SE","og_type":"article","og_title":"Bli f\u00f6retagskund i dag och utnyttja f\u00f6rdelarna","og_description":"Vi finns d\u00e4r f\u00f6r att ge dig r\u00e5d om din avfallshantering. Bli en aff\u00e4rspartner och f\u00e5 f\u00f6rm\u00e5ner. Det r\u00e4cker med ett enda samtal 010 330 20 90","og_url":"https:\/\/dev07.dev.templa.id\/sv\/handelsavtal\/","og_site_name":"Junkbusters","article_modified_time":"2021-09-21T13:57:18+00:00","twitter_card":"summary_large_image","schema":{"@context":"https:\/\/schema.org","@graph":[{"@type":"WebPage","@id":"https:\/\/dev07.dev.templa.id\/sv\/handelsavtal\/","url":"https:\/\/dev07.dev.templa.id\/sv\/handelsavtal\/","name":"Bli f\u00f6retagskund i dag och utnyttja f\u00f6rdelarna","isPartOf":{"@id":"https:\/\/dev07.dev.templa.id\/#website"},"datePublished":"2019-05-22T09:28:42+00:00","dateModified":"2021-09-21T13:57:18+00:00","description":"Vi finns d\u00e4r f\u00f6r att ge dig r\u00e5d om din avfallshantering. Bli en aff\u00e4rspartner och f\u00e5 f\u00f6rm\u00e5ner. Det r\u00e4cker med ett enda samtal 010 330 20 90","breadcrumb":{"@id":"https:\/\/dev07.dev.templa.id\/sv\/handelsavtal\/#breadcrumb"},"inLanguage":"sv-SE","potentialAction":[{"@type":"ReadAction","target":["https:\/\/dev07.dev.templa.id\/sv\/handelsavtal\/"]}]},{"@type":"BreadcrumbList","@id":"https:\/\/dev07.dev.templa.id\/sv\/handelsavtal\/#breadcrumb","itemListElement":[{"@type":"ListItem","position":1,"name":"Hjem","item":"https:\/\/dev07.dev.templa.id\/sv\/"},{"@type":"ListItem","position":2,"name":"Handelsavtal"}]},{"@type":"WebSite","@id":"https:\/\/dev07.dev.templa.id\/#website","url":"https:\/\/dev07.dev.templa.id\/","name":"Junkbusters","description":"Junk made easy","publisher":{"@id":"https:\/\/dev07.dev.templa.id\/#organization"},"potentialAction":[{"@type":"SearchAction","target":{"@type":"EntryPoint","urlTemplate":"https:\/\/dev07.dev.templa.id\/?s={search_term_string}"},"query-input":{"@type":"PropertyValueSpecification","valueRequired":true,"valueName":"search_term_string"}}],"inLanguage":"sv-SE"},{"@type":"Organization","@id":"https:\/\/dev07.dev.templa.id\/#organization","name":"Junkbusters","url":"https:\/\/dev07.dev.templa.id\/","logo":{"@type":"ImageObject","inLanguage":"sv-SE","@id":"https:\/\/dev07.dev.templa.id\/#\/schema\/logo\/image\/","url":"https:\/\/dev07.dev.templa.id\/wp-content\/uploads\/2021\/03\/nylogo.svg","contentUrl":"https:\/\/dev07.dev.templa.id\/wp-content\/uploads\/2021\/03\/nylogo.svg","width":173,"height":51,"caption":"Junkbusters"},"image":{"@id":"https:\/\/dev07.dev.templa.id\/#\/schema\/logo\/image\/"}}]}},"_links":{"self":[{"href":"https:\/\/dev07.dev.templa.id\/sv\/wp-json\/wp\/v2\/pages\/3639","targetHints":{"allow":["GET"]}}],"collection":[{"href":"https:\/\/dev07.dev.templa.id\/sv\/wp-json\/wp\/v2\/pages"}],"about":[{"href":"https:\/\/dev07.dev.templa.id\/sv\/wp-json\/wp\/v2\/types\/page"}],"author":[{"embeddable":true,"href":"https:\/\/dev07.dev.templa.id\/sv\/wp-json\/wp\/v2\/users\/28"}],"replies":[{"embeddable":true,"href":"https:\/\/dev07.dev.templa.id\/sv\/wp-json\/wp\/v2\/comments?post=3639"}],"version-history":[{"count":10,"href":"https:\/\/dev07.dev.templa.id\/sv\/wp-json\/wp\/v2\/pages\/3639\/revisions"}],"predecessor-version":[{"id":9581,"href":"https:\/\/dev07.dev.templa.id\/sv\/wp-json\/wp\/v2\/pages\/3639\/revisions\/9581"}],"wp:attachment":[{"href":"https:\/\/dev07.dev.templa.id\/sv\/wp-json\/wp\/v2\/media?parent=3639"}],"curies":[{"name":"wp","href":"https:\/\/api.w.org\/{rel}","templated":true}]}}