{"id":3625,"date":"2019-05-22T13:57:01","date_gmt":"2019-05-22T13:57:01","guid":{"rendered":"https:\/\/wp144.wp.dev.n0ll.dk\/handelsbetingelser\/"},"modified":"2021-09-21T14:00:49","modified_gmt":"2021-09-21T14:00:49","slug":"leverans-och-affarsvillkor","status":"publish","type":"page","link":"https:\/\/dev07.dev.templa.id\/sv\/leverans-och-affarsvillkor\/","title":{"rendered":"Leverans- och Aff\u00e4rsvillkor"},"content":{"rendered":"","protected":false},"excerpt":{"rendered":"","protected":false},"author":28,"featured_media":0,"parent":0,"menu_order":0,"comment_status":"closed","ping_status":"closed","template":"","meta":{"footnotes":""},"class_list":["post-3625","page","type-page","status-publish","hentry"],"yoast_head":"<!-- This site is optimized with the Yoast SEO plugin v25.2 - https:\/\/yoast.com\/wordpress\/plugins\/seo\/ -->\n<title>Leverans- och aff\u00e4rsvillkor<\/title>\n<meta name=\"description\" content=\"Leverans- och aff\u00e4rsvillkor kan ses h\u00e4r\" \/>\n<meta name=\"robots\" content=\"noindex, follow, max-snippet:-1, max-image-preview:large, max-video-preview:-1\" \/>\n<meta property=\"og:locale\" content=\"sv_SE\" \/>\n<meta property=\"og:type\" content=\"article\" \/>\n<meta property=\"og:title\" content=\"Leverans- och aff\u00e4rsvillkor\" \/>\n<meta property=\"og:description\" content=\"Leverans- och aff\u00e4rsvillkor kan ses h\u00e4r\" \/>\n<meta property=\"og:url\" content=\"https:\/\/dev07.dev.templa.id\/sv\/leverans-och-affarsvillkor\/\" \/>\n<meta property=\"og:site_name\" content=\"Junkbusters\" \/>\n<meta property=\"article:modified_time\" content=\"2021-09-21T14:00:49+00:00\" \/>\n<meta name=\"twitter:card\" content=\"summary_large_image\" \/>\n<script type=\"application\/ld+json\" class=\"yoast-schema-graph\">{\"@context\":\"https:\/\/schema.org\",\"@graph\":[{\"@type\":\"WebPage\",\"@id\":\"https:\/\/dev07.dev.templa.id\/sv\/leverans-och-affarsvillkor\/\",\"url\":\"https:\/\/dev07.dev.templa.id\/sv\/leverans-och-affarsvillkor\/\",\"name\":\"Leverans- och aff\u00e4rsvillkor\",\"isPartOf\":{\"@id\":\"https:\/\/dev07.dev.templa.id\/#website\"},\"datePublished\":\"2019-05-22T13:57:01+00:00\",\"dateModified\":\"2021-09-21T14:00:49+00:00\",\"description\":\"Leverans- och aff\u00e4rsvillkor kan ses h\u00e4r\",\"breadcrumb\":{\"@id\":\"https:\/\/dev07.dev.templa.id\/sv\/leverans-och-affarsvillkor\/#breadcrumb\"},\"inLanguage\":\"sv-SE\",\"potentialAction\":[{\"@type\":\"ReadAction\",\"target\":[\"https:\/\/dev07.dev.templa.id\/sv\/leverans-och-affarsvillkor\/\"]}]},{\"@type\":\"BreadcrumbList\",\"@id\":\"https:\/\/dev07.dev.templa.id\/sv\/leverans-och-affarsvillkor\/#breadcrumb\",\"itemListElement\":[{\"@type\":\"ListItem\",\"position\":1,\"name\":\"Hjem\",\"item\":\"https:\/\/dev07.dev.templa.id\/sv\/\"},{\"@type\":\"ListItem\",\"position\":2,\"name\":\"Leverans- och Aff\u00e4rsvillkor\"}]},{\"@type\":\"WebSite\",\"@id\":\"https:\/\/dev07.dev.templa.id\/#website\",\"url\":\"https:\/\/dev07.dev.templa.id\/\",\"name\":\"Junkbusters\",\"description\":\"Junk made easy\",\"publisher\":{\"@id\":\"https:\/\/dev07.dev.templa.id\/#organization\"},\"potentialAction\":[{\"@type\":\"SearchAction\",\"target\":{\"@type\":\"EntryPoint\",\"urlTemplate\":\"https:\/\/dev07.dev.templa.id\/?s={search_term_string}\"},\"query-input\":{\"@type\":\"PropertyValueSpecification\",\"valueRequired\":true,\"valueName\":\"search_term_string\"}}],\"inLanguage\":\"sv-SE\"},{\"@type\":\"Organization\",\"@id\":\"https:\/\/dev07.dev.templa.id\/#organization\",\"name\":\"Junkbusters\",\"url\":\"https:\/\/dev07.dev.templa.id\/\",\"logo\":{\"@type\":\"ImageObject\",\"inLanguage\":\"sv-SE\",\"@id\":\"https:\/\/dev07.dev.templa.id\/#\/schema\/logo\/image\/\",\"url\":\"https:\/\/dev07.dev.templa.id\/wp-content\/uploads\/2021\/03\/nylogo.svg\",\"contentUrl\":\"https:\/\/dev07.dev.templa.id\/wp-content\/uploads\/2021\/03\/nylogo.svg\",\"width\":173,\"height\":51,\"caption\":\"Junkbusters\"},\"image\":{\"@id\":\"https:\/\/dev07.dev.templa.id\/#\/schema\/logo\/image\/\"}}]}<\/script>\n<!-- \/ Yoast SEO plugin. -->","yoast_head_json":{"title":"Leverans- och aff\u00e4rsvillkor","description":"Leverans- och aff\u00e4rsvillkor kan ses h\u00e4r","robots":{"index":"noindex","follow":"follow","max-snippet":"max-snippet:-1","max-image-preview":"max-image-preview:large","max-video-preview":"max-video-preview:-1"},"og_locale":"sv_SE","og_type":"article","og_title":"Leverans- och aff\u00e4rsvillkor","og_description":"Leverans- och aff\u00e4rsvillkor kan ses h\u00e4r","og_url":"https:\/\/dev07.dev.templa.id\/sv\/leverans-och-affarsvillkor\/","og_site_name":"Junkbusters","article_modified_time":"2021-09-21T14:00:49+00:00","twitter_card":"summary_large_image","schema":{"@context":"https:\/\/schema.org","@graph":[{"@type":"WebPage","@id":"https:\/\/dev07.dev.templa.id\/sv\/leverans-och-affarsvillkor\/","url":"https:\/\/dev07.dev.templa.id\/sv\/leverans-och-affarsvillkor\/","name":"Leverans- och aff\u00e4rsvillkor","isPartOf":{"@id":"https:\/\/dev07.dev.templa.id\/#website"},"datePublished":"2019-05-22T13:57:01+00:00","dateModified":"2021-09-21T14:00:49+00:00","description":"Leverans- och aff\u00e4rsvillkor kan ses h\u00e4r","breadcrumb":{"@id":"https:\/\/dev07.dev.templa.id\/sv\/leverans-och-affarsvillkor\/#breadcrumb"},"inLanguage":"sv-SE","potentialAction":[{"@type":"ReadAction","target":["https:\/\/dev07.dev.templa.id\/sv\/leverans-och-affarsvillkor\/"]}]},{"@type":"BreadcrumbList","@id":"https:\/\/dev07.dev.templa.id\/sv\/leverans-och-affarsvillkor\/#breadcrumb","itemListElement":[{"@type":"ListItem","position":1,"name":"Hjem","item":"https:\/\/dev07.dev.templa.id\/sv\/"},{"@type":"ListItem","position":2,"name":"Leverans- och Aff\u00e4rsvillkor"}]},{"@type":"WebSite","@id":"https:\/\/dev07.dev.templa.id\/#website","url":"https:\/\/dev07.dev.templa.id\/","name":"Junkbusters","description":"Junk made easy","publisher":{"@id":"https:\/\/dev07.dev.templa.id\/#organization"},"potentialAction":[{"@type":"SearchAction","target":{"@type":"EntryPoint","urlTemplate":"https:\/\/dev07.dev.templa.id\/?s={search_term_string}"},"query-input":{"@type":"PropertyValueSpecification","valueRequired":true,"valueName":"search_term_string"}}],"inLanguage":"sv-SE"},{"@type":"Organization","@id":"https:\/\/dev07.dev.templa.id\/#organization","name":"Junkbusters","url":"https:\/\/dev07.dev.templa.id\/","logo":{"@type":"ImageObject","inLanguage":"sv-SE","@id":"https:\/\/dev07.dev.templa.id\/#\/schema\/logo\/image\/","url":"https:\/\/dev07.dev.templa.id\/wp-content\/uploads\/2021\/03\/nylogo.svg","contentUrl":"https:\/\/dev07.dev.templa.id\/wp-content\/uploads\/2021\/03\/nylogo.svg","width":173,"height":51,"caption":"Junkbusters"},"image":{"@id":"https:\/\/dev07.dev.templa.id\/#\/schema\/logo\/image\/"}}]}},"_links":{"self":[{"href":"https:\/\/dev07.dev.templa.id\/sv\/wp-json\/wp\/v2\/pages\/3625","targetHints":{"allow":["GET"]}}],"collection":[{"href":"https:\/\/dev07.dev.templa.id\/sv\/wp-json\/wp\/v2\/pages"}],"about":[{"href":"https:\/\/dev07.dev.templa.id\/sv\/wp-json\/wp\/v2\/types\/page"}],"author":[{"embeddable":true,"href":"https:\/\/dev07.dev.templa.id\/sv\/wp-json\/wp\/v2\/users\/28"}],"replies":[{"embeddable":true,"href":"https:\/\/dev07.dev.templa.id\/sv\/wp-json\/wp\/v2\/comments?post=3625"}],"version-history":[{"count":10,"href":"https:\/\/dev07.dev.templa.id\/sv\/wp-json\/wp\/v2\/pages\/3625\/revisions"}],"predecessor-version":[{"id":9666,"href":"https:\/\/dev07.dev.templa.id\/sv\/wp-json\/wp\/v2\/pages\/3625\/revisions\/9666"}],"wp:attachment":[{"href":"https:\/\/dev07.dev.templa.id\/sv\/wp-json\/wp\/v2\/media?parent=3625"}],"curies":[{"name":"wp","href":"https:\/\/api.w.org\/{rel}","templated":true}]}}