{"id":3610,"date":"2019-05-22T09:26:23","date_gmt":"2019-05-22T09:26:23","guid":{"rendered":"https:\/\/wp144.wp.dev.n0ll.dk\/junkbag\/"},"modified":"2021-09-21T13:57:54","modified_gmt":"2021-09-21T13:57:54","slug":"junkbag","status":"publish","type":"page","link":"https:\/\/dev07.dev.templa.id\/sv\/junkbag\/","title":{"rendered":"Junkbag"},"content":{"rendered":"","protected":false},"excerpt":{"rendered":"","protected":false},"author":28,"featured_media":0,"parent":0,"menu_order":0,"comment_status":"closed","ping_status":"closed","template":"","meta":{"footnotes":""},"class_list":["post-3610","page","type-page","status-publish","hentry"],"yoast_head":"<!-- This site is optimized with the Yoast SEO plugin v25.2 - https:\/\/yoast.com\/wordpress\/plugins\/seo\/ -->\n<title>Bigbags\/stors\u00e4ckar \u2013 H\u00e4mtning av bigbags och avfallss\u00e4ckar<\/title>\n<meta name=\"description\" content=\"Best\u00e4ll h\u00e4mtning av din stors\u00e4ck\/bigbags\/avfallss\u00e4ckar i Stockholm. Ring eller boka direkt online, enkelt snabbt och prisv\u00e4rt! V\u00e4lkommen!\" \/>\n<meta name=\"robots\" content=\"noindex, follow, max-snippet:-1, max-image-preview:large, max-video-preview:-1\" \/>\n<meta property=\"og:locale\" content=\"sv_SE\" \/>\n<meta property=\"og:type\" content=\"article\" \/>\n<meta property=\"og:title\" content=\"Bigbags\/stors\u00e4ckar \u2013 H\u00e4mtning av bigbags och avfallss\u00e4ckar\" \/>\n<meta property=\"og:description\" content=\"Best\u00e4ll h\u00e4mtning av din stors\u00e4ck\/bigbags\/avfallss\u00e4ckar i Stockholm. Ring eller boka direkt online, enkelt snabbt och prisv\u00e4rt! V\u00e4lkommen!\" \/>\n<meta property=\"og:url\" content=\"https:\/\/dev07.dev.templa.id\/sv\/junkbag\/\" \/>\n<meta property=\"og:site_name\" content=\"Junkbusters\" \/>\n<meta property=\"article:modified_time\" content=\"2021-09-21T13:57:54+00:00\" \/>\n<meta name=\"twitter:card\" content=\"summary_large_image\" \/>\n<script type=\"application\/ld+json\" class=\"yoast-schema-graph\">{\"@context\":\"https:\/\/schema.org\",\"@graph\":[{\"@type\":\"WebPage\",\"@id\":\"https:\/\/dev07.dev.templa.id\/sv\/junkbag\/\",\"url\":\"https:\/\/dev07.dev.templa.id\/sv\/junkbag\/\",\"name\":\"Bigbags\/stors\u00e4ckar \u2013 H\u00e4mtning av bigbags och avfallss\u00e4ckar\",\"isPartOf\":{\"@id\":\"https:\/\/dev07.dev.templa.id\/#website\"},\"datePublished\":\"2019-05-22T09:26:23+00:00\",\"dateModified\":\"2021-09-21T13:57:54+00:00\",\"description\":\"Best\u00e4ll h\u00e4mtning av din stors\u00e4ck\/bigbags\/avfallss\u00e4ckar i Stockholm. Ring eller boka direkt online, enkelt snabbt och prisv\u00e4rt! V\u00e4lkommen!\",\"breadcrumb\":{\"@id\":\"https:\/\/dev07.dev.templa.id\/sv\/junkbag\/#breadcrumb\"},\"inLanguage\":\"sv-SE\",\"potentialAction\":[{\"@type\":\"ReadAction\",\"target\":[\"https:\/\/dev07.dev.templa.id\/sv\/junkbag\/\"]}]},{\"@type\":\"BreadcrumbList\",\"@id\":\"https:\/\/dev07.dev.templa.id\/sv\/junkbag\/#breadcrumb\",\"itemListElement\":[{\"@type\":\"ListItem\",\"position\":1,\"name\":\"Hjem\",\"item\":\"https:\/\/dev07.dev.templa.id\/sv\/\"},{\"@type\":\"ListItem\",\"position\":2,\"name\":\"Junkbag\"}]},{\"@type\":\"WebSite\",\"@id\":\"https:\/\/dev07.dev.templa.id\/#website\",\"url\":\"https:\/\/dev07.dev.templa.id\/\",\"name\":\"Junkbusters\",\"description\":\"Junk made easy\",\"publisher\":{\"@id\":\"https:\/\/dev07.dev.templa.id\/#organization\"},\"potentialAction\":[{\"@type\":\"SearchAction\",\"target\":{\"@type\":\"EntryPoint\",\"urlTemplate\":\"https:\/\/dev07.dev.templa.id\/?s={search_term_string}\"},\"query-input\":{\"@type\":\"PropertyValueSpecification\",\"valueRequired\":true,\"valueName\":\"search_term_string\"}}],\"inLanguage\":\"sv-SE\"},{\"@type\":\"Organization\",\"@id\":\"https:\/\/dev07.dev.templa.id\/#organization\",\"name\":\"Junkbusters\",\"url\":\"https:\/\/dev07.dev.templa.id\/\",\"logo\":{\"@type\":\"ImageObject\",\"inLanguage\":\"sv-SE\",\"@id\":\"https:\/\/dev07.dev.templa.id\/#\/schema\/logo\/image\/\",\"url\":\"https:\/\/dev07.dev.templa.id\/wp-content\/uploads\/2021\/03\/nylogo.svg\",\"contentUrl\":\"https:\/\/dev07.dev.templa.id\/wp-content\/uploads\/2021\/03\/nylogo.svg\",\"width\":173,\"height\":51,\"caption\":\"Junkbusters\"},\"image\":{\"@id\":\"https:\/\/dev07.dev.templa.id\/#\/schema\/logo\/image\/\"}}]}<\/script>\n<!-- \/ Yoast SEO plugin. -->","yoast_head_json":{"title":"Bigbags\/stors\u00e4ckar \u2013 H\u00e4mtning av bigbags och avfallss\u00e4ckar","description":"Best\u00e4ll h\u00e4mtning av din stors\u00e4ck\/bigbags\/avfallss\u00e4ckar i Stockholm. Ring eller boka direkt online, enkelt snabbt och prisv\u00e4rt! V\u00e4lkommen!","robots":{"index":"noindex","follow":"follow","max-snippet":"max-snippet:-1","max-image-preview":"max-image-preview:large","max-video-preview":"max-video-preview:-1"},"og_locale":"sv_SE","og_type":"article","og_title":"Bigbags\/stors\u00e4ckar \u2013 H\u00e4mtning av bigbags och avfallss\u00e4ckar","og_description":"Best\u00e4ll h\u00e4mtning av din stors\u00e4ck\/bigbags\/avfallss\u00e4ckar i Stockholm. Ring eller boka direkt online, enkelt snabbt och prisv\u00e4rt! V\u00e4lkommen!","og_url":"https:\/\/dev07.dev.templa.id\/sv\/junkbag\/","og_site_name":"Junkbusters","article_modified_time":"2021-09-21T13:57:54+00:00","twitter_card":"summary_large_image","schema":{"@context":"https:\/\/schema.org","@graph":[{"@type":"WebPage","@id":"https:\/\/dev07.dev.templa.id\/sv\/junkbag\/","url":"https:\/\/dev07.dev.templa.id\/sv\/junkbag\/","name":"Bigbags\/stors\u00e4ckar \u2013 H\u00e4mtning av bigbags och avfallss\u00e4ckar","isPartOf":{"@id":"https:\/\/dev07.dev.templa.id\/#website"},"datePublished":"2019-05-22T09:26:23+00:00","dateModified":"2021-09-21T13:57:54+00:00","description":"Best\u00e4ll h\u00e4mtning av din stors\u00e4ck\/bigbags\/avfallss\u00e4ckar i Stockholm. Ring eller boka direkt online, enkelt snabbt och prisv\u00e4rt! V\u00e4lkommen!","breadcrumb":{"@id":"https:\/\/dev07.dev.templa.id\/sv\/junkbag\/#breadcrumb"},"inLanguage":"sv-SE","potentialAction":[{"@type":"ReadAction","target":["https:\/\/dev07.dev.templa.id\/sv\/junkbag\/"]}]},{"@type":"BreadcrumbList","@id":"https:\/\/dev07.dev.templa.id\/sv\/junkbag\/#breadcrumb","itemListElement":[{"@type":"ListItem","position":1,"name":"Hjem","item":"https:\/\/dev07.dev.templa.id\/sv\/"},{"@type":"ListItem","position":2,"name":"Junkbag"}]},{"@type":"WebSite","@id":"https:\/\/dev07.dev.templa.id\/#website","url":"https:\/\/dev07.dev.templa.id\/","name":"Junkbusters","description":"Junk made easy","publisher":{"@id":"https:\/\/dev07.dev.templa.id\/#organization"},"potentialAction":[{"@type":"SearchAction","target":{"@type":"EntryPoint","urlTemplate":"https:\/\/dev07.dev.templa.id\/?s={search_term_string}"},"query-input":{"@type":"PropertyValueSpecification","valueRequired":true,"valueName":"search_term_string"}}],"inLanguage":"sv-SE"},{"@type":"Organization","@id":"https:\/\/dev07.dev.templa.id\/#organization","name":"Junkbusters","url":"https:\/\/dev07.dev.templa.id\/","logo":{"@type":"ImageObject","inLanguage":"sv-SE","@id":"https:\/\/dev07.dev.templa.id\/#\/schema\/logo\/image\/","url":"https:\/\/dev07.dev.templa.id\/wp-content\/uploads\/2021\/03\/nylogo.svg","contentUrl":"https:\/\/dev07.dev.templa.id\/wp-content\/uploads\/2021\/03\/nylogo.svg","width":173,"height":51,"caption":"Junkbusters"},"image":{"@id":"https:\/\/dev07.dev.templa.id\/#\/schema\/logo\/image\/"}}]}},"_links":{"self":[{"href":"https:\/\/dev07.dev.templa.id\/sv\/wp-json\/wp\/v2\/pages\/3610","targetHints":{"allow":["GET"]}}],"collection":[{"href":"https:\/\/dev07.dev.templa.id\/sv\/wp-json\/wp\/v2\/pages"}],"about":[{"href":"https:\/\/dev07.dev.templa.id\/sv\/wp-json\/wp\/v2\/types\/page"}],"author":[{"embeddable":true,"href":"https:\/\/dev07.dev.templa.id\/sv\/wp-json\/wp\/v2\/users\/28"}],"replies":[{"embeddable":true,"href":"https:\/\/dev07.dev.templa.id\/sv\/wp-json\/wp\/v2\/comments?post=3610"}],"version-history":[{"count":28,"href":"https:\/\/dev07.dev.templa.id\/sv\/wp-json\/wp\/v2\/pages\/3610\/revisions"}],"predecessor-version":[{"id":9906,"href":"https:\/\/dev07.dev.templa.id\/sv\/wp-json\/wp\/v2\/pages\/3610\/revisions\/9906"}],"wp:attachment":[{"href":"https:\/\/dev07.dev.templa.id\/sv\/wp-json\/wp\/v2\/media?parent=3610"}],"curies":[{"name":"wp","href":"https:\/\/api.w.org\/{rel}","templated":true}]}}