{"id":9973,"date":"2019-05-22T09:26:31","date_gmt":"2019-05-22T09:26:31","guid":{"rendered":"https:\/\/wp82.wp.dev.aidup.io\/lej-container\/"},"modified":"2022-06-30T06:43:38","modified_gmt":"2022-06-30T06:43:38","slug":"lej-container","status":"publish","type":"page","link":"https:\/\/dev07.dev.templa.id\/en\/lej-container\/","title":{"rendered":"Lej container"},"content":{"rendered":"","protected":false},"excerpt":{"rendered":"","protected":false},"author":28,"featured_media":2455,"parent":0,"menu_order":0,"comment_status":"closed","ping_status":"closed","template":"","meta":{"footnotes":""},"class_list":["post-9973","page","type-page","status-publish","has-post-thumbnail","hentry"],"yoast_head":"<!-- This site is optimized with the Yoast SEO plugin v25.2 - https:\/\/yoast.com\/wordpress\/plugins\/seo\/ -->\n<title>Lej en container | affaldscontainer udlejes i hele Danmark<\/title>\n<meta name=\"description\" content=\"Brug for en affaldscontainer? S\u00e5 bes\u00f8g Junkbusters. Hurtig levering - Hj\u00e6lp til affaldsh\u00e5ndtering - Online bestilling - Kontakt os her i dag!\" \/>\n<meta name=\"robots\" content=\"noindex, follow, max-snippet:-1, max-image-preview:large, max-video-preview:-1\" \/>\n<meta property=\"og:locale\" content=\"en_GB\" \/>\n<meta property=\"og:type\" content=\"article\" \/>\n<meta property=\"og:title\" content=\"Lej en container | affaldscontainer udlejes i hele Danmark\" \/>\n<meta property=\"og:description\" content=\"Brug for en affaldscontainer? S\u00e5 bes\u00f8g Junkbusters. Hurtig levering - Hj\u00e6lp til affaldsh\u00e5ndtering - Online bestilling - Kontakt os her i dag!\" \/>\n<meta property=\"og:url\" content=\"https:\/\/dev07.dev.templa.id\/en\/lej-container\/\" \/>\n<meta property=\"og:site_name\" content=\"Junkbusters\" \/>\n<meta property=\"article:modified_time\" content=\"2022-06-30T06:43:38+00:00\" \/>\n<meta property=\"og:image\" content=\"https:\/\/dev07.dev.templa.id\/wp-content\/uploads\/2019\/09\/Container-baggrundsbillede-1.jpg\" \/>\n\t<meta property=\"og:image:width\" content=\"1900\" \/>\n\t<meta property=\"og:image:height\" content=\"1071\" \/>\n\t<meta property=\"og:image:type\" content=\"image\/jpeg\" \/>\n<meta name=\"twitter:card\" content=\"summary_large_image\" \/>\n<script type=\"application\/ld+json\" class=\"yoast-schema-graph\">{\"@context\":\"https:\/\/schema.org\",\"@graph\":[{\"@type\":\"WebPage\",\"@id\":\"https:\/\/dev07.dev.templa.id\/en\/lej-container\/\",\"url\":\"https:\/\/dev07.dev.templa.id\/en\/lej-container\/\",\"name\":\"Lej en container | affaldscontainer udlejes i hele Danmark\",\"isPartOf\":{\"@id\":\"https:\/\/dev07.dev.templa.id\/#website\"},\"primaryImageOfPage\":{\"@id\":\"https:\/\/dev07.dev.templa.id\/en\/lej-container\/#primaryimage\"},\"image\":{\"@id\":\"https:\/\/dev07.dev.templa.id\/en\/lej-container\/#primaryimage\"},\"thumbnailUrl\":\"https:\/\/dev07.dev.templa.id\/wp-content\/uploads\/2019\/09\/Container-baggrundsbillede-1.jpg\",\"datePublished\":\"2019-05-22T09:26:31+00:00\",\"dateModified\":\"2022-06-30T06:43:38+00:00\",\"description\":\"Brug for en affaldscontainer? S\u00e5 bes\u00f8g Junkbusters. Hurtig levering - Hj\u00e6lp til affaldsh\u00e5ndtering - Online bestilling - Kontakt os her i dag!\",\"breadcrumb\":{\"@id\":\"https:\/\/dev07.dev.templa.id\/en\/lej-container\/#breadcrumb\"},\"inLanguage\":\"en-GB\",\"potentialAction\":[{\"@type\":\"ReadAction\",\"target\":[\"https:\/\/dev07.dev.templa.id\/en\/lej-container\/\"]}]},{\"@type\":\"ImageObject\",\"inLanguage\":\"en-GB\",\"@id\":\"https:\/\/dev07.dev.templa.id\/en\/lej-container\/#primaryimage\",\"url\":\"https:\/\/dev07.dev.templa.id\/wp-content\/uploads\/2019\/09\/Container-baggrundsbillede-1.jpg\",\"contentUrl\":\"https:\/\/dev07.dev.templa.id\/wp-content\/uploads\/2019\/09\/Container-baggrundsbillede-1.jpg\",\"width\":1900,\"height\":1071},{\"@type\":\"BreadcrumbList\",\"@id\":\"https:\/\/dev07.dev.templa.id\/en\/lej-container\/#breadcrumb\",\"itemListElement\":[{\"@type\":\"ListItem\",\"position\":1,\"name\":\"Hjem\",\"item\":\"https:\/\/dev07.dev.templa.id\/\"},{\"@type\":\"ListItem\",\"position\":2,\"name\":\"Lej container\"}]},{\"@type\":\"WebSite\",\"@id\":\"https:\/\/dev07.dev.templa.id\/#website\",\"url\":\"https:\/\/dev07.dev.templa.id\/\",\"name\":\"Junkbusters\",\"description\":\"Junk made easy\",\"publisher\":{\"@id\":\"https:\/\/dev07.dev.templa.id\/#organization\"},\"potentialAction\":[{\"@type\":\"SearchAction\",\"target\":{\"@type\":\"EntryPoint\",\"urlTemplate\":\"https:\/\/dev07.dev.templa.id\/?s={search_term_string}\"},\"query-input\":{\"@type\":\"PropertyValueSpecification\",\"valueRequired\":true,\"valueName\":\"search_term_string\"}}],\"inLanguage\":\"en-GB\"},{\"@type\":\"Organization\",\"@id\":\"https:\/\/dev07.dev.templa.id\/#organization\",\"name\":\"Junkbusters\",\"url\":\"https:\/\/dev07.dev.templa.id\/\",\"logo\":{\"@type\":\"ImageObject\",\"inLanguage\":\"en-GB\",\"@id\":\"https:\/\/dev07.dev.templa.id\/#\/schema\/logo\/image\/\",\"url\":\"https:\/\/dev07.dev.templa.id\/wp-content\/uploads\/2021\/03\/nylogo.svg\",\"contentUrl\":\"https:\/\/dev07.dev.templa.id\/wp-content\/uploads\/2021\/03\/nylogo.svg\",\"width\":173,\"height\":51,\"caption\":\"Junkbusters\"},\"image\":{\"@id\":\"https:\/\/dev07.dev.templa.id\/#\/schema\/logo\/image\/\"}}]}<\/script>\n<!-- \/ Yoast SEO plugin. -->","yoast_head_json":{"title":"Lej en container | affaldscontainer udlejes i hele Danmark","description":"Brug for en affaldscontainer? S\u00e5 bes\u00f8g Junkbusters. Hurtig levering - Hj\u00e6lp til affaldsh\u00e5ndtering - Online bestilling - Kontakt os her i dag!","robots":{"index":"noindex","follow":"follow","max-snippet":"max-snippet:-1","max-image-preview":"max-image-preview:large","max-video-preview":"max-video-preview:-1"},"og_locale":"en_GB","og_type":"article","og_title":"Lej en container | affaldscontainer udlejes i hele Danmark","og_description":"Brug for en affaldscontainer? S\u00e5 bes\u00f8g Junkbusters. Hurtig levering - Hj\u00e6lp til affaldsh\u00e5ndtering - Online bestilling - Kontakt os her i dag!","og_url":"https:\/\/dev07.dev.templa.id\/en\/lej-container\/","og_site_name":"Junkbusters","article_modified_time":"2022-06-30T06:43:38+00:00","og_image":[{"width":1900,"height":1071,"url":"https:\/\/dev07.dev.templa.id\/wp-content\/uploads\/2019\/09\/Container-baggrundsbillede-1.jpg","type":"image\/jpeg"}],"twitter_card":"summary_large_image","schema":{"@context":"https:\/\/schema.org","@graph":[{"@type":"WebPage","@id":"https:\/\/dev07.dev.templa.id\/en\/lej-container\/","url":"https:\/\/dev07.dev.templa.id\/en\/lej-container\/","name":"Lej en container | affaldscontainer udlejes i hele Danmark","isPartOf":{"@id":"https:\/\/dev07.dev.templa.id\/#website"},"primaryImageOfPage":{"@id":"https:\/\/dev07.dev.templa.id\/en\/lej-container\/#primaryimage"},"image":{"@id":"https:\/\/dev07.dev.templa.id\/en\/lej-container\/#primaryimage"},"thumbnailUrl":"https:\/\/dev07.dev.templa.id\/wp-content\/uploads\/2019\/09\/Container-baggrundsbillede-1.jpg","datePublished":"2019-05-22T09:26:31+00:00","dateModified":"2022-06-30T06:43:38+00:00","description":"Brug for en affaldscontainer? S\u00e5 bes\u00f8g Junkbusters. Hurtig levering - Hj\u00e6lp til affaldsh\u00e5ndtering - Online bestilling - Kontakt os her i dag!","breadcrumb":{"@id":"https:\/\/dev07.dev.templa.id\/en\/lej-container\/#breadcrumb"},"inLanguage":"en-GB","potentialAction":[{"@type":"ReadAction","target":["https:\/\/dev07.dev.templa.id\/en\/lej-container\/"]}]},{"@type":"ImageObject","inLanguage":"en-GB","@id":"https:\/\/dev07.dev.templa.id\/en\/lej-container\/#primaryimage","url":"https:\/\/dev07.dev.templa.id\/wp-content\/uploads\/2019\/09\/Container-baggrundsbillede-1.jpg","contentUrl":"https:\/\/dev07.dev.templa.id\/wp-content\/uploads\/2019\/09\/Container-baggrundsbillede-1.jpg","width":1900,"height":1071},{"@type":"BreadcrumbList","@id":"https:\/\/dev07.dev.templa.id\/en\/lej-container\/#breadcrumb","itemListElement":[{"@type":"ListItem","position":1,"name":"Hjem","item":"https:\/\/dev07.dev.templa.id\/"},{"@type":"ListItem","position":2,"name":"Lej container"}]},{"@type":"WebSite","@id":"https:\/\/dev07.dev.templa.id\/#website","url":"https:\/\/dev07.dev.templa.id\/","name":"Junkbusters","description":"Junk made easy","publisher":{"@id":"https:\/\/dev07.dev.templa.id\/#organization"},"potentialAction":[{"@type":"SearchAction","target":{"@type":"EntryPoint","urlTemplate":"https:\/\/dev07.dev.templa.id\/?s={search_term_string}"},"query-input":{"@type":"PropertyValueSpecification","valueRequired":true,"valueName":"search_term_string"}}],"inLanguage":"en-GB"},{"@type":"Organization","@id":"https:\/\/dev07.dev.templa.id\/#organization","name":"Junkbusters","url":"https:\/\/dev07.dev.templa.id\/","logo":{"@type":"ImageObject","inLanguage":"en-GB","@id":"https:\/\/dev07.dev.templa.id\/#\/schema\/logo\/image\/","url":"https:\/\/dev07.dev.templa.id\/wp-content\/uploads\/2021\/03\/nylogo.svg","contentUrl":"https:\/\/dev07.dev.templa.id\/wp-content\/uploads\/2021\/03\/nylogo.svg","width":173,"height":51,"caption":"Junkbusters"},"image":{"@id":"https:\/\/dev07.dev.templa.id\/#\/schema\/logo\/image\/"}}]}},"_links":{"self":[{"href":"https:\/\/dev07.dev.templa.id\/en\/wp-json\/wp\/v2\/pages\/9973","targetHints":{"allow":["GET"]}}],"collection":[{"href":"https:\/\/dev07.dev.templa.id\/en\/wp-json\/wp\/v2\/pages"}],"about":[{"href":"https:\/\/dev07.dev.templa.id\/en\/wp-json\/wp\/v2\/types\/page"}],"author":[{"embeddable":true,"href":"https:\/\/dev07.dev.templa.id\/en\/wp-json\/wp\/v2\/users\/28"}],"replies":[{"embeddable":true,"href":"https:\/\/dev07.dev.templa.id\/en\/wp-json\/wp\/v2\/comments?post=9973"}],"version-history":[{"count":10,"href":"https:\/\/dev07.dev.templa.id\/en\/wp-json\/wp\/v2\/pages\/9973\/revisions"}],"predecessor-version":[{"id":10015,"href":"https:\/\/dev07.dev.templa.id\/en\/wp-json\/wp\/v2\/pages\/9973\/revisions\/10015"}],"wp:featuredmedia":[{"embeddable":true,"href":"https:\/\/dev07.dev.templa.id\/en\/wp-json\/wp\/v2\/media\/2455"}],"wp:attachment":[{"href":"https:\/\/dev07.dev.templa.id\/en\/wp-json\/wp\/v2\/media?parent=9973"}],"curies":[{"name":"wp","href":"https:\/\/api.w.org\/{rel}","templated":true}]}}