{"id":9961,"date":"2021-10-06T08:20:40","date_gmt":"2021-10-06T08:20:40","guid":{"rendered":"https:\/\/www.junkbusters.dk\/?page_id=9961"},"modified":"2021-10-06T08:20:40","modified_gmt":"2021-10-06T08:20:40","slug":"containerdienst","status":"publish","type":"page","link":"https:\/\/dev07.dev.templa.id\/de\/containerdienst\/","title":{"rendered":"Containerdienst"},"content":{"rendered":"","protected":false},"excerpt":{"rendered":"","protected":false},"author":22,"featured_media":0,"parent":0,"menu_order":0,"comment_status":"closed","ping_status":"closed","template":"","meta":{"footnotes":""},"class_list":["post-9961","page","type-page","status-publish","hentry"],"yoast_head":"<!-- This site is optimized with the Yoast SEO plugin v25.2 - https:\/\/yoast.com\/wordpress\/plugins\/seo\/ -->\n<title>Containerdienst | Sperrm\u00fcllabholung in Deutschland<\/title>\n<meta name=\"description\" content=\"Junkbusters hilft Ihnen bei der M\u00fcllabfuhr. Wir k\u00f6nnen sowohl bei gro\u00dfen als auch bei kleinen M\u00fcllsammlungen helfen - vom Junkbag bis zum Containerdienst.\" \/>\n<meta name=\"robots\" content=\"noindex, follow, max-snippet:-1, max-image-preview:large, max-video-preview:-1\" \/>\n<meta property=\"og:locale\" content=\"de_DE\" \/>\n<meta property=\"og:type\" content=\"article\" \/>\n<meta property=\"og:title\" content=\"Containerdienst | Sperrm\u00fcllabholung in Deutschland\" \/>\n<meta property=\"og:description\" content=\"Junkbusters hilft Ihnen bei der M\u00fcllabfuhr. Wir k\u00f6nnen sowohl bei gro\u00dfen als auch bei kleinen M\u00fcllsammlungen helfen - vom Junkbag bis zum Containerdienst.\" \/>\n<meta property=\"og:url\" content=\"https:\/\/dev07.dev.templa.id\/de\/containerdienst\/\" \/>\n<meta property=\"og:site_name\" content=\"Junkbusters\" \/>\n<meta name=\"twitter:card\" content=\"summary_large_image\" \/>\n<script type=\"application\/ld+json\" class=\"yoast-schema-graph\">{\"@context\":\"https:\/\/schema.org\",\"@graph\":[{\"@type\":\"WebPage\",\"@id\":\"https:\/\/dev07.dev.templa.id\/de\/containerdienst\/\",\"url\":\"https:\/\/dev07.dev.templa.id\/de\/containerdienst\/\",\"name\":\"Containerdienst | Sperrm\u00fcllabholung in Deutschland\",\"isPartOf\":{\"@id\":\"https:\/\/dev07.dev.templa.id\/#website\"},\"datePublished\":\"2021-10-06T08:20:40+00:00\",\"description\":\"Junkbusters hilft Ihnen bei der M\u00fcllabfuhr. Wir k\u00f6nnen sowohl bei gro\u00dfen als auch bei kleinen M\u00fcllsammlungen helfen - vom Junkbag bis zum Containerdienst.\",\"breadcrumb\":{\"@id\":\"https:\/\/dev07.dev.templa.id\/de\/containerdienst\/#breadcrumb\"},\"inLanguage\":\"de-DE\",\"potentialAction\":[{\"@type\":\"ReadAction\",\"target\":[\"https:\/\/dev07.dev.templa.id\/de\/containerdienst\/\"]}]},{\"@type\":\"BreadcrumbList\",\"@id\":\"https:\/\/dev07.dev.templa.id\/de\/containerdienst\/#breadcrumb\",\"itemListElement\":[{\"@type\":\"ListItem\",\"position\":1,\"name\":\"Hjem\",\"item\":\"https:\/\/dev07.dev.templa.id\/de\/\"},{\"@type\":\"ListItem\",\"position\":2,\"name\":\"Containerdienst\"}]},{\"@type\":\"WebSite\",\"@id\":\"https:\/\/dev07.dev.templa.id\/#website\",\"url\":\"https:\/\/dev07.dev.templa.id\/\",\"name\":\"Junkbusters\",\"description\":\"Junk made easy\",\"publisher\":{\"@id\":\"https:\/\/dev07.dev.templa.id\/#organization\"},\"potentialAction\":[{\"@type\":\"SearchAction\",\"target\":{\"@type\":\"EntryPoint\",\"urlTemplate\":\"https:\/\/dev07.dev.templa.id\/?s={search_term_string}\"},\"query-input\":{\"@type\":\"PropertyValueSpecification\",\"valueRequired\":true,\"valueName\":\"search_term_string\"}}],\"inLanguage\":\"de-DE\"},{\"@type\":\"Organization\",\"@id\":\"https:\/\/dev07.dev.templa.id\/#organization\",\"name\":\"Junkbusters\",\"url\":\"https:\/\/dev07.dev.templa.id\/\",\"logo\":{\"@type\":\"ImageObject\",\"inLanguage\":\"de-DE\",\"@id\":\"https:\/\/dev07.dev.templa.id\/#\/schema\/logo\/image\/\",\"url\":\"https:\/\/dev07.dev.templa.id\/wp-content\/uploads\/2021\/03\/nylogo.svg\",\"contentUrl\":\"https:\/\/dev07.dev.templa.id\/wp-content\/uploads\/2021\/03\/nylogo.svg\",\"width\":173,\"height\":51,\"caption\":\"Junkbusters\"},\"image\":{\"@id\":\"https:\/\/dev07.dev.templa.id\/#\/schema\/logo\/image\/\"}}]}<\/script>\n<!-- \/ Yoast SEO plugin. -->","yoast_head_json":{"title":"Containerdienst | Sperrm\u00fcllabholung in Deutschland","description":"Junkbusters hilft Ihnen bei der M\u00fcllabfuhr. Wir k\u00f6nnen sowohl bei gro\u00dfen als auch bei kleinen M\u00fcllsammlungen helfen - vom Junkbag bis zum Containerdienst.","robots":{"index":"noindex","follow":"follow","max-snippet":"max-snippet:-1","max-image-preview":"max-image-preview:large","max-video-preview":"max-video-preview:-1"},"og_locale":"de_DE","og_type":"article","og_title":"Containerdienst | Sperrm\u00fcllabholung in Deutschland","og_description":"Junkbusters hilft Ihnen bei der M\u00fcllabfuhr. Wir k\u00f6nnen sowohl bei gro\u00dfen als auch bei kleinen M\u00fcllsammlungen helfen - vom Junkbag bis zum Containerdienst.","og_url":"https:\/\/dev07.dev.templa.id\/de\/containerdienst\/","og_site_name":"Junkbusters","twitter_card":"summary_large_image","schema":{"@context":"https:\/\/schema.org","@graph":[{"@type":"WebPage","@id":"https:\/\/dev07.dev.templa.id\/de\/containerdienst\/","url":"https:\/\/dev07.dev.templa.id\/de\/containerdienst\/","name":"Containerdienst | Sperrm\u00fcllabholung in Deutschland","isPartOf":{"@id":"https:\/\/dev07.dev.templa.id\/#website"},"datePublished":"2021-10-06T08:20:40+00:00","description":"Junkbusters hilft Ihnen bei der M\u00fcllabfuhr. Wir k\u00f6nnen sowohl bei gro\u00dfen als auch bei kleinen M\u00fcllsammlungen helfen - vom Junkbag bis zum Containerdienst.","breadcrumb":{"@id":"https:\/\/dev07.dev.templa.id\/de\/containerdienst\/#breadcrumb"},"inLanguage":"de-DE","potentialAction":[{"@type":"ReadAction","target":["https:\/\/dev07.dev.templa.id\/de\/containerdienst\/"]}]},{"@type":"BreadcrumbList","@id":"https:\/\/dev07.dev.templa.id\/de\/containerdienst\/#breadcrumb","itemListElement":[{"@type":"ListItem","position":1,"name":"Hjem","item":"https:\/\/dev07.dev.templa.id\/de\/"},{"@type":"ListItem","position":2,"name":"Containerdienst"}]},{"@type":"WebSite","@id":"https:\/\/dev07.dev.templa.id\/#website","url":"https:\/\/dev07.dev.templa.id\/","name":"Junkbusters","description":"Junk made easy","publisher":{"@id":"https:\/\/dev07.dev.templa.id\/#organization"},"potentialAction":[{"@type":"SearchAction","target":{"@type":"EntryPoint","urlTemplate":"https:\/\/dev07.dev.templa.id\/?s={search_term_string}"},"query-input":{"@type":"PropertyValueSpecification","valueRequired":true,"valueName":"search_term_string"}}],"inLanguage":"de-DE"},{"@type":"Organization","@id":"https:\/\/dev07.dev.templa.id\/#organization","name":"Junkbusters","url":"https:\/\/dev07.dev.templa.id\/","logo":{"@type":"ImageObject","inLanguage":"de-DE","@id":"https:\/\/dev07.dev.templa.id\/#\/schema\/logo\/image\/","url":"https:\/\/dev07.dev.templa.id\/wp-content\/uploads\/2021\/03\/nylogo.svg","contentUrl":"https:\/\/dev07.dev.templa.id\/wp-content\/uploads\/2021\/03\/nylogo.svg","width":173,"height":51,"caption":"Junkbusters"},"image":{"@id":"https:\/\/dev07.dev.templa.id\/#\/schema\/logo\/image\/"}}]}},"_links":{"self":[{"href":"https:\/\/dev07.dev.templa.id\/de\/wp-json\/wp\/v2\/pages\/9961","targetHints":{"allow":["GET"]}}],"collection":[{"href":"https:\/\/dev07.dev.templa.id\/de\/wp-json\/wp\/v2\/pages"}],"about":[{"href":"https:\/\/dev07.dev.templa.id\/de\/wp-json\/wp\/v2\/types\/page"}],"author":[{"embeddable":true,"href":"https:\/\/dev07.dev.templa.id\/de\/wp-json\/wp\/v2\/users\/22"}],"replies":[{"embeddable":true,"href":"https:\/\/dev07.dev.templa.id\/de\/wp-json\/wp\/v2\/comments?post=9961"}],"version-history":[{"count":1,"href":"https:\/\/dev07.dev.templa.id\/de\/wp-json\/wp\/v2\/pages\/9961\/revisions"}],"predecessor-version":[{"id":9966,"href":"https:\/\/dev07.dev.templa.id\/de\/wp-json\/wp\/v2\/pages\/9961\/revisions\/9966"}],"wp:attachment":[{"href":"https:\/\/dev07.dev.templa.id\/de\/wp-json\/wp\/v2\/media?parent=9961"}],"curies":[{"name":"wp","href":"https:\/\/api.w.org\/{rel}","templated":true}]}}