{"id":9736,"date":"2021-09-16T07:32:04","date_gmt":"2021-09-16T07:32:04","guid":{"rendered":"https:\/\/www.junkbusters.dk\/?page_id=9736"},"modified":"2021-09-16T07:33:16","modified_gmt":"2021-09-16T07:33:16","slug":"sperrmuellabholung-berlin","status":"publish","type":"page","link":"https:\/\/dev07.dev.templa.id\/de\/sperrmuellabholung-berlin\/","title":{"rendered":"Sperrm\u00fcllabholung in Berlin"},"content":{"rendered":"","protected":false},"excerpt":{"rendered":"","protected":false},"author":22,"featured_media":0,"parent":0,"menu_order":0,"comment_status":"closed","ping_status":"closed","template":"","meta":{"footnotes":""},"class_list":["post-9736","page","type-page","status-publish","hentry"],"yoast_head":"<!-- This site is optimized with the Yoast SEO plugin v25.2 - https:\/\/yoast.com\/wordpress\/plugins\/seo\/ -->\n<title>Sperrm\u00fcllabholung in Berlin | Junkbusters in Deutschland<\/title>\n<meta name=\"description\" content=\"Wenn Sie in Berlin sind und Ihren Sperrm\u00fcll entsorgen m\u00fcssen, steht Ihnen Junkbusters mit seiner Expertise in der Sperrm\u00fcllabfuhr zur Verf\u00fcgung.\" \/>\n<meta name=\"robots\" content=\"noindex, follow, max-snippet:-1, max-image-preview:large, max-video-preview:-1\" \/>\n<meta property=\"og:locale\" content=\"de_DE\" \/>\n<meta property=\"og:type\" content=\"article\" \/>\n<meta property=\"og:title\" content=\"Sperrm\u00fcllabholung in Berlin | Junkbusters in Deutschland\" \/>\n<meta property=\"og:description\" content=\"Wenn Sie in Berlin sind und Ihren Sperrm\u00fcll entsorgen m\u00fcssen, steht Ihnen Junkbusters mit seiner Expertise in der Sperrm\u00fcllabfuhr zur Verf\u00fcgung.\" \/>\n<meta property=\"og:url\" content=\"https:\/\/dev07.dev.templa.id\/de\/sperrmuellabholung-berlin\/\" \/>\n<meta property=\"og:site_name\" content=\"Junkbusters\" \/>\n<meta property=\"article:modified_time\" content=\"2021-09-16T07:33:16+00:00\" \/>\n<meta name=\"twitter:card\" content=\"summary_large_image\" \/>\n<script type=\"application\/ld+json\" class=\"yoast-schema-graph\">{\"@context\":\"https:\/\/schema.org\",\"@graph\":[{\"@type\":\"WebPage\",\"@id\":\"https:\/\/dev07.dev.templa.id\/de\/sperrmuellabholung-berlin\/\",\"url\":\"https:\/\/dev07.dev.templa.id\/de\/sperrmuellabholung-berlin\/\",\"name\":\"Sperrm\u00fcllabholung in Berlin | Junkbusters in Deutschland\",\"isPartOf\":{\"@id\":\"https:\/\/dev07.dev.templa.id\/#website\"},\"datePublished\":\"2021-09-16T07:32:04+00:00\",\"dateModified\":\"2021-09-16T07:33:16+00:00\",\"description\":\"Wenn Sie in Berlin sind und Ihren Sperrm\u00fcll entsorgen m\u00fcssen, steht Ihnen Junkbusters mit seiner Expertise in der Sperrm\u00fcllabfuhr zur Verf\u00fcgung.\",\"breadcrumb\":{\"@id\":\"https:\/\/dev07.dev.templa.id\/de\/sperrmuellabholung-berlin\/#breadcrumb\"},\"inLanguage\":\"de-DE\",\"potentialAction\":[{\"@type\":\"ReadAction\",\"target\":[\"https:\/\/dev07.dev.templa.id\/de\/sperrmuellabholung-berlin\/\"]}]},{\"@type\":\"BreadcrumbList\",\"@id\":\"https:\/\/dev07.dev.templa.id\/de\/sperrmuellabholung-berlin\/#breadcrumb\",\"itemListElement\":[{\"@type\":\"ListItem\",\"position\":1,\"name\":\"Hjem\",\"item\":\"https:\/\/dev07.dev.templa.id\/de\/\"},{\"@type\":\"ListItem\",\"position\":2,\"name\":\"Sperrm\u00fcllabholung in Berlin\"}]},{\"@type\":\"WebSite\",\"@id\":\"https:\/\/dev07.dev.templa.id\/#website\",\"url\":\"https:\/\/dev07.dev.templa.id\/\",\"name\":\"Junkbusters\",\"description\":\"Junk made easy\",\"publisher\":{\"@id\":\"https:\/\/dev07.dev.templa.id\/#organization\"},\"potentialAction\":[{\"@type\":\"SearchAction\",\"target\":{\"@type\":\"EntryPoint\",\"urlTemplate\":\"https:\/\/dev07.dev.templa.id\/?s={search_term_string}\"},\"query-input\":{\"@type\":\"PropertyValueSpecification\",\"valueRequired\":true,\"valueName\":\"search_term_string\"}}],\"inLanguage\":\"de-DE\"},{\"@type\":\"Organization\",\"@id\":\"https:\/\/dev07.dev.templa.id\/#organization\",\"name\":\"Junkbusters\",\"url\":\"https:\/\/dev07.dev.templa.id\/\",\"logo\":{\"@type\":\"ImageObject\",\"inLanguage\":\"de-DE\",\"@id\":\"https:\/\/dev07.dev.templa.id\/#\/schema\/logo\/image\/\",\"url\":\"https:\/\/dev07.dev.templa.id\/wp-content\/uploads\/2021\/03\/nylogo.svg\",\"contentUrl\":\"https:\/\/dev07.dev.templa.id\/wp-content\/uploads\/2021\/03\/nylogo.svg\",\"width\":173,\"height\":51,\"caption\":\"Junkbusters\"},\"image\":{\"@id\":\"https:\/\/dev07.dev.templa.id\/#\/schema\/logo\/image\/\"}}]}<\/script>\n<!-- \/ Yoast SEO plugin. -->","yoast_head_json":{"title":"Sperrm\u00fcllabholung in Berlin | Junkbusters in Deutschland","description":"Wenn Sie in Berlin sind und Ihren Sperrm\u00fcll entsorgen m\u00fcssen, steht Ihnen Junkbusters mit seiner Expertise in der Sperrm\u00fcllabfuhr zur Verf\u00fcgung.","robots":{"index":"noindex","follow":"follow","max-snippet":"max-snippet:-1","max-image-preview":"max-image-preview:large","max-video-preview":"max-video-preview:-1"},"og_locale":"de_DE","og_type":"article","og_title":"Sperrm\u00fcllabholung in Berlin | Junkbusters in Deutschland","og_description":"Wenn Sie in Berlin sind und Ihren Sperrm\u00fcll entsorgen m\u00fcssen, steht Ihnen Junkbusters mit seiner Expertise in der Sperrm\u00fcllabfuhr zur Verf\u00fcgung.","og_url":"https:\/\/dev07.dev.templa.id\/de\/sperrmuellabholung-berlin\/","og_site_name":"Junkbusters","article_modified_time":"2021-09-16T07:33:16+00:00","twitter_card":"summary_large_image","schema":{"@context":"https:\/\/schema.org","@graph":[{"@type":"WebPage","@id":"https:\/\/dev07.dev.templa.id\/de\/sperrmuellabholung-berlin\/","url":"https:\/\/dev07.dev.templa.id\/de\/sperrmuellabholung-berlin\/","name":"Sperrm\u00fcllabholung in Berlin | Junkbusters in Deutschland","isPartOf":{"@id":"https:\/\/dev07.dev.templa.id\/#website"},"datePublished":"2021-09-16T07:32:04+00:00","dateModified":"2021-09-16T07:33:16+00:00","description":"Wenn Sie in Berlin sind und Ihren Sperrm\u00fcll entsorgen m\u00fcssen, steht Ihnen Junkbusters mit seiner Expertise in der Sperrm\u00fcllabfuhr zur Verf\u00fcgung.","breadcrumb":{"@id":"https:\/\/dev07.dev.templa.id\/de\/sperrmuellabholung-berlin\/#breadcrumb"},"inLanguage":"de-DE","potentialAction":[{"@type":"ReadAction","target":["https:\/\/dev07.dev.templa.id\/de\/sperrmuellabholung-berlin\/"]}]},{"@type":"BreadcrumbList","@id":"https:\/\/dev07.dev.templa.id\/de\/sperrmuellabholung-berlin\/#breadcrumb","itemListElement":[{"@type":"ListItem","position":1,"name":"Hjem","item":"https:\/\/dev07.dev.templa.id\/de\/"},{"@type":"ListItem","position":2,"name":"Sperrm\u00fcllabholung in Berlin"}]},{"@type":"WebSite","@id":"https:\/\/dev07.dev.templa.id\/#website","url":"https:\/\/dev07.dev.templa.id\/","name":"Junkbusters","description":"Junk made easy","publisher":{"@id":"https:\/\/dev07.dev.templa.id\/#organization"},"potentialAction":[{"@type":"SearchAction","target":{"@type":"EntryPoint","urlTemplate":"https:\/\/dev07.dev.templa.id\/?s={search_term_string}"},"query-input":{"@type":"PropertyValueSpecification","valueRequired":true,"valueName":"search_term_string"}}],"inLanguage":"de-DE"},{"@type":"Organization","@id":"https:\/\/dev07.dev.templa.id\/#organization","name":"Junkbusters","url":"https:\/\/dev07.dev.templa.id\/","logo":{"@type":"ImageObject","inLanguage":"de-DE","@id":"https:\/\/dev07.dev.templa.id\/#\/schema\/logo\/image\/","url":"https:\/\/dev07.dev.templa.id\/wp-content\/uploads\/2021\/03\/nylogo.svg","contentUrl":"https:\/\/dev07.dev.templa.id\/wp-content\/uploads\/2021\/03\/nylogo.svg","width":173,"height":51,"caption":"Junkbusters"},"image":{"@id":"https:\/\/dev07.dev.templa.id\/#\/schema\/logo\/image\/"}}]}},"_links":{"self":[{"href":"https:\/\/dev07.dev.templa.id\/de\/wp-json\/wp\/v2\/pages\/9736","targetHints":{"allow":["GET"]}}],"collection":[{"href":"https:\/\/dev07.dev.templa.id\/de\/wp-json\/wp\/v2\/pages"}],"about":[{"href":"https:\/\/dev07.dev.templa.id\/de\/wp-json\/wp\/v2\/types\/page"}],"author":[{"embeddable":true,"href":"https:\/\/dev07.dev.templa.id\/de\/wp-json\/wp\/v2\/users\/22"}],"replies":[{"embeddable":true,"href":"https:\/\/dev07.dev.templa.id\/de\/wp-json\/wp\/v2\/comments?post=9736"}],"version-history":[{"count":2,"href":"https:\/\/dev07.dev.templa.id\/de\/wp-json\/wp\/v2\/pages\/9736\/revisions"}],"predecessor-version":[{"id":9742,"href":"https:\/\/dev07.dev.templa.id\/de\/wp-json\/wp\/v2\/pages\/9736\/revisions\/9742"}],"wp:attachment":[{"href":"https:\/\/dev07.dev.templa.id\/de\/wp-json\/wp\/v2\/media?parent=9736"}],"curies":[{"name":"wp","href":"https:\/\/api.w.org\/{rel}","templated":true}]}}