{"id":7908,"date":"2019-06-07T08:49:03","date_gmt":"2019-06-07T08:49:03","guid":{"rendered":"https:\/\/www.junkbusters.dk\/junkbag\/forhandlere\/"},"modified":"2021-09-08T20:34:05","modified_gmt":"2021-09-08T20:34:05","slug":"haendler","status":"publish","type":"page","link":"https:\/\/dev07.dev.templa.id\/de\/junkbag\/haendler\/","title":{"rendered":"H\u00e4ndler"},"content":{"rendered":"","protected":false},"excerpt":{"rendered":"","protected":false},"author":28,"featured_media":0,"parent":4236,"menu_order":0,"comment_status":"closed","ping_status":"closed","template":"page-dealers.php","meta":{"footnotes":""},"class_list":["post-7908","page","type-page","status-publish","hentry"],"yoast_head":"<!-- This site is optimized with the Yoast SEO plugin v25.2 - https:\/\/yoast.com\/wordpress\/plugins\/seo\/ -->\n<title>Junkbags (Big Bags) direkt im Handel kaufen | H\u00e4ndlerliste<\/title>\n<meta name=\"description\" content=\"Suche nach deiner Postleitzahl oder direkt \u00fcber die Karte, um den n\u00e4chstgelegenen H\u00e4ndler bei dir Vor Ort zu finde.\" \/>\n<meta name=\"robots\" content=\"noindex, follow, max-snippet:-1, max-image-preview:large, max-video-preview:-1\" \/>\n<meta property=\"og:locale\" content=\"de_DE\" \/>\n<meta property=\"og:type\" content=\"article\" \/>\n<meta property=\"og:title\" content=\"Junkbags (Big Bags) direkt im Handel kaufen | H\u00e4ndlerliste\" \/>\n<meta property=\"og:description\" content=\"Suche nach deiner Postleitzahl oder direkt \u00fcber die Karte, um den n\u00e4chstgelegenen H\u00e4ndler bei dir Vor Ort zu finde.\" \/>\n<meta property=\"og:url\" content=\"https:\/\/dev07.dev.templa.id\/de\/junkbag\/haendler\/\" \/>\n<meta property=\"og:site_name\" content=\"Junkbusters\" \/>\n<meta property=\"article:modified_time\" content=\"2021-09-08T20:34:05+00:00\" \/>\n<meta name=\"twitter:card\" content=\"summary_large_image\" \/>\n<script type=\"application\/ld+json\" class=\"yoast-schema-graph\">{\"@context\":\"https:\/\/schema.org\",\"@graph\":[{\"@type\":\"WebPage\",\"@id\":\"https:\/\/dev07.dev.templa.id\/de\/junkbag\/haendler\/\",\"url\":\"https:\/\/dev07.dev.templa.id\/de\/junkbag\/haendler\/\",\"name\":\"Junkbags (Big Bags) direkt im Handel kaufen | H\u00e4ndlerliste\",\"isPartOf\":{\"@id\":\"https:\/\/dev07.dev.templa.id\/#website\"},\"datePublished\":\"2019-06-07T08:49:03+00:00\",\"dateModified\":\"2021-09-08T20:34:05+00:00\",\"description\":\"Suche nach deiner Postleitzahl oder direkt \u00fcber die Karte, um den n\u00e4chstgelegenen H\u00e4ndler bei dir Vor Ort zu finde.\",\"breadcrumb\":{\"@id\":\"https:\/\/dev07.dev.templa.id\/de\/junkbag\/haendler\/#breadcrumb\"},\"inLanguage\":\"de-DE\",\"potentialAction\":[{\"@type\":\"ReadAction\",\"target\":[\"https:\/\/dev07.dev.templa.id\/de\/junkbag\/haendler\/\"]}]},{\"@type\":\"BreadcrumbList\",\"@id\":\"https:\/\/dev07.dev.templa.id\/de\/junkbag\/haendler\/#breadcrumb\",\"itemListElement\":[{\"@type\":\"ListItem\",\"position\":1,\"name\":\"Hjem\",\"item\":\"https:\/\/dev07.dev.templa.id\/de\/\"},{\"@type\":\"ListItem\",\"position\":2,\"name\":\"Junkbag\",\"item\":\"https:\/\/dev07.dev.templa.id\/de\/junkbag\/\"},{\"@type\":\"ListItem\",\"position\":3,\"name\":\"H\u00e4ndler\"}]},{\"@type\":\"WebSite\",\"@id\":\"https:\/\/dev07.dev.templa.id\/#website\",\"url\":\"https:\/\/dev07.dev.templa.id\/\",\"name\":\"Junkbusters\",\"description\":\"Junk made easy\",\"publisher\":{\"@id\":\"https:\/\/dev07.dev.templa.id\/#organization\"},\"potentialAction\":[{\"@type\":\"SearchAction\",\"target\":{\"@type\":\"EntryPoint\",\"urlTemplate\":\"https:\/\/dev07.dev.templa.id\/?s={search_term_string}\"},\"query-input\":{\"@type\":\"PropertyValueSpecification\",\"valueRequired\":true,\"valueName\":\"search_term_string\"}}],\"inLanguage\":\"de-DE\"},{\"@type\":\"Organization\",\"@id\":\"https:\/\/dev07.dev.templa.id\/#organization\",\"name\":\"Junkbusters\",\"url\":\"https:\/\/dev07.dev.templa.id\/\",\"logo\":{\"@type\":\"ImageObject\",\"inLanguage\":\"de-DE\",\"@id\":\"https:\/\/dev07.dev.templa.id\/#\/schema\/logo\/image\/\",\"url\":\"https:\/\/dev07.dev.templa.id\/wp-content\/uploads\/2021\/03\/nylogo.svg\",\"contentUrl\":\"https:\/\/dev07.dev.templa.id\/wp-content\/uploads\/2021\/03\/nylogo.svg\",\"width\":173,\"height\":51,\"caption\":\"Junkbusters\"},\"image\":{\"@id\":\"https:\/\/dev07.dev.templa.id\/#\/schema\/logo\/image\/\"}}]}<\/script>\n<!-- \/ Yoast SEO plugin. -->","yoast_head_json":{"title":"Junkbags (Big Bags) direkt im Handel kaufen | H\u00e4ndlerliste","description":"Suche nach deiner Postleitzahl oder direkt \u00fcber die Karte, um den n\u00e4chstgelegenen H\u00e4ndler bei dir Vor Ort zu finde.","robots":{"index":"noindex","follow":"follow","max-snippet":"max-snippet:-1","max-image-preview":"max-image-preview:large","max-video-preview":"max-video-preview:-1"},"og_locale":"de_DE","og_type":"article","og_title":"Junkbags (Big Bags) direkt im Handel kaufen | H\u00e4ndlerliste","og_description":"Suche nach deiner Postleitzahl oder direkt \u00fcber die Karte, um den n\u00e4chstgelegenen H\u00e4ndler bei dir Vor Ort zu finde.","og_url":"https:\/\/dev07.dev.templa.id\/de\/junkbag\/haendler\/","og_site_name":"Junkbusters","article_modified_time":"2021-09-08T20:34:05+00:00","twitter_card":"summary_large_image","schema":{"@context":"https:\/\/schema.org","@graph":[{"@type":"WebPage","@id":"https:\/\/dev07.dev.templa.id\/de\/junkbag\/haendler\/","url":"https:\/\/dev07.dev.templa.id\/de\/junkbag\/haendler\/","name":"Junkbags (Big Bags) direkt im Handel kaufen | H\u00e4ndlerliste","isPartOf":{"@id":"https:\/\/dev07.dev.templa.id\/#website"},"datePublished":"2019-06-07T08:49:03+00:00","dateModified":"2021-09-08T20:34:05+00:00","description":"Suche nach deiner Postleitzahl oder direkt \u00fcber die Karte, um den n\u00e4chstgelegenen H\u00e4ndler bei dir Vor Ort zu finde.","breadcrumb":{"@id":"https:\/\/dev07.dev.templa.id\/de\/junkbag\/haendler\/#breadcrumb"},"inLanguage":"de-DE","potentialAction":[{"@type":"ReadAction","target":["https:\/\/dev07.dev.templa.id\/de\/junkbag\/haendler\/"]}]},{"@type":"BreadcrumbList","@id":"https:\/\/dev07.dev.templa.id\/de\/junkbag\/haendler\/#breadcrumb","itemListElement":[{"@type":"ListItem","position":1,"name":"Hjem","item":"https:\/\/dev07.dev.templa.id\/de\/"},{"@type":"ListItem","position":2,"name":"Junkbag","item":"https:\/\/dev07.dev.templa.id\/de\/junkbag\/"},{"@type":"ListItem","position":3,"name":"H\u00e4ndler"}]},{"@type":"WebSite","@id":"https:\/\/dev07.dev.templa.id\/#website","url":"https:\/\/dev07.dev.templa.id\/","name":"Junkbusters","description":"Junk made easy","publisher":{"@id":"https:\/\/dev07.dev.templa.id\/#organization"},"potentialAction":[{"@type":"SearchAction","target":{"@type":"EntryPoint","urlTemplate":"https:\/\/dev07.dev.templa.id\/?s={search_term_string}"},"query-input":{"@type":"PropertyValueSpecification","valueRequired":true,"valueName":"search_term_string"}}],"inLanguage":"de-DE"},{"@type":"Organization","@id":"https:\/\/dev07.dev.templa.id\/#organization","name":"Junkbusters","url":"https:\/\/dev07.dev.templa.id\/","logo":{"@type":"ImageObject","inLanguage":"de-DE","@id":"https:\/\/dev07.dev.templa.id\/#\/schema\/logo\/image\/","url":"https:\/\/dev07.dev.templa.id\/wp-content\/uploads\/2021\/03\/nylogo.svg","contentUrl":"https:\/\/dev07.dev.templa.id\/wp-content\/uploads\/2021\/03\/nylogo.svg","width":173,"height":51,"caption":"Junkbusters"},"image":{"@id":"https:\/\/dev07.dev.templa.id\/#\/schema\/logo\/image\/"}}]}},"_links":{"self":[{"href":"https:\/\/dev07.dev.templa.id\/de\/wp-json\/wp\/v2\/pages\/7908","targetHints":{"allow":["GET"]}}],"collection":[{"href":"https:\/\/dev07.dev.templa.id\/de\/wp-json\/wp\/v2\/pages"}],"about":[{"href":"https:\/\/dev07.dev.templa.id\/de\/wp-json\/wp\/v2\/types\/page"}],"author":[{"embeddable":true,"href":"https:\/\/dev07.dev.templa.id\/de\/wp-json\/wp\/v2\/users\/28"}],"replies":[{"embeddable":true,"href":"https:\/\/dev07.dev.templa.id\/de\/wp-json\/wp\/v2\/comments?post=7908"}],"version-history":[{"count":5,"href":"https:\/\/dev07.dev.templa.id\/de\/wp-json\/wp\/v2\/pages\/7908\/revisions"}],"predecessor-version":[{"id":8719,"href":"https:\/\/dev07.dev.templa.id\/de\/wp-json\/wp\/v2\/pages\/7908\/revisions\/8719"}],"up":[{"embeddable":true,"href":"https:\/\/dev07.dev.templa.id\/de\/wp-json\/wp\/v2\/pages\/4236"}],"wp:attachment":[{"href":"https:\/\/dev07.dev.templa.id\/de\/wp-json\/wp\/v2\/media?parent=7908"}],"curies":[{"name":"wp","href":"https:\/\/api.w.org\/{rel}","templated":true}]}}