{"id":7048,"date":"2020-06-02T11:52:12","date_gmt":"2020-06-02T11:52:12","guid":{"rendered":"http:\/\/junk.aidup.io\/?page_id=7048"},"modified":"2021-09-21T08:16:43","modified_gmt":"2021-09-21T08:16:43","slug":"sperrmueltaxi-bestellen","status":"publish","type":"page","link":"https:\/\/dev07.dev.templa.id\/de\/sperrmuell\/sperrmueltaxi-bestellen\/","title":{"rendered":"Sperrm\u00fcll-Taxi bestellen"},"content":{"rendered":"","protected":false},"excerpt":{"rendered":"","protected":false},"author":28,"featured_media":535,"parent":4237,"menu_order":0,"comment_status":"closed","ping_status":"closed","template":"page-bestil-junktruck.php","meta":{"footnotes":""},"class_list":["post-7048","page","type-page","status-publish","has-post-thumbnail","hentry"],"yoast_head":"<!-- This site is optimized with the Yoast SEO plugin v25.2 - https:\/\/yoast.com\/wordpress\/plugins\/seo\/ -->\n<title>Sperrm\u00fcll-Taxi zur Abholung von sperrigen Abf\u00e4llen bestellen<\/title>\n<meta name=\"description\" content=\"Einfach und schnell online bestellen \u2013 unser Sperrm\u00fcll-Taxi zur Entr\u00fcmpelung f\u00fcr Gesch\u00e4fts- und Privatkund:innen.\" \/>\n<meta name=\"robots\" content=\"noindex, follow\" \/>\n<meta property=\"og:locale\" content=\"de_DE\" \/>\n<meta property=\"og:type\" content=\"article\" \/>\n<meta property=\"og:title\" content=\"Sperrm\u00fcll-Taxi zur Abholung von sperrigen Abf\u00e4llen bestellen\" \/>\n<meta property=\"og:description\" content=\"Einfach und schnell online bestellen \u2013 unser Sperrm\u00fcll-Taxi zur Entr\u00fcmpelung f\u00fcr Gesch\u00e4fts- und Privatkund:innen.\" \/>\n<meta property=\"og:url\" content=\"https:\/\/dev07.dev.templa.id\/de\/sperrmuell\/sperrmueltaxi-bestellen\/\" \/>\n<meta property=\"og:site_name\" content=\"Junkbusters\" \/>\n<meta property=\"article:modified_time\" content=\"2021-09-21T08:16:43+00:00\" \/>\n<meta property=\"og:image\" content=\"https:\/\/dev07.dev.templa.id\/wp-content\/uploads\/2019\/05\/img_thumb_junktruck.png\" \/>\n\t<meta property=\"og:image:width\" content=\"162\" \/>\n\t<meta property=\"og:image:height\" content=\"146\" \/>\n\t<meta property=\"og:image:type\" content=\"image\/png\" \/>\n<meta name=\"twitter:card\" content=\"summary_large_image\" \/>\n<script type=\"application\/ld+json\" class=\"yoast-schema-graph\">{\"@context\":\"https:\/\/schema.org\",\"@graph\":[{\"@type\":\"WebPage\",\"@id\":\"https:\/\/dev07.dev.templa.id\/de\/sperrmuell\/sperrmueltaxi-bestellen\/\",\"url\":\"https:\/\/dev07.dev.templa.id\/de\/sperrmuell\/sperrmueltaxi-bestellen\/\",\"name\":\"Sperrm\u00fcll-Taxi zur Abholung von sperrigen Abf\u00e4llen bestellen\",\"isPartOf\":{\"@id\":\"https:\/\/dev07.dev.templa.id\/#website\"},\"primaryImageOfPage\":{\"@id\":\"https:\/\/dev07.dev.templa.id\/de\/sperrmuell\/sperrmueltaxi-bestellen\/#primaryimage\"},\"image\":{\"@id\":\"https:\/\/dev07.dev.templa.id\/de\/sperrmuell\/sperrmueltaxi-bestellen\/#primaryimage\"},\"thumbnailUrl\":\"https:\/\/dev07.dev.templa.id\/wp-content\/uploads\/2019\/05\/img_thumb_junktruck.png\",\"datePublished\":\"2020-06-02T11:52:12+00:00\",\"dateModified\":\"2021-09-21T08:16:43+00:00\",\"description\":\"Einfach und schnell online bestellen \u2013 unser Sperrm\u00fcll-Taxi zur Entr\u00fcmpelung f\u00fcr Gesch\u00e4fts- und Privatkund:innen.\",\"breadcrumb\":{\"@id\":\"https:\/\/dev07.dev.templa.id\/de\/sperrmuell\/sperrmueltaxi-bestellen\/#breadcrumb\"},\"inLanguage\":\"de-DE\",\"potentialAction\":[{\"@type\":\"ReadAction\",\"target\":[\"https:\/\/dev07.dev.templa.id\/de\/sperrmuell\/sperrmueltaxi-bestellen\/\"]}]},{\"@type\":\"ImageObject\",\"inLanguage\":\"de-DE\",\"@id\":\"https:\/\/dev07.dev.templa.id\/de\/sperrmuell\/sperrmueltaxi-bestellen\/#primaryimage\",\"url\":\"https:\/\/dev07.dev.templa.id\/wp-content\/uploads\/2019\/05\/img_thumb_junktruck.png\",\"contentUrl\":\"https:\/\/dev07.dev.templa.id\/wp-content\/uploads\/2019\/05\/img_thumb_junktruck.png\",\"width\":162,\"height\":146},{\"@type\":\"BreadcrumbList\",\"@id\":\"https:\/\/dev07.dev.templa.id\/de\/sperrmuell\/sperrmueltaxi-bestellen\/#breadcrumb\",\"itemListElement\":[{\"@type\":\"ListItem\",\"position\":1,\"name\":\"Hjem\",\"item\":\"https:\/\/dev07.dev.templa.id\/de\/\"},{\"@type\":\"ListItem\",\"position\":2,\"name\":\"Sperrm\u00fcll-Taxi\",\"item\":\"https:\/\/dev07.dev.templa.id\/de\/sperrmuell\/\"},{\"@type\":\"ListItem\",\"position\":3,\"name\":\"Sperrm\u00fcll-Taxi bestellen\"}]},{\"@type\":\"WebSite\",\"@id\":\"https:\/\/dev07.dev.templa.id\/#website\",\"url\":\"https:\/\/dev07.dev.templa.id\/\",\"name\":\"Junkbusters\",\"description\":\"Junk made easy\",\"publisher\":{\"@id\":\"https:\/\/dev07.dev.templa.id\/#organization\"},\"potentialAction\":[{\"@type\":\"SearchAction\",\"target\":{\"@type\":\"EntryPoint\",\"urlTemplate\":\"https:\/\/dev07.dev.templa.id\/?s={search_term_string}\"},\"query-input\":{\"@type\":\"PropertyValueSpecification\",\"valueRequired\":true,\"valueName\":\"search_term_string\"}}],\"inLanguage\":\"de-DE\"},{\"@type\":\"Organization\",\"@id\":\"https:\/\/dev07.dev.templa.id\/#organization\",\"name\":\"Junkbusters\",\"url\":\"https:\/\/dev07.dev.templa.id\/\",\"logo\":{\"@type\":\"ImageObject\",\"inLanguage\":\"de-DE\",\"@id\":\"https:\/\/dev07.dev.templa.id\/#\/schema\/logo\/image\/\",\"url\":\"https:\/\/dev07.dev.templa.id\/wp-content\/uploads\/2021\/03\/nylogo.svg\",\"contentUrl\":\"https:\/\/dev07.dev.templa.id\/wp-content\/uploads\/2021\/03\/nylogo.svg\",\"width\":173,\"height\":51,\"caption\":\"Junkbusters\"},\"image\":{\"@id\":\"https:\/\/dev07.dev.templa.id\/#\/schema\/logo\/image\/\"}}]}<\/script>\n<!-- \/ Yoast SEO plugin. -->","yoast_head_json":{"title":"Sperrm\u00fcll-Taxi zur Abholung von sperrigen Abf\u00e4llen bestellen","description":"Einfach und schnell online bestellen \u2013 unser Sperrm\u00fcll-Taxi zur Entr\u00fcmpelung f\u00fcr Gesch\u00e4fts- und Privatkund:innen.","robots":{"index":"noindex","follow":"follow"},"og_locale":"de_DE","og_type":"article","og_title":"Sperrm\u00fcll-Taxi zur Abholung von sperrigen Abf\u00e4llen bestellen","og_description":"Einfach und schnell online bestellen \u2013 unser Sperrm\u00fcll-Taxi zur Entr\u00fcmpelung f\u00fcr Gesch\u00e4fts- und Privatkund:innen.","og_url":"https:\/\/dev07.dev.templa.id\/de\/sperrmuell\/sperrmueltaxi-bestellen\/","og_site_name":"Junkbusters","article_modified_time":"2021-09-21T08:16:43+00:00","og_image":[{"width":162,"height":146,"url":"https:\/\/dev07.dev.templa.id\/wp-content\/uploads\/2019\/05\/img_thumb_junktruck.png","type":"image\/png"}],"twitter_card":"summary_large_image","schema":{"@context":"https:\/\/schema.org","@graph":[{"@type":"WebPage","@id":"https:\/\/dev07.dev.templa.id\/de\/sperrmuell\/sperrmueltaxi-bestellen\/","url":"https:\/\/dev07.dev.templa.id\/de\/sperrmuell\/sperrmueltaxi-bestellen\/","name":"Sperrm\u00fcll-Taxi zur Abholung von sperrigen Abf\u00e4llen bestellen","isPartOf":{"@id":"https:\/\/dev07.dev.templa.id\/#website"},"primaryImageOfPage":{"@id":"https:\/\/dev07.dev.templa.id\/de\/sperrmuell\/sperrmueltaxi-bestellen\/#primaryimage"},"image":{"@id":"https:\/\/dev07.dev.templa.id\/de\/sperrmuell\/sperrmueltaxi-bestellen\/#primaryimage"},"thumbnailUrl":"https:\/\/dev07.dev.templa.id\/wp-content\/uploads\/2019\/05\/img_thumb_junktruck.png","datePublished":"2020-06-02T11:52:12+00:00","dateModified":"2021-09-21T08:16:43+00:00","description":"Einfach und schnell online bestellen \u2013 unser Sperrm\u00fcll-Taxi zur Entr\u00fcmpelung f\u00fcr Gesch\u00e4fts- und Privatkund:innen.","breadcrumb":{"@id":"https:\/\/dev07.dev.templa.id\/de\/sperrmuell\/sperrmueltaxi-bestellen\/#breadcrumb"},"inLanguage":"de-DE","potentialAction":[{"@type":"ReadAction","target":["https:\/\/dev07.dev.templa.id\/de\/sperrmuell\/sperrmueltaxi-bestellen\/"]}]},{"@type":"ImageObject","inLanguage":"de-DE","@id":"https:\/\/dev07.dev.templa.id\/de\/sperrmuell\/sperrmueltaxi-bestellen\/#primaryimage","url":"https:\/\/dev07.dev.templa.id\/wp-content\/uploads\/2019\/05\/img_thumb_junktruck.png","contentUrl":"https:\/\/dev07.dev.templa.id\/wp-content\/uploads\/2019\/05\/img_thumb_junktruck.png","width":162,"height":146},{"@type":"BreadcrumbList","@id":"https:\/\/dev07.dev.templa.id\/de\/sperrmuell\/sperrmueltaxi-bestellen\/#breadcrumb","itemListElement":[{"@type":"ListItem","position":1,"name":"Hjem","item":"https:\/\/dev07.dev.templa.id\/de\/"},{"@type":"ListItem","position":2,"name":"Sperrm\u00fcll-Taxi","item":"https:\/\/dev07.dev.templa.id\/de\/sperrmuell\/"},{"@type":"ListItem","position":3,"name":"Sperrm\u00fcll-Taxi bestellen"}]},{"@type":"WebSite","@id":"https:\/\/dev07.dev.templa.id\/#website","url":"https:\/\/dev07.dev.templa.id\/","name":"Junkbusters","description":"Junk made easy","publisher":{"@id":"https:\/\/dev07.dev.templa.id\/#organization"},"potentialAction":[{"@type":"SearchAction","target":{"@type":"EntryPoint","urlTemplate":"https:\/\/dev07.dev.templa.id\/?s={search_term_string}"},"query-input":{"@type":"PropertyValueSpecification","valueRequired":true,"valueName":"search_term_string"}}],"inLanguage":"de-DE"},{"@type":"Organization","@id":"https:\/\/dev07.dev.templa.id\/#organization","name":"Junkbusters","url":"https:\/\/dev07.dev.templa.id\/","logo":{"@type":"ImageObject","inLanguage":"de-DE","@id":"https:\/\/dev07.dev.templa.id\/#\/schema\/logo\/image\/","url":"https:\/\/dev07.dev.templa.id\/wp-content\/uploads\/2021\/03\/nylogo.svg","contentUrl":"https:\/\/dev07.dev.templa.id\/wp-content\/uploads\/2021\/03\/nylogo.svg","width":173,"height":51,"caption":"Junkbusters"},"image":{"@id":"https:\/\/dev07.dev.templa.id\/#\/schema\/logo\/image\/"}}]}},"_links":{"self":[{"href":"https:\/\/dev07.dev.templa.id\/de\/wp-json\/wp\/v2\/pages\/7048","targetHints":{"allow":["GET"]}}],"collection":[{"href":"https:\/\/dev07.dev.templa.id\/de\/wp-json\/wp\/v2\/pages"}],"about":[{"href":"https:\/\/dev07.dev.templa.id\/de\/wp-json\/wp\/v2\/types\/page"}],"author":[{"embeddable":true,"href":"https:\/\/dev07.dev.templa.id\/de\/wp-json\/wp\/v2\/users\/28"}],"replies":[{"embeddable":true,"href":"https:\/\/dev07.dev.templa.id\/de\/wp-json\/wp\/v2\/comments?post=7048"}],"version-history":[{"count":17,"href":"https:\/\/dev07.dev.templa.id\/de\/wp-json\/wp\/v2\/pages\/7048\/revisions"}],"predecessor-version":[{"id":9078,"href":"https:\/\/dev07.dev.templa.id\/de\/wp-json\/wp\/v2\/pages\/7048\/revisions\/9078"}],"up":[{"embeddable":true,"href":"https:\/\/dev07.dev.templa.id\/de\/wp-json\/wp\/v2\/pages\/4237"}],"wp:featuredmedia":[{"embeddable":true,"href":"https:\/\/dev07.dev.templa.id\/de\/wp-json\/wp\/v2\/media\/535"}],"wp:attachment":[{"href":"https:\/\/dev07.dev.templa.id\/de\/wp-json\/wp\/v2\/media?parent=7048"}],"curies":[{"name":"wp","href":"https:\/\/api.w.org\/{rel}","templated":true}]}}