{"id":5985,"date":"2020-02-25T13:03:45","date_gmt":"2020-02-25T13:03:45","guid":{"rendered":"https:\/\/wp144.wp.dev.n0ll.dk\/?page_id=5985"},"modified":"2021-09-08T19:51:58","modified_gmt":"2021-09-08T19:51:58","slug":"erdaushub-entsorgen","status":"publish","type":"page","link":"https:\/\/dev07.dev.templa.id\/de\/abfall\/erdaushub-entsorgen\/","title":{"rendered":"Erdaushub"},"content":{"rendered":"","protected":false},"excerpt":{"rendered":"","protected":false},"author":4,"featured_media":0,"parent":4243,"menu_order":0,"comment_status":"closed","ping_status":"closed","template":"","meta":{"footnotes":""},"class_list":["post-5985","page","type-page","status-publish","hentry"],"yoast_head":"<!-- This site is optimized with the Yoast SEO plugin v25.2 - https:\/\/yoast.com\/wordpress\/plugins\/seo\/ -->\n<title>Boden und Erdaushub entsorgen im Big Bag oder Container<\/title>\n<meta name=\"description\" content=\"Junkbusters ist dein Partner f\u00fcr die Abholung von Erde, Mutterboden oder Sand. Wir k\u00fcmmern uns um eine fachgerechte Entsorgung f\u00fcr dich.\" \/>\n<meta name=\"robots\" content=\"noindex, follow, max-snippet:-1, max-image-preview:large, max-video-preview:-1\" \/>\n<meta property=\"og:locale\" content=\"de_DE\" \/>\n<meta property=\"og:type\" content=\"article\" \/>\n<meta property=\"og:title\" content=\"Boden und Erdaushub entsorgen im Big Bag oder Container\" \/>\n<meta property=\"og:description\" content=\"Junkbusters ist dein Partner f\u00fcr die Abholung von Erde, Mutterboden oder Sand. Wir k\u00fcmmern uns um eine fachgerechte Entsorgung f\u00fcr dich.\" \/>\n<meta property=\"og:url\" content=\"https:\/\/dev07.dev.templa.id\/de\/abfall\/erdaushub-entsorgen\/\" \/>\n<meta property=\"og:site_name\" content=\"Junkbusters\" \/>\n<meta property=\"article:modified_time\" content=\"2021-09-08T19:51:58+00:00\" \/>\n<meta name=\"twitter:card\" content=\"summary_large_image\" \/>\n<script type=\"application\/ld+json\" class=\"yoast-schema-graph\">{\"@context\":\"https:\/\/schema.org\",\"@graph\":[{\"@type\":\"WebPage\",\"@id\":\"https:\/\/dev07.dev.templa.id\/de\/abfall\/erdaushub-entsorgen\/\",\"url\":\"https:\/\/dev07.dev.templa.id\/de\/abfall\/erdaushub-entsorgen\/\",\"name\":\"Boden und Erdaushub entsorgen im Big Bag oder Container\",\"isPartOf\":{\"@id\":\"https:\/\/dev07.dev.templa.id\/#website\"},\"datePublished\":\"2020-02-25T13:03:45+00:00\",\"dateModified\":\"2021-09-08T19:51:58+00:00\",\"description\":\"Junkbusters ist dein Partner f\u00fcr die Abholung von Erde, Mutterboden oder Sand. Wir k\u00fcmmern uns um eine fachgerechte Entsorgung f\u00fcr dich.\",\"breadcrumb\":{\"@id\":\"https:\/\/dev07.dev.templa.id\/de\/abfall\/erdaushub-entsorgen\/#breadcrumb\"},\"inLanguage\":\"de-DE\",\"potentialAction\":[{\"@type\":\"ReadAction\",\"target\":[\"https:\/\/dev07.dev.templa.id\/de\/abfall\/erdaushub-entsorgen\/\"]}]},{\"@type\":\"BreadcrumbList\",\"@id\":\"https:\/\/dev07.dev.templa.id\/de\/abfall\/erdaushub-entsorgen\/#breadcrumb\",\"itemListElement\":[{\"@type\":\"ListItem\",\"position\":1,\"name\":\"Hjem\",\"item\":\"https:\/\/dev07.dev.templa.id\/de\/\"},{\"@type\":\"ListItem\",\"position\":2,\"name\":\"Abfallarten (Abfall-ABC)\",\"item\":\"https:\/\/dev07.dev.templa.id\/de\/abfall\/\"},{\"@type\":\"ListItem\",\"position\":3,\"name\":\"Erdaushub\"}]},{\"@type\":\"WebSite\",\"@id\":\"https:\/\/dev07.dev.templa.id\/#website\",\"url\":\"https:\/\/dev07.dev.templa.id\/\",\"name\":\"Junkbusters\",\"description\":\"Junk made easy\",\"publisher\":{\"@id\":\"https:\/\/dev07.dev.templa.id\/#organization\"},\"potentialAction\":[{\"@type\":\"SearchAction\",\"target\":{\"@type\":\"EntryPoint\",\"urlTemplate\":\"https:\/\/dev07.dev.templa.id\/?s={search_term_string}\"},\"query-input\":{\"@type\":\"PropertyValueSpecification\",\"valueRequired\":true,\"valueName\":\"search_term_string\"}}],\"inLanguage\":\"de-DE\"},{\"@type\":\"Organization\",\"@id\":\"https:\/\/dev07.dev.templa.id\/#organization\",\"name\":\"Junkbusters\",\"url\":\"https:\/\/dev07.dev.templa.id\/\",\"logo\":{\"@type\":\"ImageObject\",\"inLanguage\":\"de-DE\",\"@id\":\"https:\/\/dev07.dev.templa.id\/#\/schema\/logo\/image\/\",\"url\":\"https:\/\/dev07.dev.templa.id\/wp-content\/uploads\/2021\/03\/nylogo.svg\",\"contentUrl\":\"https:\/\/dev07.dev.templa.id\/wp-content\/uploads\/2021\/03\/nylogo.svg\",\"width\":173,\"height\":51,\"caption\":\"Junkbusters\"},\"image\":{\"@id\":\"https:\/\/dev07.dev.templa.id\/#\/schema\/logo\/image\/\"}}]}<\/script>\n<!-- \/ Yoast SEO plugin. -->","yoast_head_json":{"title":"Boden und Erdaushub entsorgen im Big Bag oder Container","description":"Junkbusters ist dein Partner f\u00fcr die Abholung von Erde, Mutterboden oder Sand. Wir k\u00fcmmern uns um eine fachgerechte Entsorgung f\u00fcr dich.","robots":{"index":"noindex","follow":"follow","max-snippet":"max-snippet:-1","max-image-preview":"max-image-preview:large","max-video-preview":"max-video-preview:-1"},"og_locale":"de_DE","og_type":"article","og_title":"Boden und Erdaushub entsorgen im Big Bag oder Container","og_description":"Junkbusters ist dein Partner f\u00fcr die Abholung von Erde, Mutterboden oder Sand. Wir k\u00fcmmern uns um eine fachgerechte Entsorgung f\u00fcr dich.","og_url":"https:\/\/dev07.dev.templa.id\/de\/abfall\/erdaushub-entsorgen\/","og_site_name":"Junkbusters","article_modified_time":"2021-09-08T19:51:58+00:00","twitter_card":"summary_large_image","schema":{"@context":"https:\/\/schema.org","@graph":[{"@type":"WebPage","@id":"https:\/\/dev07.dev.templa.id\/de\/abfall\/erdaushub-entsorgen\/","url":"https:\/\/dev07.dev.templa.id\/de\/abfall\/erdaushub-entsorgen\/","name":"Boden und Erdaushub entsorgen im Big Bag oder Container","isPartOf":{"@id":"https:\/\/dev07.dev.templa.id\/#website"},"datePublished":"2020-02-25T13:03:45+00:00","dateModified":"2021-09-08T19:51:58+00:00","description":"Junkbusters ist dein Partner f\u00fcr die Abholung von Erde, Mutterboden oder Sand. Wir k\u00fcmmern uns um eine fachgerechte Entsorgung f\u00fcr dich.","breadcrumb":{"@id":"https:\/\/dev07.dev.templa.id\/de\/abfall\/erdaushub-entsorgen\/#breadcrumb"},"inLanguage":"de-DE","potentialAction":[{"@type":"ReadAction","target":["https:\/\/dev07.dev.templa.id\/de\/abfall\/erdaushub-entsorgen\/"]}]},{"@type":"BreadcrumbList","@id":"https:\/\/dev07.dev.templa.id\/de\/abfall\/erdaushub-entsorgen\/#breadcrumb","itemListElement":[{"@type":"ListItem","position":1,"name":"Hjem","item":"https:\/\/dev07.dev.templa.id\/de\/"},{"@type":"ListItem","position":2,"name":"Abfallarten (Abfall-ABC)","item":"https:\/\/dev07.dev.templa.id\/de\/abfall\/"},{"@type":"ListItem","position":3,"name":"Erdaushub"}]},{"@type":"WebSite","@id":"https:\/\/dev07.dev.templa.id\/#website","url":"https:\/\/dev07.dev.templa.id\/","name":"Junkbusters","description":"Junk made easy","publisher":{"@id":"https:\/\/dev07.dev.templa.id\/#organization"},"potentialAction":[{"@type":"SearchAction","target":{"@type":"EntryPoint","urlTemplate":"https:\/\/dev07.dev.templa.id\/?s={search_term_string}"},"query-input":{"@type":"PropertyValueSpecification","valueRequired":true,"valueName":"search_term_string"}}],"inLanguage":"de-DE"},{"@type":"Organization","@id":"https:\/\/dev07.dev.templa.id\/#organization","name":"Junkbusters","url":"https:\/\/dev07.dev.templa.id\/","logo":{"@type":"ImageObject","inLanguage":"de-DE","@id":"https:\/\/dev07.dev.templa.id\/#\/schema\/logo\/image\/","url":"https:\/\/dev07.dev.templa.id\/wp-content\/uploads\/2021\/03\/nylogo.svg","contentUrl":"https:\/\/dev07.dev.templa.id\/wp-content\/uploads\/2021\/03\/nylogo.svg","width":173,"height":51,"caption":"Junkbusters"},"image":{"@id":"https:\/\/dev07.dev.templa.id\/#\/schema\/logo\/image\/"}}]}},"_links":{"self":[{"href":"https:\/\/dev07.dev.templa.id\/de\/wp-json\/wp\/v2\/pages\/5985","targetHints":{"allow":["GET"]}}],"collection":[{"href":"https:\/\/dev07.dev.templa.id\/de\/wp-json\/wp\/v2\/pages"}],"about":[{"href":"https:\/\/dev07.dev.templa.id\/de\/wp-json\/wp\/v2\/types\/page"}],"author":[{"embeddable":true,"href":"https:\/\/dev07.dev.templa.id\/de\/wp-json\/wp\/v2\/users\/4"}],"replies":[{"embeddable":true,"href":"https:\/\/dev07.dev.templa.id\/de\/wp-json\/wp\/v2\/comments?post=5985"}],"version-history":[{"count":11,"href":"https:\/\/dev07.dev.templa.id\/de\/wp-json\/wp\/v2\/pages\/5985\/revisions"}],"predecessor-version":[{"id":8836,"href":"https:\/\/dev07.dev.templa.id\/de\/wp-json\/wp\/v2\/pages\/5985\/revisions\/8836"}],"up":[{"embeddable":true,"href":"https:\/\/dev07.dev.templa.id\/de\/wp-json\/wp\/v2\/pages\/4243"}],"wp:attachment":[{"href":"https:\/\/dev07.dev.templa.id\/de\/wp-json\/wp\/v2\/media?parent=5985"}],"curies":[{"name":"wp","href":"https:\/\/api.w.org\/{rel}","templated":true}]}}