{"id":5708,"date":"2019-08-27T13:53:51","date_gmt":"2019-08-27T13:53:51","guid":{"rendered":"https:\/\/wp144.wp.dev.n0ll.dk\/abfall\/byggeaffald\/"},"modified":"2021-09-16T07:13:03","modified_gmt":"2021-09-16T07:13:03","slug":"baumischabfaelle-entsorgen","status":"publish","type":"page","link":"https:\/\/dev07.dev.templa.id\/de\/baumischabfaelle-entsorgen\/","title":{"rendered":"Baumischabf\u00e4lle"},"content":{"rendered":"","protected":false},"excerpt":{"rendered":"","protected":false},"author":28,"featured_media":0,"parent":0,"menu_order":0,"comment_status":"closed","ping_status":"closed","template":"","meta":{"footnotes":""},"class_list":["post-5708","page","type-page","status-publish","hentry"],"yoast_head":"<!-- This site is optimized with the Yoast SEO plugin v25.2 - https:\/\/yoast.com\/wordpress\/plugins\/seo\/ -->\n<title>Baumischabfall einfach und g\u00fcnstig abholen lassen<\/title>\n<meta name=\"description\" content=\"Wir bieten dir ma\u00dfgeschneiderte L\u00f6sungen f\u00fcr die Entsorgung deines Baumischaballs \u2013 egal ob in Big Bags oder Containern. Wir beraten dich.\" \/>\n<meta name=\"robots\" content=\"noindex, follow, max-snippet:-1, max-image-preview:large, max-video-preview:-1\" \/>\n<meta property=\"og:locale\" content=\"de_DE\" \/>\n<meta property=\"og:type\" content=\"article\" \/>\n<meta property=\"og:title\" content=\"Baumischabfall einfach und g\u00fcnstig abholen lassen\" \/>\n<meta property=\"og:description\" content=\"Wir bieten dir ma\u00dfgeschneiderte L\u00f6sungen f\u00fcr die Entsorgung deines Baumischaballs \u2013 egal ob in Big Bags oder Containern. Wir beraten dich.\" \/>\n<meta property=\"og:url\" content=\"https:\/\/dev07.dev.templa.id\/de\/baumischabfaelle-entsorgen\/\" \/>\n<meta property=\"og:site_name\" content=\"Junkbusters\" \/>\n<meta property=\"article:modified_time\" content=\"2021-09-16T07:13:03+00:00\" \/>\n<meta name=\"twitter:card\" content=\"summary_large_image\" \/>\n<script type=\"application\/ld+json\" class=\"yoast-schema-graph\">{\"@context\":\"https:\/\/schema.org\",\"@graph\":[{\"@type\":\"WebPage\",\"@id\":\"https:\/\/dev07.dev.templa.id\/de\/baumischabfaelle-entsorgen\/\",\"url\":\"https:\/\/dev07.dev.templa.id\/de\/baumischabfaelle-entsorgen\/\",\"name\":\"Baumischabfall einfach und g\u00fcnstig abholen lassen\",\"isPartOf\":{\"@id\":\"https:\/\/dev07.dev.templa.id\/#website\"},\"datePublished\":\"2019-08-27T13:53:51+00:00\",\"dateModified\":\"2021-09-16T07:13:03+00:00\",\"description\":\"Wir bieten dir ma\u00dfgeschneiderte L\u00f6sungen f\u00fcr die Entsorgung deines Baumischaballs \u2013 egal ob in Big Bags oder Containern. Wir beraten dich.\",\"breadcrumb\":{\"@id\":\"https:\/\/dev07.dev.templa.id\/de\/baumischabfaelle-entsorgen\/#breadcrumb\"},\"inLanguage\":\"de-DE\",\"potentialAction\":[{\"@type\":\"ReadAction\",\"target\":[\"https:\/\/dev07.dev.templa.id\/de\/baumischabfaelle-entsorgen\/\"]}]},{\"@type\":\"BreadcrumbList\",\"@id\":\"https:\/\/dev07.dev.templa.id\/de\/baumischabfaelle-entsorgen\/#breadcrumb\",\"itemListElement\":[{\"@type\":\"ListItem\",\"position\":1,\"name\":\"Hjem\",\"item\":\"https:\/\/dev07.dev.templa.id\/de\/\"},{\"@type\":\"ListItem\",\"position\":2,\"name\":\"Baumischabf\u00e4lle\"}]},{\"@type\":\"WebSite\",\"@id\":\"https:\/\/dev07.dev.templa.id\/#website\",\"url\":\"https:\/\/dev07.dev.templa.id\/\",\"name\":\"Junkbusters\",\"description\":\"Junk made easy\",\"publisher\":{\"@id\":\"https:\/\/dev07.dev.templa.id\/#organization\"},\"potentialAction\":[{\"@type\":\"SearchAction\",\"target\":{\"@type\":\"EntryPoint\",\"urlTemplate\":\"https:\/\/dev07.dev.templa.id\/?s={search_term_string}\"},\"query-input\":{\"@type\":\"PropertyValueSpecification\",\"valueRequired\":true,\"valueName\":\"search_term_string\"}}],\"inLanguage\":\"de-DE\"},{\"@type\":\"Organization\",\"@id\":\"https:\/\/dev07.dev.templa.id\/#organization\",\"name\":\"Junkbusters\",\"url\":\"https:\/\/dev07.dev.templa.id\/\",\"logo\":{\"@type\":\"ImageObject\",\"inLanguage\":\"de-DE\",\"@id\":\"https:\/\/dev07.dev.templa.id\/#\/schema\/logo\/image\/\",\"url\":\"https:\/\/dev07.dev.templa.id\/wp-content\/uploads\/2021\/03\/nylogo.svg\",\"contentUrl\":\"https:\/\/dev07.dev.templa.id\/wp-content\/uploads\/2021\/03\/nylogo.svg\",\"width\":173,\"height\":51,\"caption\":\"Junkbusters\"},\"image\":{\"@id\":\"https:\/\/dev07.dev.templa.id\/#\/schema\/logo\/image\/\"}}]}<\/script>\n<!-- \/ Yoast SEO plugin. -->","yoast_head_json":{"title":"Baumischabfall einfach und g\u00fcnstig abholen lassen","description":"Wir bieten dir ma\u00dfgeschneiderte L\u00f6sungen f\u00fcr die Entsorgung deines Baumischaballs \u2013 egal ob in Big Bags oder Containern. Wir beraten dich.","robots":{"index":"noindex","follow":"follow","max-snippet":"max-snippet:-1","max-image-preview":"max-image-preview:large","max-video-preview":"max-video-preview:-1"},"og_locale":"de_DE","og_type":"article","og_title":"Baumischabfall einfach und g\u00fcnstig abholen lassen","og_description":"Wir bieten dir ma\u00dfgeschneiderte L\u00f6sungen f\u00fcr die Entsorgung deines Baumischaballs \u2013 egal ob in Big Bags oder Containern. Wir beraten dich.","og_url":"https:\/\/dev07.dev.templa.id\/de\/baumischabfaelle-entsorgen\/","og_site_name":"Junkbusters","article_modified_time":"2021-09-16T07:13:03+00:00","twitter_card":"summary_large_image","schema":{"@context":"https:\/\/schema.org","@graph":[{"@type":"WebPage","@id":"https:\/\/dev07.dev.templa.id\/de\/baumischabfaelle-entsorgen\/","url":"https:\/\/dev07.dev.templa.id\/de\/baumischabfaelle-entsorgen\/","name":"Baumischabfall einfach und g\u00fcnstig abholen lassen","isPartOf":{"@id":"https:\/\/dev07.dev.templa.id\/#website"},"datePublished":"2019-08-27T13:53:51+00:00","dateModified":"2021-09-16T07:13:03+00:00","description":"Wir bieten dir ma\u00dfgeschneiderte L\u00f6sungen f\u00fcr die Entsorgung deines Baumischaballs \u2013 egal ob in Big Bags oder Containern. Wir beraten dich.","breadcrumb":{"@id":"https:\/\/dev07.dev.templa.id\/de\/baumischabfaelle-entsorgen\/#breadcrumb"},"inLanguage":"de-DE","potentialAction":[{"@type":"ReadAction","target":["https:\/\/dev07.dev.templa.id\/de\/baumischabfaelle-entsorgen\/"]}]},{"@type":"BreadcrumbList","@id":"https:\/\/dev07.dev.templa.id\/de\/baumischabfaelle-entsorgen\/#breadcrumb","itemListElement":[{"@type":"ListItem","position":1,"name":"Hjem","item":"https:\/\/dev07.dev.templa.id\/de\/"},{"@type":"ListItem","position":2,"name":"Baumischabf\u00e4lle"}]},{"@type":"WebSite","@id":"https:\/\/dev07.dev.templa.id\/#website","url":"https:\/\/dev07.dev.templa.id\/","name":"Junkbusters","description":"Junk made easy","publisher":{"@id":"https:\/\/dev07.dev.templa.id\/#organization"},"potentialAction":[{"@type":"SearchAction","target":{"@type":"EntryPoint","urlTemplate":"https:\/\/dev07.dev.templa.id\/?s={search_term_string}"},"query-input":{"@type":"PropertyValueSpecification","valueRequired":true,"valueName":"search_term_string"}}],"inLanguage":"de-DE"},{"@type":"Organization","@id":"https:\/\/dev07.dev.templa.id\/#organization","name":"Junkbusters","url":"https:\/\/dev07.dev.templa.id\/","logo":{"@type":"ImageObject","inLanguage":"de-DE","@id":"https:\/\/dev07.dev.templa.id\/#\/schema\/logo\/image\/","url":"https:\/\/dev07.dev.templa.id\/wp-content\/uploads\/2021\/03\/nylogo.svg","contentUrl":"https:\/\/dev07.dev.templa.id\/wp-content\/uploads\/2021\/03\/nylogo.svg","width":173,"height":51,"caption":"Junkbusters"},"image":{"@id":"https:\/\/dev07.dev.templa.id\/#\/schema\/logo\/image\/"}}]}},"_links":{"self":[{"href":"https:\/\/dev07.dev.templa.id\/de\/wp-json\/wp\/v2\/pages\/5708","targetHints":{"allow":["GET"]}}],"collection":[{"href":"https:\/\/dev07.dev.templa.id\/de\/wp-json\/wp\/v2\/pages"}],"about":[{"href":"https:\/\/dev07.dev.templa.id\/de\/wp-json\/wp\/v2\/types\/page"}],"author":[{"embeddable":true,"href":"https:\/\/dev07.dev.templa.id\/de\/wp-json\/wp\/v2\/users\/28"}],"replies":[{"embeddable":true,"href":"https:\/\/dev07.dev.templa.id\/de\/wp-json\/wp\/v2\/comments?post=5708"}],"version-history":[{"count":24,"href":"https:\/\/dev07.dev.templa.id\/de\/wp-json\/wp\/v2\/pages\/5708\/revisions"}],"predecessor-version":[{"id":9727,"href":"https:\/\/dev07.dev.templa.id\/de\/wp-json\/wp\/v2\/pages\/5708\/revisions\/9727"}],"wp:attachment":[{"href":"https:\/\/dev07.dev.templa.id\/de\/wp-json\/wp\/v2\/media?parent=5708"}],"curies":[{"name":"wp","href":"https:\/\/api.w.org\/{rel}","templated":true}]}}