{"id":5601,"date":"2020-01-28T13:31:54","date_gmt":"2020-01-28T13:31:54","guid":{"rendered":"https:\/\/wp144.wp.dev.n0ll.dk\/?page_id=5601"},"modified":"2021-09-08T20:43:38","modified_gmt":"2021-09-08T20:43:38","slug":"big-bag-koeln","status":"publish","type":"page","link":"https:\/\/dev07.dev.templa.id\/de\/junkbag\/big-bag-koeln\/","title":{"rendered":"Junkbag in K\u00f6ln"},"content":{"rendered":"","protected":false},"excerpt":{"rendered":"","protected":false},"author":4,"featured_media":0,"parent":4236,"menu_order":0,"comment_status":"closed","ping_status":"closed","template":"","meta":{"footnotes":""},"class_list":["post-5601","page","type-page","status-publish","hentry"],"yoast_head":"<!-- This site is optimized with the Yoast SEO plugin v25.2 - https:\/\/yoast.com\/wordpress\/plugins\/seo\/ -->\n<title>Abf\u00e4lle &amp; Bauschutt flexibel in Big Bags in K\u00f6ln entsorgen<\/title>\n<meta name=\"description\" content=\"Richtig Geld sparen und direkt vor Ort Abf\u00e4lle sortieren? Geht mit unseren Junkbags. Jetzt online mit nur wenigen Klicks bestellen!\" \/>\n<meta name=\"robots\" content=\"noindex, follow, max-snippet:-1, max-image-preview:large, max-video-preview:-1\" \/>\n<meta property=\"og:locale\" content=\"de_DE\" \/>\n<meta property=\"og:type\" content=\"article\" \/>\n<meta property=\"og:title\" content=\"Abf\u00e4lle &amp; Bauschutt flexibel in Big Bags in K\u00f6ln entsorgen\" \/>\n<meta property=\"og:description\" content=\"Richtig Geld sparen und direkt vor Ort Abf\u00e4lle sortieren? Geht mit unseren Junkbags. Jetzt online mit nur wenigen Klicks bestellen!\" \/>\n<meta property=\"og:url\" content=\"https:\/\/dev07.dev.templa.id\/de\/junkbag\/big-bag-koeln\/\" \/>\n<meta property=\"og:site_name\" content=\"Junkbusters\" \/>\n<meta property=\"article:modified_time\" content=\"2021-09-08T20:43:38+00:00\" \/>\n<meta name=\"twitter:card\" content=\"summary_large_image\" \/>\n<script type=\"application\/ld+json\" class=\"yoast-schema-graph\">{\"@context\":\"https:\/\/schema.org\",\"@graph\":[{\"@type\":\"WebPage\",\"@id\":\"https:\/\/dev07.dev.templa.id\/de\/junkbag\/big-bag-koeln\/\",\"url\":\"https:\/\/dev07.dev.templa.id\/de\/junkbag\/big-bag-koeln\/\",\"name\":\"Abf\u00e4lle & Bauschutt flexibel in Big Bags in K\u00f6ln entsorgen\",\"isPartOf\":{\"@id\":\"https:\/\/dev07.dev.templa.id\/#website\"},\"datePublished\":\"2020-01-28T13:31:54+00:00\",\"dateModified\":\"2021-09-08T20:43:38+00:00\",\"description\":\"Richtig Geld sparen und direkt vor Ort Abf\u00e4lle sortieren? Geht mit unseren Junkbags. Jetzt online mit nur wenigen Klicks bestellen!\",\"breadcrumb\":{\"@id\":\"https:\/\/dev07.dev.templa.id\/de\/junkbag\/big-bag-koeln\/#breadcrumb\"},\"inLanguage\":\"de-DE\",\"potentialAction\":[{\"@type\":\"ReadAction\",\"target\":[\"https:\/\/dev07.dev.templa.id\/de\/junkbag\/big-bag-koeln\/\"]}]},{\"@type\":\"BreadcrumbList\",\"@id\":\"https:\/\/dev07.dev.templa.id\/de\/junkbag\/big-bag-koeln\/#breadcrumb\",\"itemListElement\":[{\"@type\":\"ListItem\",\"position\":1,\"name\":\"Hjem\",\"item\":\"https:\/\/dev07.dev.templa.id\/de\/\"},{\"@type\":\"ListItem\",\"position\":2,\"name\":\"Junkbag\",\"item\":\"https:\/\/dev07.dev.templa.id\/de\/junkbag\/\"},{\"@type\":\"ListItem\",\"position\":3,\"name\":\"Junkbag in K\u00f6ln\"}]},{\"@type\":\"WebSite\",\"@id\":\"https:\/\/dev07.dev.templa.id\/#website\",\"url\":\"https:\/\/dev07.dev.templa.id\/\",\"name\":\"Junkbusters\",\"description\":\"Junk made easy\",\"publisher\":{\"@id\":\"https:\/\/dev07.dev.templa.id\/#organization\"},\"potentialAction\":[{\"@type\":\"SearchAction\",\"target\":{\"@type\":\"EntryPoint\",\"urlTemplate\":\"https:\/\/dev07.dev.templa.id\/?s={search_term_string}\"},\"query-input\":{\"@type\":\"PropertyValueSpecification\",\"valueRequired\":true,\"valueName\":\"search_term_string\"}}],\"inLanguage\":\"de-DE\"},{\"@type\":\"Organization\",\"@id\":\"https:\/\/dev07.dev.templa.id\/#organization\",\"name\":\"Junkbusters\",\"url\":\"https:\/\/dev07.dev.templa.id\/\",\"logo\":{\"@type\":\"ImageObject\",\"inLanguage\":\"de-DE\",\"@id\":\"https:\/\/dev07.dev.templa.id\/#\/schema\/logo\/image\/\",\"url\":\"https:\/\/dev07.dev.templa.id\/wp-content\/uploads\/2021\/03\/nylogo.svg\",\"contentUrl\":\"https:\/\/dev07.dev.templa.id\/wp-content\/uploads\/2021\/03\/nylogo.svg\",\"width\":173,\"height\":51,\"caption\":\"Junkbusters\"},\"image\":{\"@id\":\"https:\/\/dev07.dev.templa.id\/#\/schema\/logo\/image\/\"}}]}<\/script>\n<!-- \/ Yoast SEO plugin. -->","yoast_head_json":{"title":"Abf\u00e4lle & Bauschutt flexibel in Big Bags in K\u00f6ln entsorgen","description":"Richtig Geld sparen und direkt vor Ort Abf\u00e4lle sortieren? Geht mit unseren Junkbags. Jetzt online mit nur wenigen Klicks bestellen!","robots":{"index":"noindex","follow":"follow","max-snippet":"max-snippet:-1","max-image-preview":"max-image-preview:large","max-video-preview":"max-video-preview:-1"},"og_locale":"de_DE","og_type":"article","og_title":"Abf\u00e4lle & Bauschutt flexibel in Big Bags in K\u00f6ln entsorgen","og_description":"Richtig Geld sparen und direkt vor Ort Abf\u00e4lle sortieren? Geht mit unseren Junkbags. Jetzt online mit nur wenigen Klicks bestellen!","og_url":"https:\/\/dev07.dev.templa.id\/de\/junkbag\/big-bag-koeln\/","og_site_name":"Junkbusters","article_modified_time":"2021-09-08T20:43:38+00:00","twitter_card":"summary_large_image","schema":{"@context":"https:\/\/schema.org","@graph":[{"@type":"WebPage","@id":"https:\/\/dev07.dev.templa.id\/de\/junkbag\/big-bag-koeln\/","url":"https:\/\/dev07.dev.templa.id\/de\/junkbag\/big-bag-koeln\/","name":"Abf\u00e4lle & Bauschutt flexibel in Big Bags in K\u00f6ln entsorgen","isPartOf":{"@id":"https:\/\/dev07.dev.templa.id\/#website"},"datePublished":"2020-01-28T13:31:54+00:00","dateModified":"2021-09-08T20:43:38+00:00","description":"Richtig Geld sparen und direkt vor Ort Abf\u00e4lle sortieren? Geht mit unseren Junkbags. Jetzt online mit nur wenigen Klicks bestellen!","breadcrumb":{"@id":"https:\/\/dev07.dev.templa.id\/de\/junkbag\/big-bag-koeln\/#breadcrumb"},"inLanguage":"de-DE","potentialAction":[{"@type":"ReadAction","target":["https:\/\/dev07.dev.templa.id\/de\/junkbag\/big-bag-koeln\/"]}]},{"@type":"BreadcrumbList","@id":"https:\/\/dev07.dev.templa.id\/de\/junkbag\/big-bag-koeln\/#breadcrumb","itemListElement":[{"@type":"ListItem","position":1,"name":"Hjem","item":"https:\/\/dev07.dev.templa.id\/de\/"},{"@type":"ListItem","position":2,"name":"Junkbag","item":"https:\/\/dev07.dev.templa.id\/de\/junkbag\/"},{"@type":"ListItem","position":3,"name":"Junkbag in K\u00f6ln"}]},{"@type":"WebSite","@id":"https:\/\/dev07.dev.templa.id\/#website","url":"https:\/\/dev07.dev.templa.id\/","name":"Junkbusters","description":"Junk made easy","publisher":{"@id":"https:\/\/dev07.dev.templa.id\/#organization"},"potentialAction":[{"@type":"SearchAction","target":{"@type":"EntryPoint","urlTemplate":"https:\/\/dev07.dev.templa.id\/?s={search_term_string}"},"query-input":{"@type":"PropertyValueSpecification","valueRequired":true,"valueName":"search_term_string"}}],"inLanguage":"de-DE"},{"@type":"Organization","@id":"https:\/\/dev07.dev.templa.id\/#organization","name":"Junkbusters","url":"https:\/\/dev07.dev.templa.id\/","logo":{"@type":"ImageObject","inLanguage":"de-DE","@id":"https:\/\/dev07.dev.templa.id\/#\/schema\/logo\/image\/","url":"https:\/\/dev07.dev.templa.id\/wp-content\/uploads\/2021\/03\/nylogo.svg","contentUrl":"https:\/\/dev07.dev.templa.id\/wp-content\/uploads\/2021\/03\/nylogo.svg","width":173,"height":51,"caption":"Junkbusters"},"image":{"@id":"https:\/\/dev07.dev.templa.id\/#\/schema\/logo\/image\/"}}]}},"_links":{"self":[{"href":"https:\/\/dev07.dev.templa.id\/de\/wp-json\/wp\/v2\/pages\/5601","targetHints":{"allow":["GET"]}}],"collection":[{"href":"https:\/\/dev07.dev.templa.id\/de\/wp-json\/wp\/v2\/pages"}],"about":[{"href":"https:\/\/dev07.dev.templa.id\/de\/wp-json\/wp\/v2\/types\/page"}],"author":[{"embeddable":true,"href":"https:\/\/dev07.dev.templa.id\/de\/wp-json\/wp\/v2\/users\/4"}],"replies":[{"embeddable":true,"href":"https:\/\/dev07.dev.templa.id\/de\/wp-json\/wp\/v2\/comments?post=5601"}],"version-history":[{"count":9,"href":"https:\/\/dev07.dev.templa.id\/de\/wp-json\/wp\/v2\/pages\/5601\/revisions"}],"predecessor-version":[{"id":8560,"href":"https:\/\/dev07.dev.templa.id\/de\/wp-json\/wp\/v2\/pages\/5601\/revisions\/8560"}],"up":[{"embeddable":true,"href":"https:\/\/dev07.dev.templa.id\/de\/wp-json\/wp\/v2\/pages\/4236"}],"wp:attachment":[{"href":"https:\/\/dev07.dev.templa.id\/de\/wp-json\/wp\/v2\/media?parent=5601"}],"curies":[{"name":"wp","href":"https:\/\/api.w.org\/{rel}","templated":true}]}}