{"id":4293,"date":"2019-10-28T10:07:20","date_gmt":"2019-10-28T10:07:20","guid":{"rendered":"https:\/\/wp144.wp.dev.n0ll.dk\/?page_id=4293"},"modified":"2021-09-08T21:42:19","modified_gmt":"2021-09-08T21:42:19","slug":"berlin","status":"publish","type":"page","link":"https:\/\/dev07.dev.templa.id\/de\/wo-sind-wir\/berlin\/","title":{"rendered":"Berlin"},"content":{"rendered":"","protected":false},"excerpt":{"rendered":"","protected":false},"author":28,"featured_media":0,"parent":4232,"menu_order":0,"comment_status":"closed","ping_status":"closed","template":"","meta":{"footnotes":""},"class_list":["post-4293","page","type-page","status-publish","hentry"],"yoast_head":"<!-- This site is optimized with the Yoast SEO plugin v25.2 - https:\/\/yoast.com\/wordpress\/plugins\/seo\/ -->\n<title>Container und Big Bags f\u00fcr Bauschutt und Abf\u00e4lle in Berlin<\/title>\n<meta name=\"description\" content=\"Einfache, moderne Abfalll\u00f6sungen: Ob Big Bag, Sperrm\u00fcll-Taxi oder Container \u2013 wir bieten dir eine schnelle Abholung &amp; Entsorgung in Hamburg.\" \/>\n<meta name=\"robots\" content=\"noindex, follow, max-snippet:-1, max-image-preview:large, max-video-preview:-1\" \/>\n<meta property=\"og:locale\" content=\"de_DE\" \/>\n<meta property=\"og:type\" content=\"article\" \/>\n<meta property=\"og:title\" content=\"Container und Big Bags f\u00fcr Bauschutt und Abf\u00e4lle in Berlin\" \/>\n<meta property=\"og:description\" content=\"Einfache, moderne Abfalll\u00f6sungen: Ob Big Bag, Sperrm\u00fcll-Taxi oder Container \u2013 wir bieten dir eine schnelle Abholung &amp; Entsorgung in Hamburg.\" \/>\n<meta property=\"og:url\" content=\"https:\/\/dev07.dev.templa.id\/de\/wo-sind-wir\/berlin\/\" \/>\n<meta property=\"og:site_name\" content=\"Junkbusters\" \/>\n<meta property=\"article:modified_time\" content=\"2021-09-08T21:42:19+00:00\" \/>\n<meta name=\"twitter:card\" content=\"summary_large_image\" \/>\n<script type=\"application\/ld+json\" class=\"yoast-schema-graph\">{\"@context\":\"https:\/\/schema.org\",\"@graph\":[{\"@type\":\"WebPage\",\"@id\":\"https:\/\/dev07.dev.templa.id\/de\/wo-sind-wir\/berlin\/\",\"url\":\"https:\/\/dev07.dev.templa.id\/de\/wo-sind-wir\/berlin\/\",\"name\":\"Container und Big Bags f\u00fcr Bauschutt und Abf\u00e4lle in Berlin\",\"isPartOf\":{\"@id\":\"https:\/\/dev07.dev.templa.id\/#website\"},\"datePublished\":\"2019-10-28T10:07:20+00:00\",\"dateModified\":\"2021-09-08T21:42:19+00:00\",\"description\":\"Einfache, moderne Abfalll\u00f6sungen: Ob Big Bag, Sperrm\u00fcll-Taxi oder Container \u2013 wir bieten dir eine schnelle Abholung & Entsorgung in Hamburg.\",\"breadcrumb\":{\"@id\":\"https:\/\/dev07.dev.templa.id\/de\/wo-sind-wir\/berlin\/#breadcrumb\"},\"inLanguage\":\"de-DE\",\"potentialAction\":[{\"@type\":\"ReadAction\",\"target\":[\"https:\/\/dev07.dev.templa.id\/de\/wo-sind-wir\/berlin\/\"]}]},{\"@type\":\"BreadcrumbList\",\"@id\":\"https:\/\/dev07.dev.templa.id\/de\/wo-sind-wir\/berlin\/#breadcrumb\",\"itemListElement\":[{\"@type\":\"ListItem\",\"position\":1,\"name\":\"Hjem\",\"item\":\"https:\/\/dev07.dev.templa.id\/de\/\"},{\"@type\":\"ListItem\",\"position\":2,\"name\":\"Wo sind wir?\",\"item\":\"https:\/\/dev07.dev.templa.id\/de\/wo-sind-wir\/\"},{\"@type\":\"ListItem\",\"position\":3,\"name\":\"Berlin\"}]},{\"@type\":\"WebSite\",\"@id\":\"https:\/\/dev07.dev.templa.id\/#website\",\"url\":\"https:\/\/dev07.dev.templa.id\/\",\"name\":\"Junkbusters\",\"description\":\"Junk made easy\",\"publisher\":{\"@id\":\"https:\/\/dev07.dev.templa.id\/#organization\"},\"potentialAction\":[{\"@type\":\"SearchAction\",\"target\":{\"@type\":\"EntryPoint\",\"urlTemplate\":\"https:\/\/dev07.dev.templa.id\/?s={search_term_string}\"},\"query-input\":{\"@type\":\"PropertyValueSpecification\",\"valueRequired\":true,\"valueName\":\"search_term_string\"}}],\"inLanguage\":\"de-DE\"},{\"@type\":\"Organization\",\"@id\":\"https:\/\/dev07.dev.templa.id\/#organization\",\"name\":\"Junkbusters\",\"url\":\"https:\/\/dev07.dev.templa.id\/\",\"logo\":{\"@type\":\"ImageObject\",\"inLanguage\":\"de-DE\",\"@id\":\"https:\/\/dev07.dev.templa.id\/#\/schema\/logo\/image\/\",\"url\":\"https:\/\/dev07.dev.templa.id\/wp-content\/uploads\/2021\/03\/nylogo.svg\",\"contentUrl\":\"https:\/\/dev07.dev.templa.id\/wp-content\/uploads\/2021\/03\/nylogo.svg\",\"width\":173,\"height\":51,\"caption\":\"Junkbusters\"},\"image\":{\"@id\":\"https:\/\/dev07.dev.templa.id\/#\/schema\/logo\/image\/\"}}]}<\/script>\n<!-- \/ Yoast SEO plugin. -->","yoast_head_json":{"title":"Container und Big Bags f\u00fcr Bauschutt und Abf\u00e4lle in Berlin","description":"Einfache, moderne Abfalll\u00f6sungen: Ob Big Bag, Sperrm\u00fcll-Taxi oder Container \u2013 wir bieten dir eine schnelle Abholung & Entsorgung in Hamburg.","robots":{"index":"noindex","follow":"follow","max-snippet":"max-snippet:-1","max-image-preview":"max-image-preview:large","max-video-preview":"max-video-preview:-1"},"og_locale":"de_DE","og_type":"article","og_title":"Container und Big Bags f\u00fcr Bauschutt und Abf\u00e4lle in Berlin","og_description":"Einfache, moderne Abfalll\u00f6sungen: Ob Big Bag, Sperrm\u00fcll-Taxi oder Container \u2013 wir bieten dir eine schnelle Abholung & Entsorgung in Hamburg.","og_url":"https:\/\/dev07.dev.templa.id\/de\/wo-sind-wir\/berlin\/","og_site_name":"Junkbusters","article_modified_time":"2021-09-08T21:42:19+00:00","twitter_card":"summary_large_image","schema":{"@context":"https:\/\/schema.org","@graph":[{"@type":"WebPage","@id":"https:\/\/dev07.dev.templa.id\/de\/wo-sind-wir\/berlin\/","url":"https:\/\/dev07.dev.templa.id\/de\/wo-sind-wir\/berlin\/","name":"Container und Big Bags f\u00fcr Bauschutt und Abf\u00e4lle in Berlin","isPartOf":{"@id":"https:\/\/dev07.dev.templa.id\/#website"},"datePublished":"2019-10-28T10:07:20+00:00","dateModified":"2021-09-08T21:42:19+00:00","description":"Einfache, moderne Abfalll\u00f6sungen: Ob Big Bag, Sperrm\u00fcll-Taxi oder Container \u2013 wir bieten dir eine schnelle Abholung & Entsorgung in Hamburg.","breadcrumb":{"@id":"https:\/\/dev07.dev.templa.id\/de\/wo-sind-wir\/berlin\/#breadcrumb"},"inLanguage":"de-DE","potentialAction":[{"@type":"ReadAction","target":["https:\/\/dev07.dev.templa.id\/de\/wo-sind-wir\/berlin\/"]}]},{"@type":"BreadcrumbList","@id":"https:\/\/dev07.dev.templa.id\/de\/wo-sind-wir\/berlin\/#breadcrumb","itemListElement":[{"@type":"ListItem","position":1,"name":"Hjem","item":"https:\/\/dev07.dev.templa.id\/de\/"},{"@type":"ListItem","position":2,"name":"Wo sind wir?","item":"https:\/\/dev07.dev.templa.id\/de\/wo-sind-wir\/"},{"@type":"ListItem","position":3,"name":"Berlin"}]},{"@type":"WebSite","@id":"https:\/\/dev07.dev.templa.id\/#website","url":"https:\/\/dev07.dev.templa.id\/","name":"Junkbusters","description":"Junk made easy","publisher":{"@id":"https:\/\/dev07.dev.templa.id\/#organization"},"potentialAction":[{"@type":"SearchAction","target":{"@type":"EntryPoint","urlTemplate":"https:\/\/dev07.dev.templa.id\/?s={search_term_string}"},"query-input":{"@type":"PropertyValueSpecification","valueRequired":true,"valueName":"search_term_string"}}],"inLanguage":"de-DE"},{"@type":"Organization","@id":"https:\/\/dev07.dev.templa.id\/#organization","name":"Junkbusters","url":"https:\/\/dev07.dev.templa.id\/","logo":{"@type":"ImageObject","inLanguage":"de-DE","@id":"https:\/\/dev07.dev.templa.id\/#\/schema\/logo\/image\/","url":"https:\/\/dev07.dev.templa.id\/wp-content\/uploads\/2021\/03\/nylogo.svg","contentUrl":"https:\/\/dev07.dev.templa.id\/wp-content\/uploads\/2021\/03\/nylogo.svg","width":173,"height":51,"caption":"Junkbusters"},"image":{"@id":"https:\/\/dev07.dev.templa.id\/#\/schema\/logo\/image\/"}}]}},"_links":{"self":[{"href":"https:\/\/dev07.dev.templa.id\/de\/wp-json\/wp\/v2\/pages\/4293","targetHints":{"allow":["GET"]}}],"collection":[{"href":"https:\/\/dev07.dev.templa.id\/de\/wp-json\/wp\/v2\/pages"}],"about":[{"href":"https:\/\/dev07.dev.templa.id\/de\/wp-json\/wp\/v2\/types\/page"}],"author":[{"embeddable":true,"href":"https:\/\/dev07.dev.templa.id\/de\/wp-json\/wp\/v2\/users\/28"}],"replies":[{"embeddable":true,"href":"https:\/\/dev07.dev.templa.id\/de\/wp-json\/wp\/v2\/comments?post=4293"}],"version-history":[{"count":34,"href":"https:\/\/dev07.dev.templa.id\/de\/wp-json\/wp\/v2\/pages\/4293\/revisions"}],"predecessor-version":[{"id":8797,"href":"https:\/\/dev07.dev.templa.id\/de\/wp-json\/wp\/v2\/pages\/4293\/revisions\/8797"}],"up":[{"embeddable":true,"href":"https:\/\/dev07.dev.templa.id\/de\/wp-json\/wp\/v2\/pages\/4232"}],"wp:attachment":[{"href":"https:\/\/dev07.dev.templa.id\/de\/wp-json\/wp\/v2\/media?parent=4293"}],"curies":[{"name":"wp","href":"https:\/\/api.w.org\/{rel}","templated":true}]}}