{"id":4243,"date":"2019-07-08T10:01:23","date_gmt":"2019-07-08T10:01:23","guid":{"rendered":"https:\/\/wp144.wp.dev.n0ll.dk\/affaldstyper\/"},"modified":"2021-09-08T19:48:44","modified_gmt":"2021-09-08T19:48:44","slug":"abfall","status":"publish","type":"page","link":"https:\/\/dev07.dev.templa.id\/de\/abfall\/","title":{"rendered":"Abfallarten (Abfall-ABC)"},"content":{"rendered":"","protected":false},"excerpt":{"rendered":"","protected":false},"author":28,"featured_media":0,"parent":0,"menu_order":0,"comment_status":"closed","ping_status":"closed","template":"","meta":{"footnotes":""},"class_list":["post-4243","page","type-page","status-publish","hentry"],"yoast_head":"<!-- This site is optimized with the Yoast SEO plugin v25.2 - https:\/\/yoast.com\/wordpress\/plugins\/seo\/ -->\n<title>Alle Abfallarten, die wir f\u00fcr dich abholen und entsorgen<\/title>\n<meta name=\"description\" content=\"Egal ob Gartenabf\u00e4lle, Sperrm\u00fcll, Baustellenabf\u00e4lle oder Sonstiges \u2013 wir haben die richtige Entsorgungsl\u00f6sung f\u00fcr deine Abf\u00e4lle.\" \/>\n<meta name=\"robots\" content=\"noindex, follow, max-snippet:-1, max-image-preview:large, max-video-preview:-1\" \/>\n<meta property=\"og:locale\" content=\"de_DE\" \/>\n<meta property=\"og:type\" content=\"article\" \/>\n<meta property=\"og:title\" content=\"Alle Abfallarten, die wir f\u00fcr dich abholen und entsorgen\" \/>\n<meta property=\"og:description\" content=\"Egal ob Gartenabf\u00e4lle, Sperrm\u00fcll, Baustellenabf\u00e4lle oder Sonstiges \u2013 wir haben die richtige Entsorgungsl\u00f6sung f\u00fcr deine Abf\u00e4lle.\" \/>\n<meta property=\"og:url\" content=\"https:\/\/dev07.dev.templa.id\/de\/abfall\/\" \/>\n<meta property=\"og:site_name\" content=\"Junkbusters\" \/>\n<meta property=\"article:modified_time\" content=\"2021-09-08T19:48:44+00:00\" \/>\n<meta name=\"twitter:card\" content=\"summary_large_image\" \/>\n<script type=\"application\/ld+json\" class=\"yoast-schema-graph\">{\"@context\":\"https:\/\/schema.org\",\"@graph\":[{\"@type\":\"WebPage\",\"@id\":\"https:\/\/dev07.dev.templa.id\/de\/abfall\/\",\"url\":\"https:\/\/dev07.dev.templa.id\/de\/abfall\/\",\"name\":\"Alle Abfallarten, die wir f\u00fcr dich abholen und entsorgen\",\"isPartOf\":{\"@id\":\"https:\/\/dev07.dev.templa.id\/#website\"},\"datePublished\":\"2019-07-08T10:01:23+00:00\",\"dateModified\":\"2021-09-08T19:48:44+00:00\",\"description\":\"Egal ob Gartenabf\u00e4lle, Sperrm\u00fcll, Baustellenabf\u00e4lle oder Sonstiges \u2013 wir haben die richtige Entsorgungsl\u00f6sung f\u00fcr deine Abf\u00e4lle.\",\"breadcrumb\":{\"@id\":\"https:\/\/dev07.dev.templa.id\/de\/abfall\/#breadcrumb\"},\"inLanguage\":\"de-DE\",\"potentialAction\":[{\"@type\":\"ReadAction\",\"target\":[\"https:\/\/dev07.dev.templa.id\/de\/abfall\/\"]}]},{\"@type\":\"BreadcrumbList\",\"@id\":\"https:\/\/dev07.dev.templa.id\/de\/abfall\/#breadcrumb\",\"itemListElement\":[{\"@type\":\"ListItem\",\"position\":1,\"name\":\"Hjem\",\"item\":\"https:\/\/dev07.dev.templa.id\/de\/\"},{\"@type\":\"ListItem\",\"position\":2,\"name\":\"Abfallarten (Abfall-ABC)\"}]},{\"@type\":\"WebSite\",\"@id\":\"https:\/\/dev07.dev.templa.id\/#website\",\"url\":\"https:\/\/dev07.dev.templa.id\/\",\"name\":\"Junkbusters\",\"description\":\"Junk made easy\",\"publisher\":{\"@id\":\"https:\/\/dev07.dev.templa.id\/#organization\"},\"potentialAction\":[{\"@type\":\"SearchAction\",\"target\":{\"@type\":\"EntryPoint\",\"urlTemplate\":\"https:\/\/dev07.dev.templa.id\/?s={search_term_string}\"},\"query-input\":{\"@type\":\"PropertyValueSpecification\",\"valueRequired\":true,\"valueName\":\"search_term_string\"}}],\"inLanguage\":\"de-DE\"},{\"@type\":\"Organization\",\"@id\":\"https:\/\/dev07.dev.templa.id\/#organization\",\"name\":\"Junkbusters\",\"url\":\"https:\/\/dev07.dev.templa.id\/\",\"logo\":{\"@type\":\"ImageObject\",\"inLanguage\":\"de-DE\",\"@id\":\"https:\/\/dev07.dev.templa.id\/#\/schema\/logo\/image\/\",\"url\":\"https:\/\/dev07.dev.templa.id\/wp-content\/uploads\/2021\/03\/nylogo.svg\",\"contentUrl\":\"https:\/\/dev07.dev.templa.id\/wp-content\/uploads\/2021\/03\/nylogo.svg\",\"width\":173,\"height\":51,\"caption\":\"Junkbusters\"},\"image\":{\"@id\":\"https:\/\/dev07.dev.templa.id\/#\/schema\/logo\/image\/\"}}]}<\/script>\n<!-- \/ Yoast SEO plugin. -->","yoast_head_json":{"title":"Alle Abfallarten, die wir f\u00fcr dich abholen und entsorgen","description":"Egal ob Gartenabf\u00e4lle, Sperrm\u00fcll, Baustellenabf\u00e4lle oder Sonstiges \u2013 wir haben die richtige Entsorgungsl\u00f6sung f\u00fcr deine Abf\u00e4lle.","robots":{"index":"noindex","follow":"follow","max-snippet":"max-snippet:-1","max-image-preview":"max-image-preview:large","max-video-preview":"max-video-preview:-1"},"og_locale":"de_DE","og_type":"article","og_title":"Alle Abfallarten, die wir f\u00fcr dich abholen und entsorgen","og_description":"Egal ob Gartenabf\u00e4lle, Sperrm\u00fcll, Baustellenabf\u00e4lle oder Sonstiges \u2013 wir haben die richtige Entsorgungsl\u00f6sung f\u00fcr deine Abf\u00e4lle.","og_url":"https:\/\/dev07.dev.templa.id\/de\/abfall\/","og_site_name":"Junkbusters","article_modified_time":"2021-09-08T19:48:44+00:00","twitter_card":"summary_large_image","schema":{"@context":"https:\/\/schema.org","@graph":[{"@type":"WebPage","@id":"https:\/\/dev07.dev.templa.id\/de\/abfall\/","url":"https:\/\/dev07.dev.templa.id\/de\/abfall\/","name":"Alle Abfallarten, die wir f\u00fcr dich abholen und entsorgen","isPartOf":{"@id":"https:\/\/dev07.dev.templa.id\/#website"},"datePublished":"2019-07-08T10:01:23+00:00","dateModified":"2021-09-08T19:48:44+00:00","description":"Egal ob Gartenabf\u00e4lle, Sperrm\u00fcll, Baustellenabf\u00e4lle oder Sonstiges \u2013 wir haben die richtige Entsorgungsl\u00f6sung f\u00fcr deine Abf\u00e4lle.","breadcrumb":{"@id":"https:\/\/dev07.dev.templa.id\/de\/abfall\/#breadcrumb"},"inLanguage":"de-DE","potentialAction":[{"@type":"ReadAction","target":["https:\/\/dev07.dev.templa.id\/de\/abfall\/"]}]},{"@type":"BreadcrumbList","@id":"https:\/\/dev07.dev.templa.id\/de\/abfall\/#breadcrumb","itemListElement":[{"@type":"ListItem","position":1,"name":"Hjem","item":"https:\/\/dev07.dev.templa.id\/de\/"},{"@type":"ListItem","position":2,"name":"Abfallarten (Abfall-ABC)"}]},{"@type":"WebSite","@id":"https:\/\/dev07.dev.templa.id\/#website","url":"https:\/\/dev07.dev.templa.id\/","name":"Junkbusters","description":"Junk made easy","publisher":{"@id":"https:\/\/dev07.dev.templa.id\/#organization"},"potentialAction":[{"@type":"SearchAction","target":{"@type":"EntryPoint","urlTemplate":"https:\/\/dev07.dev.templa.id\/?s={search_term_string}"},"query-input":{"@type":"PropertyValueSpecification","valueRequired":true,"valueName":"search_term_string"}}],"inLanguage":"de-DE"},{"@type":"Organization","@id":"https:\/\/dev07.dev.templa.id\/#organization","name":"Junkbusters","url":"https:\/\/dev07.dev.templa.id\/","logo":{"@type":"ImageObject","inLanguage":"de-DE","@id":"https:\/\/dev07.dev.templa.id\/#\/schema\/logo\/image\/","url":"https:\/\/dev07.dev.templa.id\/wp-content\/uploads\/2021\/03\/nylogo.svg","contentUrl":"https:\/\/dev07.dev.templa.id\/wp-content\/uploads\/2021\/03\/nylogo.svg","width":173,"height":51,"caption":"Junkbusters"},"image":{"@id":"https:\/\/dev07.dev.templa.id\/#\/schema\/logo\/image\/"}}]}},"_links":{"self":[{"href":"https:\/\/dev07.dev.templa.id\/de\/wp-json\/wp\/v2\/pages\/4243","targetHints":{"allow":["GET"]}}],"collection":[{"href":"https:\/\/dev07.dev.templa.id\/de\/wp-json\/wp\/v2\/pages"}],"about":[{"href":"https:\/\/dev07.dev.templa.id\/de\/wp-json\/wp\/v2\/types\/page"}],"author":[{"embeddable":true,"href":"https:\/\/dev07.dev.templa.id\/de\/wp-json\/wp\/v2\/users\/28"}],"replies":[{"embeddable":true,"href":"https:\/\/dev07.dev.templa.id\/de\/wp-json\/wp\/v2\/comments?post=4243"}],"version-history":[{"count":32,"href":"https:\/\/dev07.dev.templa.id\/de\/wp-json\/wp\/v2\/pages\/4243\/revisions"}],"predecessor-version":[{"id":8843,"href":"https:\/\/dev07.dev.templa.id\/de\/wp-json\/wp\/v2\/pages\/4243\/revisions\/8843"}],"wp:attachment":[{"href":"https:\/\/dev07.dev.templa.id\/de\/wp-json\/wp\/v2\/media?parent=4243"}],"curies":[{"name":"wp","href":"https:\/\/api.w.org\/{rel}","templated":true}]}}