{"id":4237,"date":"2019-05-22T09:26:15","date_gmt":"2019-05-22T09:26:15","guid":{"rendered":"https:\/\/wp144.wp.dev.n0ll.dk\/storskrald\/"},"modified":"2021-09-16T07:18:47","modified_gmt":"2021-09-16T07:18:47","slug":"sperrmuell","status":"publish","type":"page","link":"https:\/\/dev07.dev.templa.id\/de\/sperrmuell\/","title":{"rendered":"Sperrm\u00fcll-Taxi"},"content":{"rendered":"","protected":false},"excerpt":{"rendered":"","protected":false},"author":28,"featured_media":0,"parent":0,"menu_order":0,"comment_status":"closed","ping_status":"closed","template":"","meta":{"footnotes":""},"class_list":["post-4237","page","type-page","status-publish","hentry"],"yoast_head":"<!-- This site is optimized with the Yoast SEO plugin v25.2 - https:\/\/yoast.com\/wordpress\/plugins\/seo\/ -->\n<title>Sperrm\u00fcll-Abholung &amp; Sperrm\u00fcll-Entsorgung mit Junkbusters.de<\/title>\n<meta name=\"description\" content=\"Wir bieten flexible L\u00f6sungen f\u00fcr deine Sperrm\u00fcll-Abholung. Einfach entsorgen mit Junkbusters. Ein Anruf gen\u00fcgt: 0800 000 55 12.\" \/>\n<meta name=\"robots\" content=\"noindex, follow, max-snippet:-1, max-image-preview:large, max-video-preview:-1\" \/>\n<meta property=\"og:locale\" content=\"de_DE\" \/>\n<meta property=\"og:type\" content=\"article\" \/>\n<meta property=\"og:title\" content=\"Sperrm\u00fcll-Abholung &amp; Sperrm\u00fcll-Entsorgung mit Junkbusters.de\" \/>\n<meta property=\"og:description\" content=\"Wir bieten flexible L\u00f6sungen f\u00fcr deine Sperrm\u00fcll-Abholung. Einfach entsorgen mit Junkbusters. Ein Anruf gen\u00fcgt: 0800 000 55 12.\" \/>\n<meta property=\"og:url\" content=\"https:\/\/dev07.dev.templa.id\/de\/sperrmuell\/\" \/>\n<meta property=\"og:site_name\" content=\"Junkbusters\" \/>\n<meta property=\"article:modified_time\" content=\"2021-09-16T07:18:47+00:00\" \/>\n<meta name=\"twitter:card\" content=\"summary_large_image\" \/>\n<script type=\"application\/ld+json\" class=\"yoast-schema-graph\">{\"@context\":\"https:\/\/schema.org\",\"@graph\":[{\"@type\":\"WebPage\",\"@id\":\"https:\/\/dev07.dev.templa.id\/de\/sperrmuell\/\",\"url\":\"https:\/\/dev07.dev.templa.id\/de\/sperrmuell\/\",\"name\":\"Sperrm\u00fcll-Abholung & Sperrm\u00fcll-Entsorgung mit Junkbusters.de\",\"isPartOf\":{\"@id\":\"https:\/\/dev07.dev.templa.id\/#website\"},\"datePublished\":\"2019-05-22T09:26:15+00:00\",\"dateModified\":\"2021-09-16T07:18:47+00:00\",\"description\":\"Wir bieten flexible L\u00f6sungen f\u00fcr deine Sperrm\u00fcll-Abholung. Einfach entsorgen mit Junkbusters. Ein Anruf gen\u00fcgt: 0800 000 55 12.\",\"breadcrumb\":{\"@id\":\"https:\/\/dev07.dev.templa.id\/de\/sperrmuell\/#breadcrumb\"},\"inLanguage\":\"de-DE\",\"potentialAction\":[{\"@type\":\"ReadAction\",\"target\":[\"https:\/\/dev07.dev.templa.id\/de\/sperrmuell\/\"]}]},{\"@type\":\"BreadcrumbList\",\"@id\":\"https:\/\/dev07.dev.templa.id\/de\/sperrmuell\/#breadcrumb\",\"itemListElement\":[{\"@type\":\"ListItem\",\"position\":1,\"name\":\"Hjem\",\"item\":\"https:\/\/dev07.dev.templa.id\/de\/\"},{\"@type\":\"ListItem\",\"position\":2,\"name\":\"Sperrm\u00fcll-Taxi\"}]},{\"@type\":\"WebSite\",\"@id\":\"https:\/\/dev07.dev.templa.id\/#website\",\"url\":\"https:\/\/dev07.dev.templa.id\/\",\"name\":\"Junkbusters\",\"description\":\"Junk made easy\",\"publisher\":{\"@id\":\"https:\/\/dev07.dev.templa.id\/#organization\"},\"potentialAction\":[{\"@type\":\"SearchAction\",\"target\":{\"@type\":\"EntryPoint\",\"urlTemplate\":\"https:\/\/dev07.dev.templa.id\/?s={search_term_string}\"},\"query-input\":{\"@type\":\"PropertyValueSpecification\",\"valueRequired\":true,\"valueName\":\"search_term_string\"}}],\"inLanguage\":\"de-DE\"},{\"@type\":\"Organization\",\"@id\":\"https:\/\/dev07.dev.templa.id\/#organization\",\"name\":\"Junkbusters\",\"url\":\"https:\/\/dev07.dev.templa.id\/\",\"logo\":{\"@type\":\"ImageObject\",\"inLanguage\":\"de-DE\",\"@id\":\"https:\/\/dev07.dev.templa.id\/#\/schema\/logo\/image\/\",\"url\":\"https:\/\/dev07.dev.templa.id\/wp-content\/uploads\/2021\/03\/nylogo.svg\",\"contentUrl\":\"https:\/\/dev07.dev.templa.id\/wp-content\/uploads\/2021\/03\/nylogo.svg\",\"width\":173,\"height\":51,\"caption\":\"Junkbusters\"},\"image\":{\"@id\":\"https:\/\/dev07.dev.templa.id\/#\/schema\/logo\/image\/\"}}]}<\/script>\n<!-- \/ Yoast SEO plugin. -->","yoast_head_json":{"title":"Sperrm\u00fcll-Abholung & Sperrm\u00fcll-Entsorgung mit Junkbusters.de","description":"Wir bieten flexible L\u00f6sungen f\u00fcr deine Sperrm\u00fcll-Abholung. Einfach entsorgen mit Junkbusters. Ein Anruf gen\u00fcgt: 0800 000 55 12.","robots":{"index":"noindex","follow":"follow","max-snippet":"max-snippet:-1","max-image-preview":"max-image-preview:large","max-video-preview":"max-video-preview:-1"},"og_locale":"de_DE","og_type":"article","og_title":"Sperrm\u00fcll-Abholung & Sperrm\u00fcll-Entsorgung mit Junkbusters.de","og_description":"Wir bieten flexible L\u00f6sungen f\u00fcr deine Sperrm\u00fcll-Abholung. Einfach entsorgen mit Junkbusters. Ein Anruf gen\u00fcgt: 0800 000 55 12.","og_url":"https:\/\/dev07.dev.templa.id\/de\/sperrmuell\/","og_site_name":"Junkbusters","article_modified_time":"2021-09-16T07:18:47+00:00","twitter_card":"summary_large_image","schema":{"@context":"https:\/\/schema.org","@graph":[{"@type":"WebPage","@id":"https:\/\/dev07.dev.templa.id\/de\/sperrmuell\/","url":"https:\/\/dev07.dev.templa.id\/de\/sperrmuell\/","name":"Sperrm\u00fcll-Abholung & Sperrm\u00fcll-Entsorgung mit Junkbusters.de","isPartOf":{"@id":"https:\/\/dev07.dev.templa.id\/#website"},"datePublished":"2019-05-22T09:26:15+00:00","dateModified":"2021-09-16T07:18:47+00:00","description":"Wir bieten flexible L\u00f6sungen f\u00fcr deine Sperrm\u00fcll-Abholung. Einfach entsorgen mit Junkbusters. Ein Anruf gen\u00fcgt: 0800 000 55 12.","breadcrumb":{"@id":"https:\/\/dev07.dev.templa.id\/de\/sperrmuell\/#breadcrumb"},"inLanguage":"de-DE","potentialAction":[{"@type":"ReadAction","target":["https:\/\/dev07.dev.templa.id\/de\/sperrmuell\/"]}]},{"@type":"BreadcrumbList","@id":"https:\/\/dev07.dev.templa.id\/de\/sperrmuell\/#breadcrumb","itemListElement":[{"@type":"ListItem","position":1,"name":"Hjem","item":"https:\/\/dev07.dev.templa.id\/de\/"},{"@type":"ListItem","position":2,"name":"Sperrm\u00fcll-Taxi"}]},{"@type":"WebSite","@id":"https:\/\/dev07.dev.templa.id\/#website","url":"https:\/\/dev07.dev.templa.id\/","name":"Junkbusters","description":"Junk made easy","publisher":{"@id":"https:\/\/dev07.dev.templa.id\/#organization"},"potentialAction":[{"@type":"SearchAction","target":{"@type":"EntryPoint","urlTemplate":"https:\/\/dev07.dev.templa.id\/?s={search_term_string}"},"query-input":{"@type":"PropertyValueSpecification","valueRequired":true,"valueName":"search_term_string"}}],"inLanguage":"de-DE"},{"@type":"Organization","@id":"https:\/\/dev07.dev.templa.id\/#organization","name":"Junkbusters","url":"https:\/\/dev07.dev.templa.id\/","logo":{"@type":"ImageObject","inLanguage":"de-DE","@id":"https:\/\/dev07.dev.templa.id\/#\/schema\/logo\/image\/","url":"https:\/\/dev07.dev.templa.id\/wp-content\/uploads\/2021\/03\/nylogo.svg","contentUrl":"https:\/\/dev07.dev.templa.id\/wp-content\/uploads\/2021\/03\/nylogo.svg","width":173,"height":51,"caption":"Junkbusters"},"image":{"@id":"https:\/\/dev07.dev.templa.id\/#\/schema\/logo\/image\/"}}]}},"_links":{"self":[{"href":"https:\/\/dev07.dev.templa.id\/de\/wp-json\/wp\/v2\/pages\/4237","targetHints":{"allow":["GET"]}}],"collection":[{"href":"https:\/\/dev07.dev.templa.id\/de\/wp-json\/wp\/v2\/pages"}],"about":[{"href":"https:\/\/dev07.dev.templa.id\/de\/wp-json\/wp\/v2\/types\/page"}],"author":[{"embeddable":true,"href":"https:\/\/dev07.dev.templa.id\/de\/wp-json\/wp\/v2\/users\/28"}],"replies":[{"embeddable":true,"href":"https:\/\/dev07.dev.templa.id\/de\/wp-json\/wp\/v2\/comments?post=4237"}],"version-history":[{"count":78,"href":"https:\/\/dev07.dev.templa.id\/de\/wp-json\/wp\/v2\/pages\/4237\/revisions"}],"predecessor-version":[{"id":9730,"href":"https:\/\/dev07.dev.templa.id\/de\/wp-json\/wp\/v2\/pages\/4237\/revisions\/9730"}],"wp:attachment":[{"href":"https:\/\/dev07.dev.templa.id\/de\/wp-json\/wp\/v2\/media?parent=4237"}],"curies":[{"name":"wp","href":"https:\/\/api.w.org\/{rel}","templated":true}]}}